{"id":7881,"date":"2025-10-28T12:58:57","date_gmt":"2025-10-28T15:58:57","guid":{"rendered":"https:\/\/proservice.com.ar\/?post_type=product&#038;p=7881"},"modified":"2026-04-16T14:56:49","modified_gmt":"2026-04-16T17:56:49","slug":"pyro-s-rx","status":"publish","type":"product","link":"https:\/\/proservice.com.ar\/index.php\/product\/pyro-s-rx\/","title":{"rendered":"Hollyland Pyro S RX"},"content":{"rendered":"<h2 data-start=\"178\" data-end=\"241\">Hollyland Pyro S \u2013 Receptor de video inal\u00e1mbrico 4K HDMI\/SDI<\/h2>\n<p data-start=\"243\" data-end=\"273\"><strong data-start=\"243\" data-end=\"273\">Caracter\u00edsticas destacadas<\/strong><\/p>\n<ul data-start=\"275\" data-end=\"560\">\n<li data-start=\"275\" data-end=\"308\">\n<p data-start=\"277\" data-end=\"308\">Receptor profesional de video<\/p>\n<\/li>\n<li data-start=\"309\" data-end=\"394\">\n<p data-start=\"311\" data-end=\"394\">Recibe se\u00f1ales en <strong data-start=\"329\" data-end=\"348\">UHD 4K a 30 fps<\/strong> hasta 1300 pies (\u2248 396 m) en l\u00ednea de vista<\/p>\n<\/li>\n<li data-start=\"395\" data-end=\"468\">\n<p data-start=\"397\" data-end=\"468\">Salidas HDMI y SDI, funciona en doble banda de frecuencia 2,4 \/ 5 GHz<\/p>\n<\/li>\n<li data-start=\"469\" data-end=\"516\">\n<p data-start=\"471\" data-end=\"516\">Soporta UVC y RTMP para transmisi\u00f3n en vivo<\/p>\n<\/li>\n<li data-start=\"517\" data-end=\"560\">\n<p data-start=\"519\" data-end=\"560\">Latencia ultra baja: alrededor de 50 ms<\/p>\n<\/li>\n<\/ul>\n<hr data-start=\"562\" data-end=\"565\" \/>\n<h2 data-start=\"567\" data-end=\"581\">Descripci\u00f3n<\/h2>\n<p data-start=\"583\" data-end=\"980\">Agreg\u00e1 transmisi\u00f3n inal\u00e1mbrica de video 4K30 a tu producci\u00f3n con el <strong data-start=\"651\" data-end=\"661\">Pyro S<\/strong> de Hollyland. Este receptor ofrece salidas HDMI y SDI, manteniendo una latencia m\u00ednima de 50 ms y soporte para conexiones en l\u00ednea de vista de hasta 1300 pies (\u2248396 metros). En modo broadcast (emisi\u00f3n m\u00faltiple), con hasta cuatro receptores y dos dispositivos m\u00f3viles, su alcance efectivo alcanza los 650 pies (\u2248198 m).<\/p>\n<p data-start=\"982\" data-end=\"1322\">El Pyro S est\u00e1 equipado con un puerto USB-C que puede alimentar el equipo y tambi\u00e9n permite operaci\u00f3n plug-and-play como dispositivo UVC, ideal para streaming y videoconferencias. Gracias al esc\u00e1ner de frecuencia incorporado, el sistema selecciona autom\u00e1ticamente el canal \u00f3ptimo y cuenta con una pantalla LCD para ajustes de configuraci\u00f3n.<\/p>\n<p data-start=\"1324\" data-end=\"1444\">Pod\u00e9s alimentar el equipo mediante un adaptador DC opcional o bater\u00edas de tipo L usando una placa adaptadora compatible.<\/p>\n<hr data-start=\"1446\" data-end=\"1449\" \/>\n<h2 data-start=\"1451\" data-end=\"1474\">Ventajas principales<\/h2>\n<ul data-start=\"1476\" data-end=\"2165\">\n<li data-start=\"1476\" data-end=\"1608\">\n<p data-start=\"1478\" data-end=\"1608\"><strong data-start=\"1478\" data-end=\"1512\">Alcance extendido con calidad:<\/strong> hasta 1300 pies con baja latencia; en modo broadcast hasta 650 pies con m\u00faltiples receptores.<\/p>\n<\/li>\n<li data-start=\"1609\" data-end=\"1742\">\n<p data-start=\"1611\" data-end=\"1742\"><strong data-start=\"1611\" data-end=\"1646\">Transmisi\u00f3n sin complicaciones:<\/strong> compatibilidad UVC para conexi\u00f3n directa a computadoras sin necesidad de drivers adicionales.<\/p>\n<\/li>\n<li data-start=\"1743\" data-end=\"1864\">\n<p data-start=\"1745\" data-end=\"1864\"><strong data-start=\"1745\" data-end=\"1779\">Transmisi\u00f3n en vivo integrada:<\/strong> mediante RTMP, permite emitir a plataformas como YouTube, Twitch o redes sociales.<\/p>\n<\/li>\n<li data-start=\"1865\" data-end=\"2024\">\n<p data-start=\"1867\" data-end=\"2024\"><strong data-start=\"1867\" data-end=\"1902\">Selecci\u00f3n inteligente de canal:<\/strong> el sistema elige autom\u00e1ticamente la mejor frecuencia al inicio y permite monitorear el estado del canal en tiempo real.<\/p>\n<\/li>\n<li data-start=\"2025\" data-end=\"2165\">\n<p data-start=\"2027\" data-end=\"2165\"><strong data-start=\"2027\" data-end=\"2055\">Modo broadcast flexible:<\/strong> un transmisor puede conectar hasta 4 receptores simult\u00e1neos, ideal para producciones con m\u00faltiples c\u00e1maras.<\/p>\n<\/li>\n<\/ul>\n<hr data-start=\"2167\" data-end=\"2170\" \/>\n<h2 data-start=\"2172\" data-end=\"2200\">Especificaciones t\u00e9cnicas<\/h2>\n<div class=\"_tableContainer_1rjym_1\">\n<div class=\"group _tableWrapper_1rjym_13 flex w-fit flex-col-reverse\" tabindex=\"-1\">\n<table class=\"w-fit min-w-(--thread-content-width)\" data-start=\"2202\" data-end=\"2806\">\n<thead data-start=\"2202\" data-end=\"2230\">\n<tr data-start=\"2202\" data-end=\"2230\">\n<th data-start=\"2202\" data-end=\"2219\" data-col-size=\"sm\">Caracter\u00edstica<\/th>\n<th data-start=\"2219\" data-end=\"2230\" data-col-size=\"sm\">Detalle<\/th>\n<\/tr>\n<\/thead>\n<tbody data-start=\"2260\" data-end=\"2806\">\n<tr data-start=\"2260\" data-end=\"2312\">\n<td data-start=\"2260\" data-end=\"2279\" data-col-size=\"sm\">Salidas de video<\/td>\n<td data-col-size=\"sm\" data-start=\"2279\" data-end=\"2312\">1 \u00d7 HDMI 1.4b, 1 \u00d7 BNC 3G-SDI<\/td>\n<\/tr>\n<tr data-start=\"2313\" data-end=\"2378\">\n<td data-start=\"2313\" data-end=\"2342\" data-col-size=\"sm\">Formatos soportados (HDMI)<\/td>\n<td data-col-size=\"sm\" data-start=\"2342\" data-end=\"2378\">UHD 4K: 30\/29.97\/25\/24\/23.98 fps<\/td>\n<\/tr>\n<tr data-start=\"2379\" data-end=\"2429\">\n<td data-start=\"2379\" data-end=\"2407\" data-col-size=\"sm\">Formatos soportados (SDI)<\/td>\n<td data-col-size=\"sm\" data-start=\"2407\" data-end=\"2429\">1080p hasta 60 fps<\/td>\n<\/tr>\n<tr data-start=\"2430\" data-end=\"2452\">\n<td data-start=\"2430\" data-end=\"2441\" data-col-size=\"sm\">Latencia<\/td>\n<td data-col-size=\"sm\" data-start=\"2441\" data-end=\"2452\">\u2248 50 ms<\/td>\n<\/tr>\n<tr data-start=\"2453\" data-end=\"2509\">\n<td data-start=\"2453\" data-end=\"2480\" data-col-size=\"sm\">Alcance (l\u00ednea de vista)<\/td>\n<td data-col-size=\"sm\" data-start=\"2480\" data-end=\"2509\">Hasta 1300 pies \/ 396,2 m<\/td>\n<\/tr>\n<tr data-start=\"2510\" data-end=\"2553\">\n<td data-start=\"2510\" data-end=\"2527\" data-col-size=\"sm\">Modo broadcast<\/td>\n<td data-col-size=\"sm\" data-start=\"2527\" data-end=\"2553\">Hasta 650 pies \/ 198 m<\/td>\n<\/tr>\n<tr data-start=\"2554\" data-end=\"2611\">\n<td data-start=\"2554\" data-end=\"2576\" data-col-size=\"sm\">Rango de frecuencia<\/td>\n<td data-col-size=\"sm\" data-start=\"2576\" data-end=\"2611\">5,15-5,85 GHz y 2,412-2,484 GHz<\/td>\n<\/tr>\n<tr data-start=\"2612\" data-end=\"2647\">\n<td data-start=\"2612\" data-end=\"2633\" data-col-size=\"sm\">Consumo de energ\u00eda<\/td>\n<td data-col-size=\"sm\" data-start=\"2633\" data-end=\"2647\">8 W aprox.<\/td>\n<\/tr>\n<tr data-start=\"2648\" data-end=\"2686\">\n<td data-start=\"2648\" data-end=\"2662\" data-col-size=\"sm\">Dimensiones<\/td>\n<td data-col-size=\"sm\" data-start=\"2662\" data-end=\"2686\">112 \u00d7 71,2 \u00d7 34,1 mm<\/td>\n<\/tr>\n<tr data-start=\"2687\" data-end=\"2703\">\n<td data-start=\"2687\" data-end=\"2694\" data-col-size=\"sm\">Peso<\/td>\n<td data-col-size=\"sm\" data-start=\"2694\" data-end=\"2703\">207 g<\/td>\n<\/tr>\n<tr data-start=\"2704\" data-end=\"2746\">\n<td data-start=\"2704\" data-end=\"2731\" data-col-size=\"sm\">Temperatura de operaci\u00f3n<\/td>\n<td data-col-size=\"sm\" data-start=\"2731\" data-end=\"2746\">\u201310 a 45 \u00b0C<\/td>\n<\/tr>\n<tr data-start=\"2747\" data-end=\"2806\">\n<td data-start=\"2747\" data-end=\"2765\" data-col-size=\"sm\">Certificaciones<\/td>\n<td data-col-size=\"sm\" data-start=\"2765\" data-end=\"2806\">Sin cifrado, sin protecci\u00f3n impl\u00edcita<\/td>\n<\/tr>\n<\/tbody>\n<\/table>\n<\/div>\n<\/div>\n<hr data-start=\"2808\" data-end=\"2811\" \/>\n<h2 data-start=\"2813\" data-end=\"2835\">Qu\u00e9 incluye la caja<\/h2>\n<ul data-start=\"2837\" data-end=\"3021\">\n<li data-start=\"2837\" data-end=\"2890\">\n<p data-start=\"2839\" data-end=\"2890\">Receptor inal\u00e1mbrico Hollyland Pyro S 4K HDMI\/SDI<\/p>\n<\/li>\n<li data-start=\"2891\" data-end=\"2927\">\n<p data-start=\"2893\" data-end=\"2927\">Antena tipo paddle (2,4 \/ 5 GHz)<\/p>\n<\/li>\n<li data-start=\"2928\" data-end=\"2951\">\n<p data-start=\"2930\" data-end=\"2951\">Adaptador USB-C OTG<\/p>\n<\/li>\n<li data-start=\"2952\" data-end=\"2990\">\n<p data-start=\"2954\" data-end=\"2990\">Adaptador de corriente DC 12 V 2 A<\/p>\n<\/li>\n<li data-start=\"2991\" data-end=\"3021\">\n<p data-start=\"2993\" data-end=\"3021\">Garant\u00eda limitada de 1 a\u00f1o<\/p>\n<\/li>\n<\/ul>\n","protected":false},"excerpt":{"rendered":"<p>PYRO S Receptor profesional inal\u00e1mbrico 4K30 con latencia de 50 ms, salidas HDMI\/SDI, soporte UVC y RTMP, alcance hasta 396 m. Ideal para producciones de video profesionales<\/p>\n","protected":false},"featured_media":7882,"template":"","meta":{"om_disable_all_campaigns":false},"pwb-brand":[],"product_brand":[],"product_cat":[77,424],"product_tag":[544],"class_list":{"0":"post-7881","1":"product","2":"type-product","3":"status-publish","4":"has-post-thumbnail","6":"product_cat-hollyland","7":"product_cat-wireless-video","8":"product_tag-pyro-s","10":"first","11":"outofstock","12":"shipping-taxable","13":"purchasable","14":"product-type-simple"},"aioseo_notices":[],"jetpack_sharing_enabled":true,"brands":[],"_links":{"self":[{"href":"https:\/\/proservice.com.ar\/index.php\/wp-json\/wp\/v2\/product\/7881","targetHints":{"allow":["GET"]}}],"collection":[{"href":"https:\/\/proservice.com.ar\/index.php\/wp-json\/wp\/v2\/product"}],"about":[{"href":"https:\/\/proservice.com.ar\/index.php\/wp-json\/wp\/v2\/types\/product"}],"wp:featuredmedia":[{"embeddable":true,"href":"https:\/\/proservice.com.ar\/index.php\/wp-json\/wp\/v2\/media\/7882"}],"wp:attachment":[{"href":"https:\/\/proservice.com.ar\/index.php\/wp-json\/wp\/v2\/media?parent=7881"}],"wp:term":[{"taxonomy":"pwb-brand","embeddable":true,"href":"https:\/\/proservice.com.ar\/index.php\/wp-json\/wp\/v2\/pwb-brand?post=7881"},{"taxonomy":"product_brand","embeddable":true,"href":"https:\/\/proservice.com.ar\/index.php\/wp-json\/wp\/v2\/product_brand?post=7881"},{"taxonomy":"product_cat","embeddable":true,"href":"https:\/\/proservice.com.ar\/index.php\/wp-json\/wp\/v2\/product_cat?post=7881"},{"taxonomy":"product_tag","embeddable":true,"href":"https:\/\/proservice.com.ar\/index.php\/wp-json\/wp\/v2\/product_tag?post=7881"}],"curies":[{"name":"wp","href":"https:\/\/api.w.org\/{rel}","templated":true}]}}