{"id":7902,"date":"2024-11-05T11:40:31","date_gmt":"2024-11-05T14:40:31","guid":{"rendered":"https:\/\/proservice.com.ar\/?post_type=product&#038;p=7902"},"modified":"2026-03-30T10:12:35","modified_gmt":"2026-03-30T13:12:35","slug":"cable-bnc-macho-a-mini-din-camvate","status":"publish","type":"product","link":"https:\/\/proservice.com.ar\/index.php\/product\/cable-bnc-macho-a-mini-din-camvate\/","title":{"rendered":"Cable Bnc Macho A Mini Din CAMVATE"},"content":{"rendered":"<p>Ultrafino y flexible, este cable Mini BNC a BNC SDI de 1 metro (3,3 pies) de CAMVATE est\u00e1 dise\u00f1ado para usarse con determinados monitores de asistencia de v\u00eddeo. Un extremo se conecta al puerto de salida de v\u00eddeo SDI de la c\u00e1mara y el otro al puerto de entrada SDI del monitor.<\/p>\n<p>Flexible y delgada<br \/>\nEl cable ultrafino y flexible es f\u00e1cil de instalar en tu equipo de c\u00e1mara.<\/p>\n","protected":false},"excerpt":{"rendered":"<p>Ultrafino y flexible, este cable Mini BNC a BNC SDI de 1 metro (3,3 pies) de CAMVATE est\u00e1 dise\u00f1ado para usarse con determinados monitores de asistencia de v\u00eddeo. Un extremo se conecta al puerto de salida de v\u00eddeo SDI de la c\u00e1mara y el otro al puerto de entrada SDI del monitor. Flexible y delgada [&hellip;]<\/p>\n","protected":false},"featured_media":7903,"template":"","meta":{"om_disable_all_campaigns":false},"pwb-brand":[],"product_brand":[],"product_cat":[33],"product_tag":[],"class_list":{"0":"post-7902","1":"product","2":"type-product","3":"status-publish","4":"has-post-thumbnail","6":"product_cat-accesorios","8":"first","9":"outofstock","10":"shipping-taxable","11":"purchasable","12":"product-type-simple"},"aioseo_notices":[],"jetpack_sharing_enabled":true,"brands":[],"_links":{"self":[{"href":"https:\/\/proservice.com.ar\/index.php\/wp-json\/wp\/v2\/product\/7902","targetHints":{"allow":["GET"]}}],"collection":[{"href":"https:\/\/proservice.com.ar\/index.php\/wp-json\/wp\/v2\/product"}],"about":[{"href":"https:\/\/proservice.com.ar\/index.php\/wp-json\/wp\/v2\/types\/product"}],"wp:featuredmedia":[{"embeddable":true,"href":"https:\/\/proservice.com.ar\/index.php\/wp-json\/wp\/v2\/media\/7903"}],"wp:attachment":[{"href":"https:\/\/proservice.com.ar\/index.php\/wp-json\/wp\/v2\/media?parent=7902"}],"wp:term":[{"taxonomy":"pwb-brand","embeddable":true,"href":"https:\/\/proservice.com.ar\/index.php\/wp-json\/wp\/v2\/pwb-brand?post=7902"},{"taxonomy":"product_brand","embeddable":true,"href":"https:\/\/proservice.com.ar\/index.php\/wp-json\/wp\/v2\/product_brand?post=7902"},{"taxonomy":"product_cat","embeddable":true,"href":"https:\/\/proservice.com.ar\/index.php\/wp-json\/wp\/v2\/product_cat?post=7902"},{"taxonomy":"product_tag","embeddable":true,"href":"https:\/\/proservice.com.ar\/index.php\/wp-json\/wp\/v2\/product_tag?post=7902"}],"curies":[{"name":"wp","href":"https:\/\/api.w.org\/{rel}","templated":true}]}}