{"id":7921,"date":"2023-11-20T11:08:50","date_gmt":"2023-11-20T14:08:50","guid":{"rendered":"https:\/\/proservice.com.ar\/?post_type=product&#038;p=7921"},"modified":"2025-11-28T14:24:24","modified_gmt":"2025-11-28T17:24:24","slug":"7921","status":"publish","type":"product","link":"https:\/\/proservice.com.ar\/index.php\/product\/7921\/","title":{"rendered":"Tilta PD V Mount Battery Plate &#8211; Black"},"content":{"rendered":"<p>Alimenta tu c\u00e1mara y accesorios con una bater\u00eda V-mount de alta capacidad gracias a esta placa de bater\u00eda V-mount PD negra de Tilta . Esta placa universal cuenta con dos salidas D-Tap de 14,8 V CC, una salida USB-C de 5 V y una salida USB-C PD de 60 W. La salida USB-C PD permite que la placa ajuste su voltaje seg\u00fan las necesidades del accesorio que alimenta.<\/p>\n<p>La placa se puede montar en un aparejo LWS est\u00e1ndar de 15 mm utilizando la abrazadera incluida. Adem\u00e1s, cuenta con varias roscas de 1\/4&#8243;-20 con muescas antitorsi\u00f3n para adaptarse a diversas posiciones de montaje. El conjunto de la placa de la bater\u00eda est\u00e1 fabricado en aluminio y acero inoxidable de gran durabilidad.<\/p>\n<div class=\"title_OMS5rN7R1Z\">\n<div class=\"text_TAw0W35QK_ comfy_TAw0W35QK_ sizeTitle4_TAw0W35QK_ weightBold_TAw0W35QK_ primary_i3MsQsqoe0\" data-selenium=\"sellingPointsTitle\"><strong><span dir=\"auto\">Caracter\u00edsticas clave<\/span><\/strong><\/div>\n<\/div>\n<ul class=\"list_OMS5rN7R1Z\">\n<li class=\"listItem_OMS5rN7R1Z\" data-selenium=\"sellingPointsListItem\"><span dir=\"auto\">Placa de bater\u00eda universal con montaje en V<\/span><\/li>\n<li class=\"listItem_OMS5rN7R1Z\" data-selenium=\"sellingPointsListItem\"><span dir=\"auto\">Abrazadera de varilla LWS de 15 mm<\/span><\/li>\n<li class=\"listItem_OMS5rN7R1Z\" data-selenium=\"sellingPointsListItem\"><span dir=\"auto\">2 salidas D-Tap de 14,8 V<\/span><\/li>\n<li class=\"listItem_OMS5rN7R1Z\" data-selenium=\"sellingPointsListItem\"><span dir=\"auto\">1 puerto USB-C de 5 V | 1 salida USB-C PD de 60 W<\/span><\/li>\n<li class=\"listItem_OMS5rN7R1Z\" data-selenium=\"sellingPointsListItem\"><span dir=\"auto\">Construcci\u00f3n en aluminio y acero inoxidable<\/span><\/li>\n<\/ul>\n","protected":false},"excerpt":{"rendered":"<p>Alimenta tu c\u00e1mara y accesorios con una bater\u00eda V-mount de alta capacidad gracias a esta placa de bater\u00eda V-mount PD negra de Tilta . Esta placa universal cuenta con dos salidas D-Tap de 14,8 V CC, una salida USB-C de 5 V y una salida USB-C PD de 60 W. La salida USB-C PD permite [&hellip;]<\/p>\n","protected":false},"featured_media":7925,"template":"","meta":{"om_disable_all_campaigns":false},"pwb-brand":[],"product_brand":[],"product_cat":[59,84],"product_tag":[704],"class_list":{"0":"post-7921","1":"product","2":"type-product","3":"status-publish","4":"has-post-thumbnail","6":"product_cat-camera-cage-and-kit","7":"product_cat-tilta","8":"product_tag-ta-btp3-v-b","10":"first","11":"instock","12":"shipping-taxable","13":"purchasable","14":"product-type-simple"},"aioseo_notices":[],"jetpack_sharing_enabled":true,"brands":[],"_links":{"self":[{"href":"https:\/\/proservice.com.ar\/index.php\/wp-json\/wp\/v2\/product\/7921","targetHints":{"allow":["GET"]}}],"collection":[{"href":"https:\/\/proservice.com.ar\/index.php\/wp-json\/wp\/v2\/product"}],"about":[{"href":"https:\/\/proservice.com.ar\/index.php\/wp-json\/wp\/v2\/types\/product"}],"wp:featuredmedia":[{"embeddable":true,"href":"https:\/\/proservice.com.ar\/index.php\/wp-json\/wp\/v2\/media\/7925"}],"wp:attachment":[{"href":"https:\/\/proservice.com.ar\/index.php\/wp-json\/wp\/v2\/media?parent=7921"}],"wp:term":[{"taxonomy":"pwb-brand","embeddable":true,"href":"https:\/\/proservice.com.ar\/index.php\/wp-json\/wp\/v2\/pwb-brand?post=7921"},{"taxonomy":"product_brand","embeddable":true,"href":"https:\/\/proservice.com.ar\/index.php\/wp-json\/wp\/v2\/product_brand?post=7921"},{"taxonomy":"product_cat","embeddable":true,"href":"https:\/\/proservice.com.ar\/index.php\/wp-json\/wp\/v2\/product_cat?post=7921"},{"taxonomy":"product_tag","embeddable":true,"href":"https:\/\/proservice.com.ar\/index.php\/wp-json\/wp\/v2\/product_tag?post=7921"}],"curies":[{"name":"wp","href":"https:\/\/api.w.org\/{rel}","templated":true}]}}