{"id":7940,"date":"2021-12-01T16:06:28","date_gmt":"2021-12-01T19:06:28","guid":{"rendered":"https:\/\/proservice.com.ar\/?post_type=product&#038;p=7940"},"modified":"2026-04-09T13:27:17","modified_gmt":"2026-04-09T16:27:17","slug":"mushroom-antena-hollyland","status":"publish","type":"product","link":"https:\/\/proservice.com.ar\/index.php\/product\/mushroom-antena-hollyland\/","title":{"rendered":"Mushroom Antena hollyland"},"content":{"rendered":"<p>La antena hongo de Hollyland est\u00e1 dise\u00f1ada para usarse con el sistema de transmisi\u00f3n inal\u00e1mbrica de la serie Cosmo. Esta antena doble de alta ganancia de 5 dBi duplica la mejora de la se\u00f1al y transmite a una velocidad de 5,8 GHz. La direcci\u00f3n de la se\u00f1al del transmisor se puede modificar doblando la antena hongo de 90 a 360\u00b0, lo que permite que el transmisor de video inal\u00e1mbrico sea adecuado para entornos m\u00e1s complejos.<\/p>\n<p>El delicado dise\u00f1o de la estructura en la parte inferior permite doblarla 360\u00b0 y prolongar la vida \u00fatil de la antena.<br \/>\nLa tecnolog\u00eda innovadora del material antipresi\u00f3n hace que la tasa de consumo sea baja.<br \/>\nMaterial chapado en oro con interfaz SMA chapada en oro<br \/>\nMaterial ABS ligero y respetuoso con el medio ambiente.<\/p>\n<ul>\n<li><span dir=\"auto\">Rango de frecuencia: 5,1 GHz\u20135,8 GHz<\/span><\/li>\n<li><span dir=\"auto\">Ganancia: 5dBi<\/span><\/li>\n<li><span dir=\"auto\">Impedancia: 50\u03a9<\/span><\/li>\n<li><span dir=\"auto\">ROE: 2.0 (m\u00e1x.)<\/span><\/li>\n<li><span dir=\"auto\">Color: Negro<\/span><\/li>\n<\/ul>\n<p>Compatibilidad<\/p>\n<p>MARS 4K<br \/>\nMARS 400S PRO<br \/>\nMARS 300 PRO<br \/>\nCOSMO C1<br \/>\nMARS 400S PRO ll<br \/>\nCOSMO C2<\/p>\n","protected":false},"excerpt":{"rendered":"<p>Mushroom Antenna<br \/>\nHL-ATN03<\/p>\n","protected":false},"featured_media":7941,"template":"","meta":{"om_disable_all_campaigns":false},"pwb-brand":[],"product_brand":[],"product_cat":[33,77],"product_tag":[706],"class_list":{"0":"post-7940","1":"product","2":"type-product","3":"status-publish","4":"has-post-thumbnail","6":"product_cat-accesorios","7":"product_cat-hollyland","8":"product_tag-hl-atn03","10":"first","11":"instock","12":"sale","13":"shipping-taxable","14":"purchasable","15":"product-type-simple"},"aioseo_notices":[],"jetpack_sharing_enabled":true,"brands":[],"_links":{"self":[{"href":"https:\/\/proservice.com.ar\/index.php\/wp-json\/wp\/v2\/product\/7940","targetHints":{"allow":["GET"]}}],"collection":[{"href":"https:\/\/proservice.com.ar\/index.php\/wp-json\/wp\/v2\/product"}],"about":[{"href":"https:\/\/proservice.com.ar\/index.php\/wp-json\/wp\/v2\/types\/product"}],"wp:featuredmedia":[{"embeddable":true,"href":"https:\/\/proservice.com.ar\/index.php\/wp-json\/wp\/v2\/media\/7941"}],"wp:attachment":[{"href":"https:\/\/proservice.com.ar\/index.php\/wp-json\/wp\/v2\/media?parent=7940"}],"wp:term":[{"taxonomy":"pwb-brand","embeddable":true,"href":"https:\/\/proservice.com.ar\/index.php\/wp-json\/wp\/v2\/pwb-brand?post=7940"},{"taxonomy":"product_brand","embeddable":true,"href":"https:\/\/proservice.com.ar\/index.php\/wp-json\/wp\/v2\/product_brand?post=7940"},{"taxonomy":"product_cat","embeddable":true,"href":"https:\/\/proservice.com.ar\/index.php\/wp-json\/wp\/v2\/product_cat?post=7940"},{"taxonomy":"product_tag","embeddable":true,"href":"https:\/\/proservice.com.ar\/index.php\/wp-json\/wp\/v2\/product_tag?post=7940"}],"curies":[{"name":"wp","href":"https:\/\/api.w.org\/{rel}","templated":true}]}}