{"id":7953,"date":"2025-11-09T15:20:02","date_gmt":"2025-11-09T18:20:02","guid":{"rendered":"https:\/\/proservice.com.ar\/?post_type=product&#038;p=7953"},"modified":"2026-04-01T11:03:00","modified_gmt":"2026-04-01T14:03:00","slug":"microfono-vocal-dinamico-wave-dx","status":"publish","type":"product","link":"https:\/\/proservice.com.ar\/index.php\/product\/microfono-vocal-dinamico-wave-dx\/","title":{"rendered":"Microfono vocal din\u00e1mico Wave DX"},"content":{"rendered":"<p><strong>Wave DX<\/strong><br \/>\nMicr\u00f3fono vocal din\u00e1mico.<\/p>\n<p><span dir=\"auto\">Dise\u00f1ado para ofrecer un rendimiento de audio similar al de un condensador sin el ruido, ideal para podcasters, streamers y creadores de contenido, el\u00a0<\/span><span dir=\"auto\">micr\u00f3fono din\u00e1mico Wave DX<\/span><span dir=\"auto\">\u00a0de\u00a0<\/span><span dir=\"auto\">Elgato<\/span><span dir=\"auto\">\u00a0presenta un patr\u00f3n polar cardioide tolerante para una captaci\u00f3n unidireccional y una se\u00f1al de salida m\u00e1s potente que la media, lo que permite obtener un sonido potente sin necesidad de activadores de micr\u00f3fono en l\u00ednea. Con una respuesta de frecuencia espec\u00edficamente ajustada para la voz humana y un efecto de proximidad optimizado que facilita m\u00e1s que nunca acercar el micr\u00f3fono para obtener grabaciones vocales completas y con un sonido rico, este micr\u00f3fono es la opci\u00f3n ideal para el productor de contenido moderno.<\/span><\/p>\n<div class=\"productDescription_UbV5SNP5Eo\" data-selenium=\"overviewLongDescription\">\n<div class=\"js-injected-html text_UbV5SNP5Eo\">\n<p><span dir=\"auto\">El Wave DX incorpora un filtro antipop interno que reduce considerablemente las explosiones durante la grabaci\u00f3n, adem\u00e1s de un chasis de acero endurecido que mejora la durabilidad y reduce los artefactos de ruido interno. Este micr\u00f3fono incluye un soporte de horquilla giratorio ajustable de 5\/8&#8243;, compatible con todos los brazos de jirafa y evita que los cables se atasquen. Adem\u00e1s, incluye adaptadores de 3\/8&#8243; y 1\/4&#8243; para montarlo en soportes de micr\u00f3fono m\u00e1s tradicionales.<\/span><\/p>\n<\/div>\n<\/div>\n<div>\n<div class=\"feature_UbV5SNP5Eo\">\n<div class=\"feature_UbV5SNP5Eo\">\n<div class=\"feature_UbV5SNP5Eo\">\n<div class=\"featureHeader_UbV5SNP5Eo\">\n<div class=\"text_TAw0W35QK_ comfy_TAw0W35QK_ sizeTitle2_TAw0W35QK_ weightNormal_TAw0W35QK_ primary_i3MsQsqoe0\"><span dir=\"auto\">Una c\u00e1psula m\u00e1gica<\/span><\/div>\n<\/div>\n<div>\n<div class=\"js-injected-html text_UbV5SNP5Eo\"><span dir=\"auto\">Producida en colaboraci\u00f3n entre Elgato y Lewitt, la c\u00e1psula din\u00e1mica del Wave DX es excepcional, capturando audio con un detalle y una sensibilidad similares a los de un micr\u00f3fono de condensador, sin el ruido excesivo que suele acompa\u00f1ar a estos micr\u00f3fonos. Con graves realistas y agudos intensos, el Wave DX ofrece un resultado equilibrado poco com\u00fan en micr\u00f3fonos din\u00e1micos, a la vez que rechaza el ruido ambiental.<\/span><\/div>\n<\/div>\n<\/div>\n<div class=\"feature_UbV5SNP5Eo\">\n<div class=\"featureHeader_UbV5SNP5Eo\">\n<div class=\"text_TAw0W35QK_ comfy_TAw0W35QK_ sizeTitle2_TAw0W35QK_ weightNormal_TAw0W35QK_ primary_i3MsQsqoe0\"><span dir=\"auto\">Listo para transmitir<\/span><\/div>\n<\/div>\n<div>\n<div class=\"js-injected-html text_UbV5SNP5Eo\"><span dir=\"auto\">El rango de respuesta de frecuencia finamente ajustado reproduce voces precisas y sin coloraci\u00f3n. Esto hace que el Wave DX sea perfecto para esculpir tu sonido caracter\u00edstico sin necesidad de efectos externos ni ecualizaci\u00f3n.<\/span><\/div>\n<\/div>\n<\/div>\n<div class=\"feature_UbV5SNP5Eo\">\n<div class=\"featureHeader_UbV5SNP5Eo\">\n<div class=\"text_TAw0W35QK_ comfy_TAw0W35QK_ sizeTitle2_TAw0W35QK_ weightNormal_TAw0W35QK_ primary_i3MsQsqoe0\"><span dir=\"auto\">Hablador suave<\/span><\/div>\n<\/div>\n<div>\n<div class=\"js-injected-html text_UbV5SNP5Eo\"><span dir=\"auto\">Fabricado con fibra de nailon dise\u00f1ada ac\u00fasticamente intercalada entre dos capas de espuma, el protector antipop interno reduce los ruidos respiratorios explosivos.<\/span><\/div>\n<\/div>\n<\/div>\n<div class=\"feature_UbV5SNP5Eo\">\n<div class=\"featureHeader_UbV5SNP5Eo\">\n<div class=\"text_TAw0W35QK_ comfy_TAw0W35QK_ sizeTitle2_TAw0W35QK_ weightNormal_TAw0W35QK_ primary_i3MsQsqoe0\"><span dir=\"auto\">Logotipo removible<\/span><\/div>\n<\/div>\n<div>\n<div class=\"js-injected-html text_UbV5SNP5Eo\"><span dir=\"auto\">Puedes montar el Wave DX en cualquier lado y girar el logo para que se vea directamente en la c\u00e1mara. Esto te da la libertad de presentarte como quieras.<\/span><\/div>\n<\/div>\n<\/div>\n<\/div>\n<\/div>\n<\/div>\n","protected":false},"excerpt":{"rendered":"<p>Wave DX<\/p>\n","protected":false},"featured_media":7957,"template":"","meta":{"om_disable_all_campaigns":false},"pwb-brand":[],"product_brand":[],"product_cat":[682,641],"product_tag":[709],"class_list":{"0":"post-7953","1":"product","2":"type-product","3":"status-publish","4":"has-post-thumbnail","6":"product_cat-elgato","7":"product_cat-microfonos","8":"product_tag-wave-dx","10":"first","11":"instock","12":"sale","13":"shipping-taxable","14":"purchasable","15":"product-type-simple"},"aioseo_notices":[],"jetpack_sharing_enabled":true,"brands":[],"_links":{"self":[{"href":"https:\/\/proservice.com.ar\/index.php\/wp-json\/wp\/v2\/product\/7953","targetHints":{"allow":["GET"]}}],"collection":[{"href":"https:\/\/proservice.com.ar\/index.php\/wp-json\/wp\/v2\/product"}],"about":[{"href":"https:\/\/proservice.com.ar\/index.php\/wp-json\/wp\/v2\/types\/product"}],"wp:featuredmedia":[{"embeddable":true,"href":"https:\/\/proservice.com.ar\/index.php\/wp-json\/wp\/v2\/media\/7957"}],"wp:attachment":[{"href":"https:\/\/proservice.com.ar\/index.php\/wp-json\/wp\/v2\/media?parent=7953"}],"wp:term":[{"taxonomy":"pwb-brand","embeddable":true,"href":"https:\/\/proservice.com.ar\/index.php\/wp-json\/wp\/v2\/pwb-brand?post=7953"},{"taxonomy":"product_brand","embeddable":true,"href":"https:\/\/proservice.com.ar\/index.php\/wp-json\/wp\/v2\/product_brand?post=7953"},{"taxonomy":"product_cat","embeddable":true,"href":"https:\/\/proservice.com.ar\/index.php\/wp-json\/wp\/v2\/product_cat?post=7953"},{"taxonomy":"product_tag","embeddable":true,"href":"https:\/\/proservice.com.ar\/index.php\/wp-json\/wp\/v2\/product_tag?post=7953"}],"curies":[{"name":"wp","href":"https:\/\/api.w.org\/{rel}","templated":true}]}}