{"id":7959,"date":"2025-10-09T15:30:52","date_gmt":"2025-10-09T18:30:52","guid":{"rendered":"https:\/\/proservice.com.ar\/?post_type=product&#038;p=7959"},"modified":"2026-04-14T13:40:22","modified_gmt":"2026-04-14T16:40:22","slug":"microfono-de-condensador-usb-cardioide-elgato-wave-neo","status":"publish","type":"product","link":"https:\/\/proservice.com.ar\/index.php\/product\/microfono-de-condensador-usb-cardioide-elgato-wave-neo\/","title":{"rendered":"Micr\u00f3fono de condensador USB cardioide Elgato Wave Neo"},"content":{"rendered":"<p><strong>Wave Neo<\/strong><br \/>\nSonido de primera con facilidad.<\/p>\n<p>Un sonido de calidad atrae al p\u00fablico. A diferencia de los micr\u00f3fonos incorporados en laptops, el Wave Neo transmite tu voz con total precisi\u00f3n. El sonido es tan limpio que tu p\u00fablico se sentir\u00e1 como si estuviera a tu lado: convertir\u00e1 tus conversaciones virtuales en interacciones aut\u00e9nticas.<br \/>\nTener un sonido profesional nunca hab\u00eda sido tan sencillo.<br \/>\nTu voz se impone.<br \/>\nAl fijarlo al pie, el Wave Neo queda a la distancia ideal de la boca: tu p\u00fablico oir\u00e1 mejor tu voz y no notar\u00e1 el ruido de tu teclado<\/p>\n<p>Prep\u00e1ralo en unos segundos.<br \/>\nCon\u00e9ctalo al ordenador y selecciona el micr\u00f3fono. Est\u00e1 listo para que lo uses desde el primer momento: no necesitas m\u00e1s accesorios ni software.<\/p>\n<p>Un micr\u00f3fono para todo.<br \/>\nEst\u00e9s donde est\u00e9s, el Wave Neo encaja a la perfecci\u00f3n. \u00dasalo con el port\u00e1til, el Mac del trabajo, tu iPad, tu iPhone* o incluso con una consola PlayStation.<\/p>\n<p>Comparte a tu manera.<br \/>\nLogra un sonido espectacular en las apps que m\u00e1s usas: para tus reuniones en Teams, contar historias en TikTok o participar en un chat de voz en Discord.<\/p>\n","protected":false},"excerpt":{"rendered":"<p>Micr\u00f3fono de condensador USB cardioide Elgato Wave Neo<\/p>\n","protected":false},"featured_media":7960,"template":"","meta":{"om_disable_all_campaigns":false},"pwb-brand":[],"product_brand":[],"product_cat":[682,641],"product_tag":[710],"class_list":{"0":"post-7959","1":"product","2":"type-product","3":"status-publish","4":"has-post-thumbnail","6":"product_cat-elgato","7":"product_cat-microfonos","8":"product_tag-wave-neo","10":"first","11":"instock","12":"shipping-taxable","13":"purchasable","14":"product-type-simple"},"aioseo_notices":[],"jetpack_sharing_enabled":true,"brands":[],"_links":{"self":[{"href":"https:\/\/proservice.com.ar\/index.php\/wp-json\/wp\/v2\/product\/7959","targetHints":{"allow":["GET"]}}],"collection":[{"href":"https:\/\/proservice.com.ar\/index.php\/wp-json\/wp\/v2\/product"}],"about":[{"href":"https:\/\/proservice.com.ar\/index.php\/wp-json\/wp\/v2\/types\/product"}],"wp:featuredmedia":[{"embeddable":true,"href":"https:\/\/proservice.com.ar\/index.php\/wp-json\/wp\/v2\/media\/7960"}],"wp:attachment":[{"href":"https:\/\/proservice.com.ar\/index.php\/wp-json\/wp\/v2\/media?parent=7959"}],"wp:term":[{"taxonomy":"pwb-brand","embeddable":true,"href":"https:\/\/proservice.com.ar\/index.php\/wp-json\/wp\/v2\/pwb-brand?post=7959"},{"taxonomy":"product_brand","embeddable":true,"href":"https:\/\/proservice.com.ar\/index.php\/wp-json\/wp\/v2\/product_brand?post=7959"},{"taxonomy":"product_cat","embeddable":true,"href":"https:\/\/proservice.com.ar\/index.php\/wp-json\/wp\/v2\/product_cat?post=7959"},{"taxonomy":"product_tag","embeddable":true,"href":"https:\/\/proservice.com.ar\/index.php\/wp-json\/wp\/v2\/product_tag?post=7959"}],"curies":[{"name":"wp","href":"https:\/\/api.w.org\/{rel}","templated":true}]}}