{"id":7975,"date":"2026-04-05T12:50:30","date_gmt":"2026-04-05T15:50:30","guid":{"rendered":"https:\/\/proservice.com.ar\/?post_type=product&#038;p=7975"},"modified":"2026-04-05T15:26:41","modified_gmt":"2026-04-05T18:26:41","slug":"stream-deck-y-xlr-dock-kit","status":"publish","type":"product","link":"https:\/\/proservice.com.ar\/index.php\/product\/stream-deck-y-xlr-dock-kit\/","title":{"rendered":"Stream Deck + y XLR Dock KIT"},"content":{"rendered":"<p>Junto con el XLR Dock, el Stream Deck + se convierte en la estaci\u00f3n de audio definitiva. Conecta tu micr\u00f3fono de alta gama en la parte trasera para un sonido de estudio. En la parte frontal, mezcla, monitoriza y haz pr\u00e1cticamente cualquier cosa con controles personalizables.<span dir=\"auto\">A\u00f1ade un sencillo control del flujo de trabajo de streaming de audio y v\u00eddeo a tu escritorio macOS o Windows con\u00a0<\/span><span dir=\"auto\">Stream Deck +<\/span><span dir=\"auto\">\u00a0de\u00a0<\/span><span dir=\"auto\">Elgato<\/span><span dir=\"auto\">\u00a0. Integra todas tus herramientas, detecta y cambia de escena, o inicia fuentes multimedia con ocho teclas LCD con colores vibrantes, iconos personalizados y protectores de pantalla que puedes programar y configurar seg\u00fan tus necesidades de dise\u00f1o, lo que te da potencia y control con solo pulsar una tecla. La consola tambi\u00e9n cuenta con cuatro mandos programables que controlan el volumen, los controles deslizantes de color virtuales y mucho m\u00e1s. Una pantalla t\u00e1ctil LCD central ofrece opciones adicionales de control t\u00e1ctil.<\/span><\/p>\n<p>Dos se convierten en uno<br \/>\nParte controlador de audio, parte interfaz de micr\u00f3fono \u2014 todo en un \u00fanico dispositivo compacto que ahorra espacio.<\/p>\n<p>TAMA\u00d1O REDUCIDO, SONIDO ENORME<br \/>\nNo lo subestimes: el XLR Dock hace lo mismo que una interfaz de audio profesional\u2026 y m\u00e1s a\u00fan.<\/p>\n<p>PREVIO PROFESIONAL<br \/>\nConsigue un sonido alto y claro sin previos de refuerzo ni intensificadores de ganancia<\/p>\n<p>ALIMENTACI\u00d3N PHANTOM<br \/>\nDa vida a micr\u00f3fonos de condensador con 48 V<\/p>\n<p>MONITOREO SIN LATENCIA<br \/>\nConecta unos auriculares para o\u00edrte en tiempo real<\/p>\n<p>UNA CONEXI\u00d3N<br \/>\nTodo funciona con un \u00fanico cable USB<\/p>\n<p>SE MONTA EN UN INSTANTE<br \/>\n\u00bfNo se te dan bien las manualidades? No hay problema. El XLR Dock se instala en unos sencillos pasos con un destornillador estrella.<\/p>\n<p>&nbsp;<\/p>\n","protected":false},"excerpt":{"rendered":"<p>Stream Deck + y XLR Dock KIT<\/p>\n","protected":false},"featured_media":7978,"template":"","meta":{"om_disable_all_campaigns":false},"pwb-brand":[],"product_brand":[],"product_cat":[682,61],"product_tag":[],"class_list":{"0":"post-7975","1":"product","2":"type-product","3":"status-publish","4":"has-post-thumbnail","6":"product_cat-elgato","7":"product_cat-keyboard-and-control-panel","9":"first","10":"instock","11":"sale","12":"shipping-taxable","13":"purchasable","14":"product-type-simple"},"aioseo_notices":[],"jetpack_sharing_enabled":true,"brands":[],"_links":{"self":[{"href":"https:\/\/proservice.com.ar\/index.php\/wp-json\/wp\/v2\/product\/7975","targetHints":{"allow":["GET"]}}],"collection":[{"href":"https:\/\/proservice.com.ar\/index.php\/wp-json\/wp\/v2\/product"}],"about":[{"href":"https:\/\/proservice.com.ar\/index.php\/wp-json\/wp\/v2\/types\/product"}],"wp:featuredmedia":[{"embeddable":true,"href":"https:\/\/proservice.com.ar\/index.php\/wp-json\/wp\/v2\/media\/7978"}],"wp:attachment":[{"href":"https:\/\/proservice.com.ar\/index.php\/wp-json\/wp\/v2\/media?parent=7975"}],"wp:term":[{"taxonomy":"pwb-brand","embeddable":true,"href":"https:\/\/proservice.com.ar\/index.php\/wp-json\/wp\/v2\/pwb-brand?post=7975"},{"taxonomy":"product_brand","embeddable":true,"href":"https:\/\/proservice.com.ar\/index.php\/wp-json\/wp\/v2\/product_brand?post=7975"},{"taxonomy":"product_cat","embeddable":true,"href":"https:\/\/proservice.com.ar\/index.php\/wp-json\/wp\/v2\/product_cat?post=7975"},{"taxonomy":"product_tag","embeddable":true,"href":"https:\/\/proservice.com.ar\/index.php\/wp-json\/wp\/v2\/product_tag?post=7975"}],"curies":[{"name":"wp","href":"https:\/\/api.w.org\/{rel}","templated":true}]}}