{"id":8009,"date":"2024-12-29T09:46:07","date_gmt":"2024-12-29T12:46:07","guid":{"rendered":"https:\/\/proservice.com.ar\/?post_type=product&#038;p=8009"},"modified":"2025-12-29T09:50:56","modified_gmt":"2025-12-29T12:50:56","slug":"smallrig-vb50-mini-v-mount-battery-50wh-black","status":"publish","type":"product","link":"https:\/\/proservice.com.ar\/index.php\/product\/smallrig-vb50-mini-v-mount-battery-50wh-black\/","title":{"rendered":"SmallRig VB50 Mini V-Mount Battery (50Wh, Black)"},"content":{"rendered":"<p>La bater\u00eda VB50 Mini V-Mount de SmallRig tiene una capacidad de 50 Wh y admite un consumo de hasta 12 A a una tensi\u00f3n nominal de 14,8 V. Esta bater\u00eda, ideal para viajes, es ideal para alimentar c\u00e1maras de mano, drones y estabilizadores. Su dise\u00f1o ultracompacto y ligero permite su uso con diversos tipos de equipos y es resistente al fuego y al calor.<\/p>\n<p>La VB50 ofrece m\u00faltiples puertos para accesorios, incluyendo una salida D-Tap de 14,8 V, una salida de barril de 8 V CC, una salida de barril de 12 V CC, una salida USB-C y una salida USB-A para alimentar diversos accesorios, c\u00e1maras o dispositivos m\u00f3viles. La bater\u00eda se puede cargar con un cargador est\u00e1ndar con montura V, un cargador D-Tap opcional o mediante la entrada\/salida USB-C con un cargador r\u00e1pido PD de 45 W. Una pantalla OLED integrada muestra la capacidad restante y el estado de la bater\u00eda.<\/p>\n<div class=\"title_OMS5rN7R1Z\">\n<div class=\"text_TAw0W35QK_ comfy_TAw0W35QK_ sizeTitle4_TAw0W35QK_ weightBold_TAw0W35QK_ primary_i3MsQsqoe0\" data-selenium=\"sellingPointsTitle\"><strong><span dir=\"auto\">Caracter\u00edsticas principales:<\/span><\/strong><\/div>\n<\/div>\n<ul class=\"list_OMS5rN7R1Z\">\n<li class=\"listItem_OMS5rN7R1Z\" data-selenium=\"sellingPointsListItem\"><span dir=\"auto\">Bater\u00eda de iones de litio de 50 Wh con montura en V<\/span><\/li>\n<li class=\"listItem_OMS5rN7R1Z\" data-selenium=\"sellingPointsListItem\"><span dir=\"auto\">Admite un consumo de hasta 12 A<\/span><\/li>\n<li class=\"listItem_OMS5rN7R1Z\" data-selenium=\"sellingPointsListItem\"><span dir=\"auto\">Salida D-Tap de 14,8 V<\/span><\/li>\n<li class=\"listItem_OMS5rN7R1Z\" data-selenium=\"sellingPointsListItem\"><span dir=\"auto\">Salida USB-A, 2 salidas de barril de CC<\/span><\/li>\n<li class=\"listItem_OMS5rN7R1Z\" data-selenium=\"sellingPointsListItem\"><span dir=\"auto\">Entrada\/salida USB-C<\/span><\/li>\n<li class=\"listItem_OMS5rN7R1Z\" data-selenium=\"sellingPointsListItem\"><span dir=\"auto\">Carga r\u00e1pida PD\/QC\/PPS con D-Tap y USB-C<\/span><\/li>\n<li class=\"listItem_OMS5rN7R1Z\" data-selenium=\"sellingPointsListItem\"><span dir=\"auto\">Tama\u00f1o ultracompacto, ideal para viajes<\/span><\/li>\n<\/ul>\n","protected":false},"excerpt":{"rendered":"<p>SmallRig VB50 Mini V-Mount Battery<\/p>\n","protected":false},"featured_media":8015,"template":"","meta":{"om_disable_all_campaigns":false},"pwb-brand":[],"product_brand":[],"product_cat":[83],"product_tag":[],"class_list":{"0":"post-8009","1":"product","2":"type-product","3":"status-publish","4":"has-post-thumbnail","6":"product_cat-smallrig","8":"first","9":"instock","10":"shipping-taxable","11":"purchasable","12":"product-type-simple"},"aioseo_notices":[],"jetpack_sharing_enabled":true,"brands":[],"_links":{"self":[{"href":"https:\/\/proservice.com.ar\/index.php\/wp-json\/wp\/v2\/product\/8009","targetHints":{"allow":["GET"]}}],"collection":[{"href":"https:\/\/proservice.com.ar\/index.php\/wp-json\/wp\/v2\/product"}],"about":[{"href":"https:\/\/proservice.com.ar\/index.php\/wp-json\/wp\/v2\/types\/product"}],"wp:featuredmedia":[{"embeddable":true,"href":"https:\/\/proservice.com.ar\/index.php\/wp-json\/wp\/v2\/media\/8015"}],"wp:attachment":[{"href":"https:\/\/proservice.com.ar\/index.php\/wp-json\/wp\/v2\/media?parent=8009"}],"wp:term":[{"taxonomy":"pwb-brand","embeddable":true,"href":"https:\/\/proservice.com.ar\/index.php\/wp-json\/wp\/v2\/pwb-brand?post=8009"},{"taxonomy":"product_brand","embeddable":true,"href":"https:\/\/proservice.com.ar\/index.php\/wp-json\/wp\/v2\/product_brand?post=8009"},{"taxonomy":"product_cat","embeddable":true,"href":"https:\/\/proservice.com.ar\/index.php\/wp-json\/wp\/v2\/product_cat?post=8009"},{"taxonomy":"product_tag","embeddable":true,"href":"https:\/\/proservice.com.ar\/index.php\/wp-json\/wp\/v2\/product_tag?post=8009"}],"curies":[{"name":"wp","href":"https:\/\/api.w.org\/{rel}","templated":true}]}}