{"id":8024,"date":"2026-01-06T13:19:35","date_gmt":"2026-01-06T16:19:35","guid":{"rendered":"https:\/\/proservice.com.ar\/?post_type=product&#038;p=8024"},"modified":"2026-04-01T11:02:00","modified_gmt":"2026-04-01T14:02:00","slug":"elgato-stream-deck","status":"publish","type":"product","link":"https:\/\/proservice.com.ar\/index.php\/product\/elgato-stream-deck\/","title":{"rendered":"Elgato Stream Deck +"},"content":{"rendered":"<p><strong>Una interfaz para gobernarlo todo<\/strong><br \/>\nStream Deck + pone en tus manos un poder casi ilimitado para interactuar con tu estudio. Un control instant\u00e1neo, t\u00e1ctil y al detalle. Personalizaci\u00f3n sin l\u00edmites. Plugins para dar y tomar. Ad\u00e1ptalo a tu gusto. Demuestra tu dominio.<\/p>\n<p>Activa pr\u00e1cticamente cualquier acci\u00f3n: cambia de c\u00e1mara, silencia el micro, inicia apps, aplica efectos de sonido, enciende luces, cambia de escena y mucho m\u00e1s.<\/p>\n<p>Ajusta los niveles de volumen, los detalles de la imagen, el zoom de la c\u00e1mara, el brillo, el balance de blancos y cualquier ajuste que pueda subir o bajar.<br \/>\nPresiona para cambiar la acci\u00f3n del dial.<\/p>\n<p>Controla las apps con un toque, desliza para cambiar de p\u00e1gina y consulta informaci\u00f3n del dial con una mirada.<\/p>\n<p><strong>TU EQUIPO DE AUDIO<\/strong><br \/>\nControla todas tus fuentes de audio de la forma m\u00e1s pr\u00e1ctica. Stream Deck + permite utilizar miles de efectos de sonido libres de derechos y el potente software de mezcla Wave Link.<\/p>\n<div class=\"\"><\/div>\n<div class=\"\">\n<div class=\"PrimaryText_primary-text__body__HUG7F body-copy whitespace-pre-line rich-text mt-24px\"><strong>Tu centro de producci\u00f3n<\/strong><br \/>\nEntra en directo, haz un barrido o un zoom, cambia de escena y mucho m\u00e1s. Pule, recorta y elimina en post. Un aut\u00e9ntico equipo de producci\u00f3n dentro de tu ordenador.<br \/>\nInstala m\u00e1s de 200 plugins listos para usar o asocia atajos de teclado a teclas y diales. Stream Deck + se integra en cualquier proceso de trabajo, desde la creaci\u00f3n de v\u00eddeos, la grabaci\u00f3n de podcasts o la producci\u00f3n en directo hasta la edici\u00f3n fotogr\u00e1fica, el dise\u00f1o gr\u00e1fico y muchos m\u00e1s.<strong>Caracter\u00edsticas principales:<\/strong><\/p>\n<p>Consola de transmisi\u00f3n para macOS\/Windows<br \/>\nConfigurar audio, c\u00e1maras, colores y luces<br \/>\nControl del flujo de trabajo de edici\u00f3n de posproducci\u00f3n<br \/>\n8 botones programables<br \/>\n4 perillas programables<br \/>\nPantalla t\u00e1ctil LCD<br \/>\nSoftware Stream Deck descargable<\/p>\n<p>&nbsp;<\/p>\n<\/div>\n<\/div>\n","protected":false},"excerpt":{"rendered":"<p>Elgato Stream Deck +<\/p>\n","protected":false},"featured_media":8026,"template":"","meta":{"om_disable_all_campaigns":false},"pwb-brand":[],"product_brand":[],"product_cat":[682],"product_tag":[714,713],"class_list":{"0":"post-8024","1":"product","2":"type-product","3":"status-publish","4":"has-post-thumbnail","6":"product_cat-elgato","7":"product_tag-10gbd9901","8":"product_tag-stream-deck","10":"first","11":"instock","12":"sale","13":"shipping-taxable","14":"purchasable","15":"product-type-simple"},"aioseo_notices":[],"jetpack_sharing_enabled":true,"brands":[],"_links":{"self":[{"href":"https:\/\/proservice.com.ar\/index.php\/wp-json\/wp\/v2\/product\/8024","targetHints":{"allow":["GET"]}}],"collection":[{"href":"https:\/\/proservice.com.ar\/index.php\/wp-json\/wp\/v2\/product"}],"about":[{"href":"https:\/\/proservice.com.ar\/index.php\/wp-json\/wp\/v2\/types\/product"}],"wp:featuredmedia":[{"embeddable":true,"href":"https:\/\/proservice.com.ar\/index.php\/wp-json\/wp\/v2\/media\/8026"}],"wp:attachment":[{"href":"https:\/\/proservice.com.ar\/index.php\/wp-json\/wp\/v2\/media?parent=8024"}],"wp:term":[{"taxonomy":"pwb-brand","embeddable":true,"href":"https:\/\/proservice.com.ar\/index.php\/wp-json\/wp\/v2\/pwb-brand?post=8024"},{"taxonomy":"product_brand","embeddable":true,"href":"https:\/\/proservice.com.ar\/index.php\/wp-json\/wp\/v2\/product_brand?post=8024"},{"taxonomy":"product_cat","embeddable":true,"href":"https:\/\/proservice.com.ar\/index.php\/wp-json\/wp\/v2\/product_cat?post=8024"},{"taxonomy":"product_tag","embeddable":true,"href":"https:\/\/proservice.com.ar\/index.php\/wp-json\/wp\/v2\/product_tag?post=8024"}],"curies":[{"name":"wp","href":"https:\/\/api.w.org\/{rel}","templated":true}]}}