{"id":8036,"date":"2025-12-12T13:21:29","date_gmt":"2025-12-12T16:21:29","guid":{"rendered":"https:\/\/proservice.com.ar\/?post_type=product&#038;p=8036"},"modified":"2026-03-09T11:25:20","modified_gmt":"2026-03-09T14:25:20","slug":"elgato-wave-mic-arm-lp","status":"publish","type":"product","link":"https:\/\/proservice.com.ar\/index.php\/product\/elgato-wave-mic-arm-lp\/","title":{"rendered":"Elgato Wave Mic Arm LP"},"content":{"rendered":"<p>El Elgato Wave Mic Arm LP es un brazo articulado de dos secciones y perfil bajo, dise\u00f1ado para una colocaci\u00f3n flexible del micr\u00f3fono de escritorio en aplicaciones de radiodifusi\u00f3n, podcasting, videojuegos y grabaci\u00f3n de voz en off. El brazo se fija al escritorio mediante una abrazadera acolchada y se extiende con un amplio alcance para adaptarse a su configuraci\u00f3n.<\/p>\n<p>Un sistema de posicionamiento altamente configurable permite que el brazo de micr\u00f3fono Wave LP, con calidad de estudio, se integre a la perfecci\u00f3n en las mesas de streamers y locutores. Las superficies de mesa de hasta 6,1 cm de grosor admiten la abrazadera en C incluida. Con un alcance horizontal m\u00e1ximo de 73,5 cm, el soporte del micr\u00f3fono mantiene su perfil bajo y se adapta a las necesidades de la mayor\u00eda de las personas. El soporte se puede girar verticalmente 90\u00b0 hacia arriba y 60\u00b0 hacia abajo para obtener opciones de posicionamiento adicionales, mientras que las articulaciones ajustables por tensi\u00f3n permiten ajustar con precisi\u00f3n la resistencia a la oscilaci\u00f3n y las ca\u00eddas para obtener la sensaci\u00f3n deseada. El brazo de micr\u00f3fono Wave LP admite micr\u00f3fonos de hasta 2 kg (4,4 lb). Una r\u00f3tula proporciona un posicionamiento preciso para el micr\u00f3fono, mientras que el canal para cable del brazo cuenta con cubiertas magn\u00e9ticas que facilitan la ocultaci\u00f3n del cable XLR para una apariencia impecable y profesional.<\/p>\n","protected":false},"excerpt":{"rendered":"<div class=\"title_RiltKdop13\">\n<p class=\"text_TAw0W35QK_ comfy_TAw0W35QK_ sizeTitle2_TAw0W35QK_ weightNormal_TAw0W35QK_ primary_i3MsQsqoe0\" data-selenium=\"productTitle\"><span style=\"font-size: 16px\">Elgato Wave Mic Arm LP<\/span><\/p>\n<\/div>\n","protected":false},"featured_media":8037,"template":"","meta":{"om_disable_all_campaigns":false},"pwb-brand":[],"product_brand":[],"product_cat":[682],"product_tag":[716,715],"class_list":{"0":"post-8036","1":"product","2":"type-product","3":"status-publish","4":"has-post-thumbnail","6":"product_cat-elgato","7":"product_tag-10aan9901","8":"product_tag-wave-mic-arm","10":"first","11":"instock","12":"shipping-taxable","13":"purchasable","14":"product-type-simple"},"aioseo_notices":[],"jetpack_sharing_enabled":true,"brands":[],"_links":{"self":[{"href":"https:\/\/proservice.com.ar\/index.php\/wp-json\/wp\/v2\/product\/8036","targetHints":{"allow":["GET"]}}],"collection":[{"href":"https:\/\/proservice.com.ar\/index.php\/wp-json\/wp\/v2\/product"}],"about":[{"href":"https:\/\/proservice.com.ar\/index.php\/wp-json\/wp\/v2\/types\/product"}],"wp:featuredmedia":[{"embeddable":true,"href":"https:\/\/proservice.com.ar\/index.php\/wp-json\/wp\/v2\/media\/8037"}],"wp:attachment":[{"href":"https:\/\/proservice.com.ar\/index.php\/wp-json\/wp\/v2\/media?parent=8036"}],"wp:term":[{"taxonomy":"pwb-brand","embeddable":true,"href":"https:\/\/proservice.com.ar\/index.php\/wp-json\/wp\/v2\/pwb-brand?post=8036"},{"taxonomy":"product_brand","embeddable":true,"href":"https:\/\/proservice.com.ar\/index.php\/wp-json\/wp\/v2\/product_brand?post=8036"},{"taxonomy":"product_cat","embeddable":true,"href":"https:\/\/proservice.com.ar\/index.php\/wp-json\/wp\/v2\/product_cat?post=8036"},{"taxonomy":"product_tag","embeddable":true,"href":"https:\/\/proservice.com.ar\/index.php\/wp-json\/wp\/v2\/product_tag?post=8036"}],"curies":[{"name":"wp","href":"https:\/\/api.w.org\/{rel}","templated":true}]}}