{"id":8046,"date":"2025-01-07T15:54:28","date_gmt":"2025-01-07T18:54:28","guid":{"rendered":"https:\/\/proservice.com.ar\/?post_type=product&#038;p=8046"},"modified":"2026-03-02T10:51:56","modified_gmt":"2026-03-02T13:51:56","slug":"tilta-lightweight-shoulder-rig-black","status":"publish","type":"product","link":"https:\/\/proservice.com.ar\/index.php\/product\/tilta-lightweight-shoulder-rig-black\/","title":{"rendered":"Tilta Lightweight Shoulder Rig (Black)"},"content":{"rendered":"<p>Graba v\u00eddeos a mano alzada con tu c\u00e1mara de cine compacta o DSLR con este soporte de hombro ligero negro de Tilta . Incluye todos los accesorios necesarios para montar una montura de c\u00e1mara totalmente funcional con funciones personalizables. El sistema es compatible con placas Manfrotto y Arca para una amplia gama de dispositivos de grabaci\u00f3n.<\/p>\n<p>M\u00faltiples roscas de 1\/4&#8243;-20, un riel NATO y un soporte para varilla LWS de 15 mm permiten conectar accesorios adicionales como brazos articulados, contrapesos o placas de bater\u00eda al equipo. La configuraci\u00f3n del equipo de hombro incluye empu\u00f1aduras dobles y una hombrera, todas ajustables para un equilibrio y una comodidad \u00f3ptimos. Los brazos con roseta permiten un ajuste preciso de la longitud y el \u00e1ngulo de las empu\u00f1aduras para mayor comodidad y precisi\u00f3n operativa.<\/p>\n<div class=\"title_OMS5rN7R1Z\">\n<div class=\"text_TAw0W35QK_ comfy_TAw0W35QK_ sizeTitle4_TAw0W35QK_ weightBold_TAw0W35QK_ primary_i3MsQsqoe0\" data-selenium=\"sellingPointsTitle\"><strong><span dir=\"auto\">Caracter\u00edsticas principales:\u00a0<\/span><\/strong><\/div>\n<\/div>\n<ul class=\"list_OMS5rN7R1Z\">\n<li class=\"listItem_OMS5rN7R1Z\" data-selenium=\"sellingPointsListItem\"><span dir=\"auto\">Sistema de soporte de hombro LWS de 15 mm<\/span><\/li>\n<li class=\"listItem_OMS5rN7R1Z\" data-selenium=\"sellingPointsListItem\"><span dir=\"auto\">Compatibilidad dual con Manfrotto y Arca<\/span><\/li>\n<li class=\"listItem_OMS5rN7R1Z\" data-selenium=\"sellingPointsListItem\"><span dir=\"auto\">Compatible con c\u00e1maras de cine compactas<\/span><\/li>\n<li class=\"listItem_OMS5rN7R1Z\" data-selenium=\"sellingPointsListItem\"><span dir=\"auto\">Varias roscas de 1\/4&#8243;-20, un riel NATO<\/span><\/li>\n<li class=\"listItem_OMS5rN7R1Z\" data-selenium=\"sellingPointsListItem\"><span dir=\"auto\">Incluye empu\u00f1aduras y hombreras.<\/span><\/li>\n<li class=\"listItem_OMS5rN7R1Z\" data-selenium=\"sellingPointsListItem\"><span dir=\"auto\">Brazos de roseta ajustables<\/span><\/li>\n<\/ul>\n","protected":false},"excerpt":{"rendered":"<p>Tilta Lightweight Shoulder Rig<\/p>\n","protected":false},"featured_media":8049,"template":"","meta":{"om_disable_all_campaigns":false},"pwb-brand":[],"product_brand":[],"product_cat":[59,84],"product_tag":[717],"class_list":{"0":"post-8046","1":"product","2":"type-product","3":"status-publish","4":"has-post-thumbnail","6":"product_cat-camera-cage-and-kit","7":"product_cat-tilta","8":"product_tag-ta-lsr-b","10":"first","11":"outofstock","12":"shipping-taxable","13":"purchasable","14":"product-type-simple"},"aioseo_notices":[],"jetpack_sharing_enabled":true,"brands":[],"_links":{"self":[{"href":"https:\/\/proservice.com.ar\/index.php\/wp-json\/wp\/v2\/product\/8046","targetHints":{"allow":["GET"]}}],"collection":[{"href":"https:\/\/proservice.com.ar\/index.php\/wp-json\/wp\/v2\/product"}],"about":[{"href":"https:\/\/proservice.com.ar\/index.php\/wp-json\/wp\/v2\/types\/product"}],"wp:featuredmedia":[{"embeddable":true,"href":"https:\/\/proservice.com.ar\/index.php\/wp-json\/wp\/v2\/media\/8049"}],"wp:attachment":[{"href":"https:\/\/proservice.com.ar\/index.php\/wp-json\/wp\/v2\/media?parent=8046"}],"wp:term":[{"taxonomy":"pwb-brand","embeddable":true,"href":"https:\/\/proservice.com.ar\/index.php\/wp-json\/wp\/v2\/pwb-brand?post=8046"},{"taxonomy":"product_brand","embeddable":true,"href":"https:\/\/proservice.com.ar\/index.php\/wp-json\/wp\/v2\/product_brand?post=8046"},{"taxonomy":"product_cat","embeddable":true,"href":"https:\/\/proservice.com.ar\/index.php\/wp-json\/wp\/v2\/product_cat?post=8046"},{"taxonomy":"product_tag","embeddable":true,"href":"https:\/\/proservice.com.ar\/index.php\/wp-json\/wp\/v2\/product_tag?post=8046"}],"curies":[{"name":"wp","href":"https:\/\/api.w.org\/{rel}","templated":true}]}}