{"id":8051,"date":"2025-01-07T15:58:49","date_gmt":"2025-01-07T18:58:49","guid":{"rendered":"https:\/\/proservice.com.ar\/?post_type=product&#038;p=8051"},"modified":"2026-01-07T16:02:31","modified_gmt":"2026-01-07T19:02:31","slug":"tilta-battery-plate-type-iii-for-sony-fx9-v-mount","status":"publish","type":"product","link":"https:\/\/proservice.com.ar\/index.php\/product\/tilta-battery-plate-type-iii-for-sony-fx9-v-mount\/","title":{"rendered":"Tilta Battery Plate Type III for Sony FX9 (V-Mount)"},"content":{"rendered":"<div class=\"productDescription_UbV5SNP5Eo\" data-selenium=\"overviewLongDescription\">\n<div class=\"js-injected-html text_UbV5SNP5Eo\">\n<p><span dir=\"auto\">A\u00f1ade una placa de bater\u00eda profesional para alimentar tu Sony PXW-FX9 y sus accesorios con esta\u00a0<\/span><span dir=\"auto\">placa de bater\u00eda<\/span><span dir=\"auto\">\u00a0con montura en V de\u00a0<\/span><span dir=\"auto\">Tilta<\/span><span dir=\"auto\">\u00a0. La placa se monta en tu FX9 mediante la parte posterior de la placa superior de la jaula de la c\u00e1mara Tilta FX9, alineada con la parte posterior de la c\u00e1mara. Esto te permite usar una bater\u00eda con montura en V profesional para alimentar la c\u00e1mara FX9, luces, monitores, micr\u00f3fonos u otros dispositivos gracias a sus m\u00faltiples salidas de alimentaci\u00f3n.<\/span><\/p>\n<p><span dir=\"auto\">La placa cuenta con tres salidas D-Tap para alimentar simult\u00e1neamente una variedad de accesorios y cuenta con una entrada de alimentaci\u00f3n tipo LENO de 6 pines para el m\u00f3dulo de alimentaci\u00f3n opcional externo.<\/span><\/p>\n<\/div>\n<\/div>\n<div>\n<div class=\"feature_UbV5SNP5Eo\">\n<div class=\"feature_UbV5SNP5Eo\">\n<div class=\"feature_UbV5SNP5Eo\">\n<div class=\"featureHeader_UbV5SNP5Eo\">\n<div class=\"text_TAw0W35QK_ comfy_TAw0W35QK_ sizeTitle2_TAw0W35QK_ weightNormal_TAw0W35QK_ primary_i3MsQsqoe0\"><span dir=\"auto\">Compatibilidad<\/span><\/div>\n<\/div>\n<div>\n<div class=\"js-injected-html text_UbV5SNP5Eo\"><span dir=\"auto\">Bater\u00eda profesional con montura V\u00a0para c\u00e1mara Sony PXW-FX9<\/span><\/div>\n<div><\/div>\n<\/div>\n<div>\n<div class=\"title_OMS5rN7R1Z\">\n<div class=\"text_TAw0W35QK_ comfy_TAw0W35QK_ sizeTitle4_TAw0W35QK_ weightBold_TAw0W35QK_ primary_i3MsQsqoe0\" data-selenium=\"sellingPointsTitle\"><strong><span dir=\"auto\">Caracter\u00edsticas principales:<\/span><\/strong><\/div>\n<\/div>\n<ul class=\"list_OMS5rN7R1Z\">\n<li class=\"listItem_OMS5rN7R1Z\" data-selenium=\"sellingPointsListItem\"><span dir=\"auto\">Placa de bater\u00eda con montura V<\/span><\/li>\n<li class=\"listItem_OMS5rN7R1Z\" data-selenium=\"sellingPointsListItem\"><span dir=\"auto\">C\u00e1mara Power PXW-FX9 y accesorios<\/span><\/li>\n<li class=\"listItem_OMS5rN7R1Z\" data-selenium=\"sellingPointsListItem\"><span dir=\"auto\">Se monta en la parte posterior de la placa superior de la jaula.<\/span><\/li>\n<li class=\"listItem_OMS5rN7R1Z\" data-selenium=\"sellingPointsListItem\"><span dir=\"auto\">Entrada de alimentaci\u00f3n de 6 pines para redundancia<\/span><\/li>\n<li class=\"listItem_OMS5rN7R1Z\" data-selenium=\"sellingPointsListItem\"><span dir=\"auto\">3 salidas D-Tap para alimentar accesorios<\/span><\/li>\n<li class=\"listItem_OMS5rN7R1Z\" data-selenium=\"sellingPointsListItem\"><span dir=\"auto\">Entrada para m\u00f3dulo de potencia opcional<\/span><\/li>\n<\/ul>\n<\/div>\n<\/div>\n<\/div>\n<\/div>\n<\/div>\n","protected":false},"excerpt":{"rendered":"<p>Tilta Battery Plate Type III for Sony FX9 (V-Mount)<\/p>\n","protected":false},"featured_media":8052,"template":"","meta":{"om_disable_all_campaigns":false},"pwb-brand":[],"product_brand":[],"product_cat":[84],"product_tag":[718],"class_list":{"0":"post-8051","1":"product","2":"type-product","3":"status-publish","4":"has-post-thumbnail","6":"product_cat-tilta","7":"product_tag-es-t18-btp3-v","9":"first","10":"instock","11":"shipping-taxable","12":"purchasable","13":"product-type-simple"},"aioseo_notices":[],"jetpack_sharing_enabled":true,"brands":[],"_links":{"self":[{"href":"https:\/\/proservice.com.ar\/index.php\/wp-json\/wp\/v2\/product\/8051","targetHints":{"allow":["GET"]}}],"collection":[{"href":"https:\/\/proservice.com.ar\/index.php\/wp-json\/wp\/v2\/product"}],"about":[{"href":"https:\/\/proservice.com.ar\/index.php\/wp-json\/wp\/v2\/types\/product"}],"wp:featuredmedia":[{"embeddable":true,"href":"https:\/\/proservice.com.ar\/index.php\/wp-json\/wp\/v2\/media\/8052"}],"wp:attachment":[{"href":"https:\/\/proservice.com.ar\/index.php\/wp-json\/wp\/v2\/media?parent=8051"}],"wp:term":[{"taxonomy":"pwb-brand","embeddable":true,"href":"https:\/\/proservice.com.ar\/index.php\/wp-json\/wp\/v2\/pwb-brand?post=8051"},{"taxonomy":"product_brand","embeddable":true,"href":"https:\/\/proservice.com.ar\/index.php\/wp-json\/wp\/v2\/product_brand?post=8051"},{"taxonomy":"product_cat","embeddable":true,"href":"https:\/\/proservice.com.ar\/index.php\/wp-json\/wp\/v2\/product_cat?post=8051"},{"taxonomy":"product_tag","embeddable":true,"href":"https:\/\/proservice.com.ar\/index.php\/wp-json\/wp\/v2\/product_tag?post=8051"}],"curies":[{"name":"wp","href":"https:\/\/api.w.org\/{rel}","templated":true}]}}