{"id":8058,"date":"2025-09-07T16:05:42","date_gmt":"2025-09-07T19:05:42","guid":{"rendered":"https:\/\/proservice.com.ar\/?post_type=product&#038;p=8058"},"modified":"2026-02-11T16:13:55","modified_gmt":"2026-02-11T19:13:55","slug":"obsbot-extendable-tripod","status":"publish","type":"product","link":"https:\/\/proservice.com.ar\/index.php\/product\/obsbot-extendable-tripod\/","title":{"rendered":"OBSBOT Extendable Tripod"},"content":{"rendered":"<p>El tr\u00edpode extensible OBSBOT est\u00e1 dise\u00f1ado para las c\u00e1maras de la serie OBSBOT Tiny, pero tambi\u00e9n funciona con todos los dem\u00e1s dispositivos que tengan una rosca universal de 1\/4&#8243;-20 para su montaje. El tr\u00edpode compacto y ligero viene con un soporte de extensi\u00f3n que le permite extenderse de 7.8&#8243; a 30.7&#8243;, lo que facilita una amplia gama de \u00e1ngulos de disparo y mejora las configuraciones creativas<\/p>\n<div class=\"title_OMS5rN7R1Z\">\n<div class=\"text_TAw0W35QK_ comfy_TAw0W35QK_ sizeTitle4_TAw0W35QK_ weightBold_TAw0W35QK_ primary_i3MsQsqoe0\" data-selenium=\"sellingPointsTitle\"><strong><span dir=\"auto\">Caracter\u00edsticas principales<\/span><\/strong><\/div>\n<\/div>\n<ul class=\"list_OMS5rN7R1Z\">\n<li class=\"listItem_OMS5rN7R1Z\" data-selenium=\"sellingPointsListItem\"><span dir=\"auto\">Dise\u00f1ado para la serie OBSBOT Tiny<\/span><\/li>\n<li class=\"listItem_OMS5rN7R1Z\" data-selenium=\"sellingPointsListItem\"><span dir=\"auto\">Funciona con soportes universales de 1\/4&#8243;-20<\/span><\/li>\n<li class=\"listItem_OMS5rN7R1Z\" data-selenium=\"sellingPointsListItem\"><span dir=\"auto\">Se extiende de 7,8 a 30,7&#8243;<\/span><\/li>\n<li class=\"listItem_OMS5rN7R1Z\" data-selenium=\"sellingPointsListItem\"><span dir=\"auto\">Soporte de extensi\u00f3n incluido<\/span><\/li>\n<\/ul>\n","protected":false},"excerpt":{"rendered":"<p>OBSBOT Extendable Tripod<\/p>\n","protected":false},"featured_media":8059,"template":"","meta":{"om_disable_all_campaigns":false},"pwb-brand":[],"product_brand":[],"product_cat":[545],"product_tag":[719],"class_list":{"0":"post-8058","1":"product","2":"type-product","3":"status-publish","4":"has-post-thumbnail","6":"product_cat-obsbot","7":"product_tag-otb-2110-ce","9":"first","10":"outofstock","11":"shipping-taxable","12":"purchasable","13":"product-type-simple"},"aioseo_notices":[],"jetpack_sharing_enabled":true,"brands":[],"_links":{"self":[{"href":"https:\/\/proservice.com.ar\/index.php\/wp-json\/wp\/v2\/product\/8058","targetHints":{"allow":["GET"]}}],"collection":[{"href":"https:\/\/proservice.com.ar\/index.php\/wp-json\/wp\/v2\/product"}],"about":[{"href":"https:\/\/proservice.com.ar\/index.php\/wp-json\/wp\/v2\/types\/product"}],"wp:featuredmedia":[{"embeddable":true,"href":"https:\/\/proservice.com.ar\/index.php\/wp-json\/wp\/v2\/media\/8059"}],"wp:attachment":[{"href":"https:\/\/proservice.com.ar\/index.php\/wp-json\/wp\/v2\/media?parent=8058"}],"wp:term":[{"taxonomy":"pwb-brand","embeddable":true,"href":"https:\/\/proservice.com.ar\/index.php\/wp-json\/wp\/v2\/pwb-brand?post=8058"},{"taxonomy":"product_brand","embeddable":true,"href":"https:\/\/proservice.com.ar\/index.php\/wp-json\/wp\/v2\/product_brand?post=8058"},{"taxonomy":"product_cat","embeddable":true,"href":"https:\/\/proservice.com.ar\/index.php\/wp-json\/wp\/v2\/product_cat?post=8058"},{"taxonomy":"product_tag","embeddable":true,"href":"https:\/\/proservice.com.ar\/index.php\/wp-json\/wp\/v2\/product_tag?post=8058"}],"curies":[{"name":"wp","href":"https:\/\/api.w.org\/{rel}","templated":true}]}}