{"id":8066,"date":"2025-08-15T16:36:46","date_gmt":"2025-08-15T19:36:46","guid":{"rendered":"https:\/\/proservice.com.ar\/?post_type=product&#038;p=8066"},"modified":"2026-02-10T14:10:21","modified_gmt":"2026-02-10T17:10:21","slug":"obsbot-smart-remote-controller-with-usb-a-dongle-for-tiny-2","status":"publish","type":"product","link":"https:\/\/proservice.com.ar\/index.php\/product\/obsbot-smart-remote-controller-with-usb-a-dongle-for-tiny-2\/","title":{"rendered":"OBSBOT Smart Remote Controller with USB-A Dongle for Tiny 2"},"content":{"rendered":"<p>Controle su c\u00e1mara PTZ y haga clic simult\u00e1neamente en su presentaci\u00f3n con este control remoto inteligente con adaptador USB-A de OBSBOT . Al funcionar tambi\u00e9n como control remoto para el PTZ Tiny 2 con IA y como clicker l\u00e1ser para presentaciones, el dispositivo puede controlar hasta cuatro c\u00e1maras diferentes y activar r\u00e1pidamente funciones avanzadas como el seguimiento humano y el zoom autom\u00e1tico. El dise\u00f1o intuitivo de los botones lo hace adecuado para que cualquiera lo opere con relativa facilidad y su compatibilidad se extiende a otros modelos seleccionados de OBSBOT Tiny, aunque no todas las teclas funcionar\u00e1n a su m\u00e1ximo potencial cuando se usen con el Tiny o el Tiny 4K. El controlador requiere dos pilas AAA disponibles por separado para su funcionamiento<\/p>\n<div class=\"title_OMS5rN7R1Z\">\n<div class=\"text_TAw0W35QK_ comfy_TAw0W35QK_ sizeTitle4_TAw0W35QK_ weightBold_TAw0W35QK_ primary_i3MsQsqoe0\" data-selenium=\"sellingPointsTitle\"><strong><span dir=\"auto\">Caracter\u00edsticas principales:<\/span><\/strong><\/div>\n<\/div>\n<ul>\n<li style=\"list-style-type: none\">\n<ul class=\"list_OMS5rN7R1Z\">\n<li class=\"listItem_OMS5rN7R1Z\" data-selenium=\"sellingPointsListItem\"><span dir=\"auto\">Funciona tambi\u00e9n como control remoto\/clic l\u00e1ser<\/span><\/li>\n<li class=\"listItem_OMS5rN7R1Z\" data-selenium=\"sellingPointsListItem\"><span dir=\"auto\">Controla hasta cuatro dispositivos<\/span><\/li>\n<li class=\"listItem_OMS5rN7R1Z\" data-selenium=\"sellingPointsListItem\"><span dir=\"auto\">Dise\u00f1o intuitivo de botones<\/span><\/li>\n<li class=\"listItem_OMS5rN7R1Z\" data-selenium=\"sellingPointsListItem\"><span dir=\"auto\">Seguimiento humano y activaci\u00f3n autom\u00e1tica del zoom<\/span><\/li>\n<\/ul>\n<\/li>\n<\/ul>\n","protected":false},"excerpt":{"rendered":"<p>OBSBOT Smart Remote Controller with USB-A Dongle for Tiny 2<\/p>\n","protected":false},"featured_media":8068,"template":"","meta":{"om_disable_all_campaigns":false},"pwb-brand":[],"product_brand":[],"product_cat":[545],"product_tag":[722],"class_list":{"0":"post-8066","1":"product","2":"type-product","3":"status-publish","4":"has-post-thumbnail","6":"product_cat-obsbot","7":"product_tag-orb-2209-ct","9":"first","10":"instock","11":"sale","12":"shipping-taxable","13":"purchasable","14":"product-type-simple"},"aioseo_notices":[],"jetpack_sharing_enabled":true,"brands":[],"_links":{"self":[{"href":"https:\/\/proservice.com.ar\/index.php\/wp-json\/wp\/v2\/product\/8066","targetHints":{"allow":["GET"]}}],"collection":[{"href":"https:\/\/proservice.com.ar\/index.php\/wp-json\/wp\/v2\/product"}],"about":[{"href":"https:\/\/proservice.com.ar\/index.php\/wp-json\/wp\/v2\/types\/product"}],"wp:featuredmedia":[{"embeddable":true,"href":"https:\/\/proservice.com.ar\/index.php\/wp-json\/wp\/v2\/media\/8068"}],"wp:attachment":[{"href":"https:\/\/proservice.com.ar\/index.php\/wp-json\/wp\/v2\/media?parent=8066"}],"wp:term":[{"taxonomy":"pwb-brand","embeddable":true,"href":"https:\/\/proservice.com.ar\/index.php\/wp-json\/wp\/v2\/pwb-brand?post=8066"},{"taxonomy":"product_brand","embeddable":true,"href":"https:\/\/proservice.com.ar\/index.php\/wp-json\/wp\/v2\/product_brand?post=8066"},{"taxonomy":"product_cat","embeddable":true,"href":"https:\/\/proservice.com.ar\/index.php\/wp-json\/wp\/v2\/product_cat?post=8066"},{"taxonomy":"product_tag","embeddable":true,"href":"https:\/\/proservice.com.ar\/index.php\/wp-json\/wp\/v2\/product_tag?post=8066"}],"curies":[{"name":"wp","href":"https:\/\/api.w.org\/{rel}","templated":true}]}}