{"id":8069,"date":"2024-10-07T16:41:22","date_gmt":"2024-10-07T19:41:22","guid":{"rendered":"https:\/\/proservice.com.ar\/?post_type=product&#038;p=8069"},"modified":"2026-04-06T10:11:38","modified_gmt":"2026-04-06T13:11:38","slug":"obsbot-smart-remote-controller-with-usb-charging-cable-for-tail-air-ptz-camera","status":"publish","type":"product","link":"https:\/\/proservice.com.ar\/index.php\/product\/obsbot-smart-remote-controller-with-usb-charging-cable-for-tail-air-ptz-camera\/","title":{"rendered":"OBSBOT Smart Remote Controller with USB Charging Cable for Tail Air PTZ Camera"},"content":{"rendered":"<p>Controla completamente tu c\u00e1mara PTZ Tail Air con la conectividad Bluetooth de este control remoto inteligente de OBSBOT . Dise\u00f1ado con un giroscopio integrado que te permite controlar el estabilizador de la c\u00e1mara con solo mover las mu\u00f1ecas, este control remoto te permite controlar hasta tres c\u00e1maras Tail Air. Incluye un cable de carga USB-C a USB-A.<\/p>\n<p>Control PTZ preciso mediante el bot\u00f3n del card\u00e1n o movimientos de la mu\u00f1eca<br \/>\nPuede utilizar su bot\u00f3n de control de card\u00e1n estilo joystick para control PTZ, pero el giroscopio incorporado tambi\u00e9n le permite controlar el card\u00e1n de la c\u00e1mara moviendo sus mu\u00f1ecas.<br \/>\nConecte de forma inal\u00e1mbrica hasta tres c\u00e1maras Tail Air<br \/>\nUn control remoto puede conectar y cambiar entre hasta tres dispositivos OBSBOT Tail Air a trav\u00e9s de una conexi\u00f3n Bluetooth.<\/p>\n<div class=\"title_OMS5rN7R1Z\">\n<div class=\"text_TAw0W35QK_ comfy_TAw0W35QK_ sizeTitle4_TAw0W35QK_ weightBold_TAw0W35QK_ primary_i3MsQsqoe0\" data-selenium=\"sellingPointsTitle\"><strong><span dir=\"auto\">Caracter\u00edsticas principales:<\/span><\/strong><\/div>\n<\/div>\n<ul class=\"list_OMS5rN7R1Z\">\n<li class=\"listItem_OMS5rN7R1Z\" data-selenium=\"sellingPointsListItem\"><span dir=\"auto\">Para usar con la c\u00e1mara PTZ Tail Air<\/span><\/li>\n<li class=\"listItem_OMS5rN7R1Z\" data-selenium=\"sellingPointsListItem\"><span dir=\"auto\">Compatible con conectividad Bluetooth<\/span><\/li>\n<li class=\"listItem_OMS5rN7R1Z\" data-selenium=\"sellingPointsListItem\"><span dir=\"auto\">Permite cambiar entre hasta 3 c\u00e1maras<\/span><\/li>\n<li class=\"listItem_OMS5rN7R1Z\" data-selenium=\"sellingPointsListItem\"><span dir=\"auto\">Giroscopio integrado<\/span><\/li>\n<li class=\"listItem_OMS5rN7R1Z\" data-selenium=\"sellingPointsListItem\"><span dir=\"auto\">Cable de carga USB-C a USB-A incluido<\/span><\/li>\n<\/ul>\n","protected":false},"excerpt":{"rendered":"<p>OBSBOT Smart Remote Controller with USB Charging Cable for Tail Air PTZ Camera<\/p>\n","protected":false},"featured_media":8071,"template":"","meta":{"om_disable_all_campaigns":false},"pwb-brand":[],"product_brand":[],"product_cat":[545],"product_tag":[723],"class_list":{"0":"post-8069","1":"product","2":"type-product","3":"status-publish","4":"has-post-thumbnail","6":"product_cat-obsbot","7":"product_tag-orb-2205-ct","9":"first","10":"outofstock","11":"sale","12":"shipping-taxable","13":"purchasable","14":"product-type-simple"},"aioseo_notices":[],"jetpack_sharing_enabled":true,"brands":[],"_links":{"self":[{"href":"https:\/\/proservice.com.ar\/index.php\/wp-json\/wp\/v2\/product\/8069","targetHints":{"allow":["GET"]}}],"collection":[{"href":"https:\/\/proservice.com.ar\/index.php\/wp-json\/wp\/v2\/product"}],"about":[{"href":"https:\/\/proservice.com.ar\/index.php\/wp-json\/wp\/v2\/types\/product"}],"wp:featuredmedia":[{"embeddable":true,"href":"https:\/\/proservice.com.ar\/index.php\/wp-json\/wp\/v2\/media\/8071"}],"wp:attachment":[{"href":"https:\/\/proservice.com.ar\/index.php\/wp-json\/wp\/v2\/media?parent=8069"}],"wp:term":[{"taxonomy":"pwb-brand","embeddable":true,"href":"https:\/\/proservice.com.ar\/index.php\/wp-json\/wp\/v2\/pwb-brand?post=8069"},{"taxonomy":"product_brand","embeddable":true,"href":"https:\/\/proservice.com.ar\/index.php\/wp-json\/wp\/v2\/product_brand?post=8069"},{"taxonomy":"product_cat","embeddable":true,"href":"https:\/\/proservice.com.ar\/index.php\/wp-json\/wp\/v2\/product_cat?post=8069"},{"taxonomy":"product_tag","embeddable":true,"href":"https:\/\/proservice.com.ar\/index.php\/wp-json\/wp\/v2\/product_tag?post=8069"}],"curies":[{"name":"wp","href":"https:\/\/api.w.org\/{rel}","templated":true}]}}