{"id":8074,"date":"2024-05-07T16:45:06","date_gmt":"2024-05-07T19:45:06","guid":{"rendered":"https:\/\/proservice.com.ar\/?post_type=product&#038;p=8074"},"modified":"2026-03-17T16:11:57","modified_gmt":"2026-03-17T19:11:57","slug":"obsbot-usb-c-to-ethernet-poe-adapter","status":"publish","type":"product","link":"https:\/\/proservice.com.ar\/index.php\/product\/obsbot-usb-c-to-ethernet-poe-adapter\/","title":{"rendered":"OBSBOT USB-C to Ethernet PoE Adapter"},"content":{"rendered":"<p>Disfrute de una conexi\u00f3n por cable estable y de baja latencia entre su red y OBSBOT Tail Air con este adaptador USB-C a Ethernet PoE .<\/p>\n<p>El cable USB-C integrado de 1,83 m se conecta a su c\u00e1mara PTZ, mientras que el puerto Ethernet de 10\/100 Mb\/s transfiere datos y hasta 13 W de potencia con dispositivos de red compatibles. No se preocupe si su red no es compatible con PoE. Puede alimentar su c\u00e1mara conectando un adaptador de corriente USB-C (comprado por separado) al puerto de carga dedicado de 5 V y 2 A<\/p>\n<p>Conexi\u00f3n Ethernet estable<br \/>\nExperimente una conectividad Ethernet estable y fiable mientras disfruta de una menor latencia en comparaci\u00f3n con las conexiones inal\u00e1mbricas<br \/>\nAlimentaci\u00f3n a trav\u00e9s de Ethernet (PoE)<br \/>\nLa tecnolog\u00eda PoE proporciona conectividad de red y suministro de energ\u00eda simult\u00e1neos a trav\u00e9s de un \u00fanico adaptador, lo que simplifica el cableado y la gesti\u00f3n del dispositivo.<br \/>\nPuerto de carga USB-C<br \/>\nSe puede conectar una fuente de alimentaci\u00f3n adicional a trav\u00e9s del puerto USB-C, lo que garantiza que el Tail Air se cargue cuando la compatibilidad con PoE no est\u00e9 disponible<\/p>\n<div class=\"title_OMS5rN7R1Z\">\n<div class=\"text_TAw0W35QK_ comfy_TAw0W35QK_ sizeTitle4_TAw0W35QK_ weightBold_TAw0W35QK_ primary_i3MsQsqoe0\" data-selenium=\"sellingPointsTitle\"><strong><span dir=\"auto\">Caracter\u00edsticas principales:<\/span><\/strong><\/div>\n<\/div>\n<ul class=\"list_OMS5rN7R1Z\">\n<li class=\"listItem_OMS5rN7R1Z\" data-selenium=\"sellingPointsListItem\"><span dir=\"auto\">Funciona con OBSBOT Tail Air<\/span><\/li>\n<li class=\"listItem_OMS5rN7R1Z\" data-selenium=\"sellingPointsListItem\"><span dir=\"auto\">Cable USB-C integrado (6&#8242;)<\/span><\/li>\n<li class=\"listItem_OMS5rN7R1Z\" data-selenium=\"sellingPointsListItem\"><span dir=\"auto\">Puerto de carga USB-C de 5 V y 2 A<\/span><\/li>\n<li class=\"listItem_OMS5rN7R1Z\" data-selenium=\"sellingPointsListItem\"><span dir=\"auto\">Puerto Ethernet PoE de 10\/100 Mb\/s<\/span><\/li>\n<li class=\"listItem_OMS5rN7R1Z\" data-selenium=\"sellingPointsListItem\"><span dir=\"auto\">Alimentaci\u00f3n PoE de hasta 13 W<\/span><\/li>\n<\/ul>\n","protected":false},"excerpt":{"rendered":"<p>OBSBOT USB-C to Ethernet PoE Adapter<\/p>\n","protected":false},"featured_media":8077,"template":"","meta":{"om_disable_all_campaigns":false},"pwb-brand":[],"product_brand":[],"product_cat":[545],"product_tag":[724],"class_list":{"0":"post-8074","1":"product","2":"type-product","3":"status-publish","4":"has-post-thumbnail","6":"product_cat-obsbot","7":"product_tag-oeb-2201-ct","9":"first","10":"instock","11":"sale","12":"shipping-taxable","13":"purchasable","14":"product-type-simple"},"aioseo_notices":[],"jetpack_sharing_enabled":true,"brands":[],"_links":{"self":[{"href":"https:\/\/proservice.com.ar\/index.php\/wp-json\/wp\/v2\/product\/8074","targetHints":{"allow":["GET"]}}],"collection":[{"href":"https:\/\/proservice.com.ar\/index.php\/wp-json\/wp\/v2\/product"}],"about":[{"href":"https:\/\/proservice.com.ar\/index.php\/wp-json\/wp\/v2\/types\/product"}],"wp:featuredmedia":[{"embeddable":true,"href":"https:\/\/proservice.com.ar\/index.php\/wp-json\/wp\/v2\/media\/8077"}],"wp:attachment":[{"href":"https:\/\/proservice.com.ar\/index.php\/wp-json\/wp\/v2\/media?parent=8074"}],"wp:term":[{"taxonomy":"pwb-brand","embeddable":true,"href":"https:\/\/proservice.com.ar\/index.php\/wp-json\/wp\/v2\/pwb-brand?post=8074"},{"taxonomy":"product_brand","embeddable":true,"href":"https:\/\/proservice.com.ar\/index.php\/wp-json\/wp\/v2\/product_brand?post=8074"},{"taxonomy":"product_cat","embeddable":true,"href":"https:\/\/proservice.com.ar\/index.php\/wp-json\/wp\/v2\/product_cat?post=8074"},{"taxonomy":"product_tag","embeddable":true,"href":"https:\/\/proservice.com.ar\/index.php\/wp-json\/wp\/v2\/product_tag?post=8074"}],"curies":[{"name":"wp","href":"https:\/\/api.w.org\/{rel}","templated":true}]}}