{"id":8090,"date":"2026-02-03T14:19:38","date_gmt":"2026-02-03T17:19:38","guid":{"rendered":"https:\/\/proservice.com.ar\/?post_type=product&#038;p=8090"},"modified":"2026-03-15T10:14:09","modified_gmt":"2026-03-15T13:14:09","slug":"elgato-prompter-xl","status":"publish","type":"product","link":"https:\/\/proservice.com.ar\/index.php\/product\/elgato-prompter-xl\/","title":{"rendered":"Elgato Prompter XL"},"content":{"rendered":"<p><span dir=\"auto\">A\u00f1ade un prompter para que tus presentaciones y transmisiones de Twitch fluyan con fluidez con el <\/span><span dir=\"auto\">Prompter XL<\/span><span dir=\"auto\">\u00a0de\u00a0<\/span><span dir=\"auto\">Elgato<\/span><span dir=\"auto\">\u00a0. La pantalla Full HD de 15,6&#8243; est\u00e1 dise\u00f1ada para leerse a distancia y tambi\u00e9n funciona como monitor adicional para mejorar tu multitarea. Graba o transmite con una c\u00e1mara sin espejo o de estudio con objetivo zoom gracias a los diversos anillos de ajuste del prompter. Un solo cable USB-C se conecta directamente a tu ordenador para una configuraci\u00f3n r\u00e1pida. Usa la app Camera Hub para facilitar ajustes avanzados como la sincronizaci\u00f3n de voz para una lectura intuitiva de guiones o la integraci\u00f3n con Twitch para leer y responder a tu chat directamente en la pantalla del teleprompter.<\/span><\/p>\n","protected":false},"excerpt":{"rendered":"<p>Elgato Prompter XL<\/p>\n","protected":false},"featured_media":8091,"template":"","meta":{"om_disable_all_campaigns":false},"pwb-brand":[],"product_brand":[],"product_cat":[682],"product_tag":[726],"class_list":{"0":"post-8090","1":"product","2":"type-product","3":"status-publish","4":"has-post-thumbnail","6":"product_cat-elgato","7":"product_tag-elgato-prompter-xl","9":"first","10":"onbackorder","11":"shipping-taxable","12":"product-type-simple"},"aioseo_notices":[],"jetpack_sharing_enabled":true,"brands":[],"_links":{"self":[{"href":"https:\/\/proservice.com.ar\/index.php\/wp-json\/wp\/v2\/product\/8090","targetHints":{"allow":["GET"]}}],"collection":[{"href":"https:\/\/proservice.com.ar\/index.php\/wp-json\/wp\/v2\/product"}],"about":[{"href":"https:\/\/proservice.com.ar\/index.php\/wp-json\/wp\/v2\/types\/product"}],"wp:featuredmedia":[{"embeddable":true,"href":"https:\/\/proservice.com.ar\/index.php\/wp-json\/wp\/v2\/media\/8091"}],"wp:attachment":[{"href":"https:\/\/proservice.com.ar\/index.php\/wp-json\/wp\/v2\/media?parent=8090"}],"wp:term":[{"taxonomy":"pwb-brand","embeddable":true,"href":"https:\/\/proservice.com.ar\/index.php\/wp-json\/wp\/v2\/pwb-brand?post=8090"},{"taxonomy":"product_brand","embeddable":true,"href":"https:\/\/proservice.com.ar\/index.php\/wp-json\/wp\/v2\/product_brand?post=8090"},{"taxonomy":"product_cat","embeddable":true,"href":"https:\/\/proservice.com.ar\/index.php\/wp-json\/wp\/v2\/product_cat?post=8090"},{"taxonomy":"product_tag","embeddable":true,"href":"https:\/\/proservice.com.ar\/index.php\/wp-json\/wp\/v2\/product_tag?post=8090"}],"curies":[{"name":"wp","href":"https:\/\/api.w.org\/{rel}","templated":true}]}}