{"id":8097,"date":"2026-02-09T16:42:17","date_gmt":"2026-02-09T19:42:17","guid":{"rendered":"https:\/\/proservice.com.ar\/?post_type=product&#038;p=8097"},"modified":"2026-04-05T15:44:40","modified_gmt":"2026-04-05T18:44:40","slug":"atem-mini-extreme-iso-g2","status":"publish","type":"product","link":"https:\/\/proservice.com.ar\/index.php\/product\/atem-mini-extreme-iso-g2\/","title":{"rendered":"ATEM Mini Extreme ISO G2"},"content":{"rendered":"<p>Este excepcional mezclador compacto para producciones en estudios de alta gama incluye un panel de control profesional, 8 entradas HDMI con conversi\u00f3n de formatos, 3 salidas HDMI independientes, motor de transmisi\u00f3n integrado, visualizaci\u00f3n simult\u00e1nea, compartimiento para tarjetas CFexpress y tecnolog\u00eda Thunderbolt para grabar y reproducir im\u00e1genes. Por otra parte, dispone de una conexi\u00f3n Ethernet 10G para acceder a unidades de almacenamiento en red r\u00e1pidamente, entradas de audio XLR, un reproductor multimedia y un puerto USB que permite detectarlo como una c\u00e1mara web. Adem\u00e1s, permite realizar composiciones por crominancia y grabar las 8 fuentes conectadas individualmente.<\/p>\n<p><strong>Transmisi\u00f3n directa<\/strong><br \/>\nPermite transmitir en directo por Internet mediante los protocolos de transporte seguro y confiable (SRT) o de mensajer\u00eda en tiempo real (RTMP) o una conexi\u00f3n m\u00f3vil compartida a trav\u00e9s del puerto USB-C.<\/p>\n<p><strong>Grabaci\u00f3n directa de audio y video<\/strong><br \/>\nCompartimiento para grabar en unidades CFExpress<br \/>\nGrabaci\u00f3n en unidades USB-C<\/p>\n<p><strong>Grabaci\u00f3n de audio<\/strong><br \/>\n26 x entradas con 2 canales cada una, grabados en archivos .wav individuales de 24 bits a 48 KHz. Incluye 1 entrada para se\u00f1ales anal\u00f3gicas y 8 entradas para fuentes con 2 canales de audio integrado, as\u00ed como 32 canales de audio MADI.<\/p>\n<p><strong>Supervisi\u00f3n simult\u00e1nea de im\u00e1genes<\/strong><br \/>\n16, 13, 10, 7 o 4 ventanas configurables para ver el anticipo, el programa, las 8 fuentes HDMI, la funci\u00f3n SuperSource, el contenido del reproductor multimedia, el estado de la transmisi\u00f3n y la grabaci\u00f3n, y el nivel del audio. Definici\u00f3n para visualizaci\u00f3n simult\u00e1nea HD<\/p>\n<p><strong>Grabaci\u00f3n directa de audio y video<\/strong><br \/>\nCompartimiento para grabar en unidades CFExpress<br \/>\nGrabaci\u00f3n en unidades USB-C<\/p>\n<p><strong>Mezcla de audio<\/strong><br \/>\n26 entradas y 2 canales de mezcla.<br \/>\n(8 HDMI+16MADI+XLR+Thunderbolt)<br \/>\nOpciones para cada canal: On\/Off\/Audio-Follow-Video con control individual de la ganancia.<br \/>\nIndicador de volumen y saturaci\u00f3n. Herramientas de audio Fairlight: compresor, puerta de ruido, limitador y ecualizador param\u00e9trico de 6 bandas. Control de ganancia principal.<\/p>\n","protected":false},"excerpt":{"rendered":"<p>ATEM Mini Extreme ISO G2<\/p>\n","protected":false},"featured_media":8099,"template":"","meta":{"om_disable_all_campaigns":false},"pwb-brand":[],"product_brand":[],"product_cat":[71,66,741],"product_tag":[727],"class_list":{"0":"post-8097","1":"product","2":"type-product","3":"status-publish","4":"has-post-thumbnail","6":"product_cat-blackmagic-design","7":"product_cat-switchers","8":"product_cat-switcher","9":"product_tag-atem-mini-extreme-iso-g2","11":"first","12":"onbackorder","13":"shipping-taxable","14":"product-type-simple"},"aioseo_notices":[],"jetpack_sharing_enabled":true,"brands":[],"_links":{"self":[{"href":"https:\/\/proservice.com.ar\/index.php\/wp-json\/wp\/v2\/product\/8097","targetHints":{"allow":["GET"]}}],"collection":[{"href":"https:\/\/proservice.com.ar\/index.php\/wp-json\/wp\/v2\/product"}],"about":[{"href":"https:\/\/proservice.com.ar\/index.php\/wp-json\/wp\/v2\/types\/product"}],"wp:featuredmedia":[{"embeddable":true,"href":"https:\/\/proservice.com.ar\/index.php\/wp-json\/wp\/v2\/media\/8099"}],"wp:attachment":[{"href":"https:\/\/proservice.com.ar\/index.php\/wp-json\/wp\/v2\/media?parent=8097"}],"wp:term":[{"taxonomy":"pwb-brand","embeddable":true,"href":"https:\/\/proservice.com.ar\/index.php\/wp-json\/wp\/v2\/pwb-brand?post=8097"},{"taxonomy":"product_brand","embeddable":true,"href":"https:\/\/proservice.com.ar\/index.php\/wp-json\/wp\/v2\/product_brand?post=8097"},{"taxonomy":"product_cat","embeddable":true,"href":"https:\/\/proservice.com.ar\/index.php\/wp-json\/wp\/v2\/product_cat?post=8097"},{"taxonomy":"product_tag","embeddable":true,"href":"https:\/\/proservice.com.ar\/index.php\/wp-json\/wp\/v2\/product_tag?post=8097"}],"curies":[{"name":"wp","href":"https:\/\/api.w.org\/{rel}","templated":true}]}}