{"id":8159,"date":"2026-03-03T10:09:34","date_gmt":"2026-03-03T13:09:34","guid":{"rendered":"https:\/\/proservice.com.ar\/?post_type=product&#038;p=8159"},"modified":"2026-03-18T10:33:11","modified_gmt":"2026-03-18T13:33:11","slug":"hyperdeck-shuttle-4k-pro","status":"publish","type":"product","link":"https:\/\/proservice.com.ar\/index.php\/product\/hyperdeck-shuttle-4k-pro\/","title":{"rendered":"HyperDeck Shuttle 4K Pro"},"content":{"rendered":"<p>Este grabador y reproductor avanzado incluye una pantalla LCD t\u00e1ctil de 7\u201d para supervisar las im\u00e1genes y visualizar distintas representaciones gr\u00e1ficas. Adem\u00e1s, cuenta con un mando de b\u00fasqueda de gran tama\u00f1o y controles profesionales que permiten encontrar clips r\u00e1pidamente. Las conexiones SDI 12G facilitan el uso de equipos audiovisuales. Este dispositivo admite se\u00f1ales HDMI 4K, H.264 o H.265, as\u00ed como archivos ProRes, DNx y proxy, ofrece distintas tablas de conversi\u00f3n (LUT) tridimensionales y brinda la posibilidad de grabar en red mediante el puerto Ethernet 10G.<\/p>\n<p>HyperDeck Shuttle 4K Pro<br \/>\nModelo extraordinario que graba archivos H.265, ProRes y DNx en todas las definiciones con una resoluci\u00f3n m\u00e1xima de 2160p60. Incluye tecnolog\u00eda Ethernet 10G, representaciones gr\u00e1ficas y almacenamiento en red interno, as\u00ed como conexiones SDI 12G y HDMI.<\/p>\n<p>Este dispositivo ha sido dise\u00f1ado para escritorios y puede controlarse sencillamente. Su inclinaci\u00f3n leve permite que la mano descanse sobre el mando de b\u00fasqueda, y es posible acceder a los botones con suma facilidad. La inercia natural del mando de b\u00fasqueda permite avanzar o retroceder las im\u00e1genes con rapidez, y la superficie de goma suave resulta agradable al tacto. Por otra parte, el modelo HyperDeck Shuttle 4K Pro incluye una pantalla LCD de 7 pulgadas que facilita la supervisi\u00f3n del material grabado y proporciona diversos datos. Adem\u00e1s, brinda la posibilidad de acceder a los men\u00fas de ajustes de la unidad. El panel trasero incluye todas las conexiones audiovisuales necesarias.<\/p>\n<p>Copias maestras<br \/>\nEs posible grabar copias maestras de gran calidad en archivos ProRes, H.264, H.265 y DNx, as\u00ed como seleccionar audio PCM o AAC. Esto es ideal para crear copias de gran calidad al usar mezcladores ATEM Mini. El dispositivo ofrece todo lo necesario para enviar programas a emisoras y difundirlos a trav\u00e9s de YouTube.<\/p>\n<p>Reproductor multimedia<br \/>\nEl mando giratorio de gran tama\u00f1o permite realizar una b\u00fasqueda visual. Cuando se encuentra el clip deseado, oprimiendo el bot\u00f3n de retroceso se accede al comienzo del mismo, mientras que presionando CLIP se detiene la reproducci\u00f3n al final. El dispositivo tambi\u00e9n puede controlarse desde un mezclador ATEM, mediante una red Ethernet.<\/p>\n<p>Monitor de 7\u201d integrado<br \/>\ncon controles t\u00e1ctiles<br \/>\nEl modelo HyperDeck Shuttle 4K Pro incluye una pantalla LCD t\u00e1ctil innovadora que permite controlar la unidad, supervisar el material grabado y acceder a los men\u00fas de configuraci\u00f3n. Esta pantalla de amplio rango din\u00e1mico cuenta con botones virtuales para reproducir las im\u00e1genes, pausar la reproducci\u00f3n o iniciar la grabaci\u00f3n, adem\u00e1s de mostrar una l\u00ednea de tiempo que facilita la b\u00fasqueda de clips. Asimismo, proporciona informaci\u00f3n importante, como el c\u00f3digo de tiempo y el nivel del audio, y brinda la oportunidad de ver representaciones gr\u00e1ficas o activar diversas funciones, por ejemplo, el asistente de enfoque o el histograma de exposici\u00f3n crom\u00e1tica. Tambi\u00e9n es posible modificar los ajustes del modelo HyperDeck Shuttle 4K Pro mediante los men\u00fas en pantalla y cargar o guardar tablas de conversi\u00f3n (LUT) tridimensionales.<br \/>\nControles tradicionales<br \/>\nEl modelo HyperDeck Shuttle incluye un panel de control que es muy f\u00e1cil de usar. Los mandos son iguales a los de cualquier grabador tradicional, y al presionar el bot\u00f3n de grabaci\u00f3n, la fuente comienza a grabarse inmediatamente en un archivo, seg\u00fan el formato seleccionado en el men\u00fa respectivo. Adem\u00e1s, el dispositivo incluye otros botones para reproducir un clip, retroceder al comienzo del mismo o avanzar al siguiente. Todos los controles han sido dise\u00f1ados por Blackmagic Design con la mejor calidad. El mando giratorio en metal mecanizado simplifica la b\u00fasqueda de im\u00e1genes, y a su vez el dispositivo puede controlarse remotamente mediante una red Ethernet.<\/p>\n","protected":false},"excerpt":{"rendered":"<p>HyperDeck Shuttle 4K Pro<\/p>\n","protected":false},"featured_media":8163,"template":"","meta":{"om_disable_all_campaigns":false},"pwb-brand":[],"product_brand":[],"product_cat":[71,238],"product_tag":[728],"class_list":{"0":"post-8159","1":"product","2":"type-product","3":"status-publish","4":"has-post-thumbnail","6":"product_cat-blackmagic-design","7":"product_cat-recorders","8":"product_tag-hyperdeck-shuttle-4k-pro","10":"first","11":"outofstock","12":"shipping-taxable","13":"product-type-simple"},"aioseo_notices":[],"jetpack_sharing_enabled":true,"brands":[],"_links":{"self":[{"href":"https:\/\/proservice.com.ar\/index.php\/wp-json\/wp\/v2\/product\/8159","targetHints":{"allow":["GET"]}}],"collection":[{"href":"https:\/\/proservice.com.ar\/index.php\/wp-json\/wp\/v2\/product"}],"about":[{"href":"https:\/\/proservice.com.ar\/index.php\/wp-json\/wp\/v2\/types\/product"}],"wp:featuredmedia":[{"embeddable":true,"href":"https:\/\/proservice.com.ar\/index.php\/wp-json\/wp\/v2\/media\/8163"}],"wp:attachment":[{"href":"https:\/\/proservice.com.ar\/index.php\/wp-json\/wp\/v2\/media?parent=8159"}],"wp:term":[{"taxonomy":"pwb-brand","embeddable":true,"href":"https:\/\/proservice.com.ar\/index.php\/wp-json\/wp\/v2\/pwb-brand?post=8159"},{"taxonomy":"product_brand","embeddable":true,"href":"https:\/\/proservice.com.ar\/index.php\/wp-json\/wp\/v2\/product_brand?post=8159"},{"taxonomy":"product_cat","embeddable":true,"href":"https:\/\/proservice.com.ar\/index.php\/wp-json\/wp\/v2\/product_cat?post=8159"},{"taxonomy":"product_tag","embeddable":true,"href":"https:\/\/proservice.com.ar\/index.php\/wp-json\/wp\/v2\/product_tag?post=8159"}],"curies":[{"name":"wp","href":"https:\/\/api.w.org\/{rel}","templated":true}]}}