{"id":8179,"date":"2026-04-05T09:18:13","date_gmt":"2026-04-05T12:18:13","guid":{"rendered":"https:\/\/proservice.com.ar\/?post_type=product&#038;p=8179"},"modified":"2026-04-05T15:41:11","modified_gmt":"2026-04-05T18:41:11","slug":"camara-pov-hd-hdmi-aida-imaging-hd-100a-vf-con-lente-de-28-12-mm","status":"publish","type":"product","link":"https:\/\/proservice.com.ar\/index.php\/product\/camara-pov-hd-hdmi-aida-imaging-hd-100a-vf-con-lente-de-28-12-mm\/","title":{"rendered":"C\u00e1mara POV HD HDMI AIDA Imaging HD-100A-VF con lente de 2,8-12 mm"},"content":{"rendered":"<p>La c\u00e1mara box HDMI Full HD HD-100A-VF ultracompacta de AIDA Imaging es ideal para videoconferencias, deportes, medicina, radiodifusi\u00f3n y otras aplicaciones de producci\u00f3n en directo. Cuenta con una lente varifocal de 2,8-12 mm, un sensor CMOS de 1\/3&#8243;, admite v\u00eddeo HDMI de hasta 1080p60 y tiene un dise\u00f1o resistente a la intemperie.<\/p>\n<p>Sensor CMOS de 1\/3&#8243;<br \/>\nEsta c\u00e1mara utiliza un sensor CMOS de tipo 1\/3&#8243; para admitir v\u00eddeo HDMI de hasta 1080p60.<br \/>\nLente varifocal de 2,8 a 12 mm<br \/>\nEl objetivo varifocal de 2,8 a 12 mm incorporado le permite capturar tanto tomas gran angular como teleobjetivo, seg\u00fan sus necesidades.<br \/>\nDise\u00f1o resistente a la intemperie<br \/>\nEl dise\u00f1o resistente a la intemperie de la c\u00e1mara HD-100A-VF incluye una clasificaci\u00f3n IP54 y un cable de 3 pies que protege los conectores sensibles a las condiciones clim\u00e1ticas.<\/p>\n","protected":false},"excerpt":{"rendered":"<p>C\u00e1mara POV HD HDMI AIDA Imaging HD-100A-VF con lente de 2,8-12 mm<\/p>\n","protected":false},"featured_media":8183,"template":"","meta":{"om_disable_all_campaigns":false},"pwb-brand":[],"product_brand":[],"product_cat":[70,15],"product_tag":[743,742,729],"class_list":{"0":"post-8179","1":"product","2":"type-product","3":"status-publish","4":"has-post-thumbnail","6":"product_cat-aida","7":"product_cat-camera","8":"product_tag-camara-box","9":"product_tag-camara-pov","10":"product_tag-hd-100a-vf","12":"first","13":"instock","14":"shipping-taxable","15":"purchasable","16":"product-type-simple"},"aioseo_notices":[],"jetpack_sharing_enabled":true,"brands":[],"_links":{"self":[{"href":"https:\/\/proservice.com.ar\/index.php\/wp-json\/wp\/v2\/product\/8179","targetHints":{"allow":["GET"]}}],"collection":[{"href":"https:\/\/proservice.com.ar\/index.php\/wp-json\/wp\/v2\/product"}],"about":[{"href":"https:\/\/proservice.com.ar\/index.php\/wp-json\/wp\/v2\/types\/product"}],"wp:featuredmedia":[{"embeddable":true,"href":"https:\/\/proservice.com.ar\/index.php\/wp-json\/wp\/v2\/media\/8183"}],"wp:attachment":[{"href":"https:\/\/proservice.com.ar\/index.php\/wp-json\/wp\/v2\/media?parent=8179"}],"wp:term":[{"taxonomy":"pwb-brand","embeddable":true,"href":"https:\/\/proservice.com.ar\/index.php\/wp-json\/wp\/v2\/pwb-brand?post=8179"},{"taxonomy":"product_brand","embeddable":true,"href":"https:\/\/proservice.com.ar\/index.php\/wp-json\/wp\/v2\/product_brand?post=8179"},{"taxonomy":"product_cat","embeddable":true,"href":"https:\/\/proservice.com.ar\/index.php\/wp-json\/wp\/v2\/product_cat?post=8179"},{"taxonomy":"product_tag","embeddable":true,"href":"https:\/\/proservice.com.ar\/index.php\/wp-json\/wp\/v2\/product_tag?post=8179"}],"curies":[{"name":"wp","href":"https:\/\/api.w.org\/{rel}","templated":true}]}}