{"id":8248,"date":"2024-03-30T11:49:59","date_gmt":"2024-03-30T14:49:59","guid":{"rendered":"https:\/\/proservice.com.ar\/?post_type=product&#038;p=8248"},"modified":"2026-03-30T11:55:53","modified_gmt":"2026-03-30T14:55:53","slug":"sony-srg-x40uh-4k-hdmi-usb-optical-20x-ptz-camera-with-poe-black","status":"publish","type":"product","link":"https:\/\/proservice.com.ar\/index.php\/product\/sony-srg-x40uh-4k-hdmi-usb-optical-20x-ptz-camera-with-poe-black\/","title":{"rendered":"Sony SRG-X40UH 4K\/HDMI\/USB Optical 20x PTZ Camera with PoE+ (Black)"},"content":{"rendered":"<p>El SRG-X40UH, dise\u00f1ado para casi cualquier espacio, combina im\u00e1genes de alta calidad con facilidad de uso e instalaci\u00f3n sencilla. Esta c\u00e1mara PTZ con control remoto cubre todo tipo de aplicaciones, desde quir\u00f3fanos concurridos hasta grandes auditorios, por lo que es perfecta para entornos empresariales, educativos y m\u00e9dicos.<\/p>\n<p>Aprecia cada detalle, textura y color con un sensor de imagen CMOS Exmor R\u2122 tipo 1\/2,5. Captura im\u00e1genes hasta en 4K con el m\u00ednimo ruido, incluso con poca luz. Crea mejores im\u00e1genes FHD gracias al sobremuestreo del sensor 4K.<\/p>\n<p>Consigue primeros planos n\u00edtidos con la SRG-X40UH, que incorpora zoom \u00f3ptico 20x y zoom 40x en FHD y 30x en 4K con la tecnolog\u00eda de zoom de imagen n\u00edtida. Por otra parte, el \u00e1ngulo de visi\u00f3n horizontal de aproximadamente 70\u00b0 te permite alejar el zoom para capturar im\u00e1genes mucho m\u00e1s amplias. Adem\u00e1s, los movimientos PTZ suaves y r\u00e1pidos hacen que cualquier transici\u00f3n sea perfecta.<\/p>\n<p>Coloca el SRG-X40UH en un escritorio o m\u00f3ntalo en el techo para grabar de forma m\u00e1s discreta. Las sencillas conexiones UVC y HDMI facilitan la integraci\u00f3n en configuraciones existentes. Por \u00faltimo, la compatibilidad con PoE+ y el comando de control VISCA\/VISCA a trav\u00e9s de IP te permiten controlarlo y alimentarlo de forma remota mediante un \u00fanico cable LAN.<\/p>\n<p>Im\u00e1genes 4K claras y detalladas en cualquier lugar<br \/>\nEl sensible sensor de imagen CMOS Exmor R\u2122 de tipo 1\/2,5 captura im\u00e1genes 4K de alta calidad con muy poco ruido, incluso en entornos con poca luz.<\/p>\n<p>Im\u00e1genes y colores naturales<br \/>\nEl potente sensor reproduce los colores tal y como se ven en el mundo real para que disfrutes de im\u00e1genes realistas en todo momento.<br \/>\nIm\u00e1genes detalladas, incluso en la oscuridad. Nuestra funci\u00f3n d\u00eda\/noche cambia autom\u00e1ticamente entre los modos D\u00eda (a todo color) y Noche (blanco y negro) para que siempre veas con claridad. As\u00ed podr\u00e1s ver im\u00e1genes detalladas en una oscuridad casi total gracias a una mayor sensibilidad.<\/p>\n<p>Potente zoom 40x y un \u00e1ngulo amplio<br \/>\nConsigue primeros planos detallados o captura toda una habitaci\u00f3n a trav\u00e9s del objetivo integrado. Utiliza el zoom \u00f3ptico 20x y, con la tecnolog\u00eda de zoom de imagen n\u00edtida, puedes aplicar un zoom de hasta 40x en FHD y de 30x en 4K con un \u00e1ngulo de visi\u00f3n horizontal de aproximadamente 70\u00b0.<\/p>\n<p>Vers\u00e1tiles opciones de montaje<br \/>\nElige entre una instalaci\u00f3n en escritorio o en techo para grabar desde casi cualquier lugar, ya est\u00e9s en una sala de juntas o en un auditorio.<\/p>\n<p>Movimiento fluido<br \/>\nLos r\u00e1pidos y suaves movimientos de giro, inclinaci\u00f3n y zoom te permiten estar al tanto de todo lo que ocurra, mientras que el \u00e1ngulo de rotaci\u00f3n de hasta 170\u00b0 cubre un espacio mayor con menos c\u00e1maras.<\/p>\n<p>F\u00e1cil conexi\u00f3n<br \/>\nVarias conexiones USB y HDMI permiten integrar la c\u00e1mara en los sistemas existentes. Por su parte, USB Video Class (UVC) favorece una comunicaci\u00f3n de v\u00eddeo fluida.<\/p>\n<p>Mando a distancia y alimentaci\u00f3n sencilla<br \/>\nCon un solo cable LAN puedes alimentar y controlar de forma remota la c\u00e1mara gracias a la compatibilidad con PoE+ y al comando de control VISCA\/VISCA a trav\u00e9s de IP. Cableado, esfuerzo y coste m\u00ednimos.<\/p>\n","protected":false},"excerpt":{"rendered":"<p>El SRG-X40UH, dise\u00f1ado para casi cualquier espacio, combina im\u00e1genes de alta calidad con facilidad de uso e instalaci\u00f3n sencilla. Esta c\u00e1mara PTZ con control remoto cubre todo tipo de aplicaciones, desde quir\u00f3fanos concurridos hasta grandes auditorios, por lo que es perfecta para entornos empresariales, educativos y m\u00e9dicos. Aprecia cada detalle, textura y color con un [&hellip;]<\/p>\n","protected":false},"featured_media":8251,"template":"","meta":{"om_disable_all_campaigns":false},"pwb-brand":[],"product_brand":[],"product_cat":[15,527],"product_tag":[],"class_list":{"0":"post-8248","1":"product","2":"type-product","3":"status-publish","4":"has-post-thumbnail","6":"product_cat-camera","7":"product_cat-sony","9":"first","10":"outofstock","11":"shipping-taxable","12":"product-type-simple"},"aioseo_notices":[],"jetpack_sharing_enabled":true,"brands":[],"_links":{"self":[{"href":"https:\/\/proservice.com.ar\/index.php\/wp-json\/wp\/v2\/product\/8248","targetHints":{"allow":["GET"]}}],"collection":[{"href":"https:\/\/proservice.com.ar\/index.php\/wp-json\/wp\/v2\/product"}],"about":[{"href":"https:\/\/proservice.com.ar\/index.php\/wp-json\/wp\/v2\/types\/product"}],"wp:featuredmedia":[{"embeddable":true,"href":"https:\/\/proservice.com.ar\/index.php\/wp-json\/wp\/v2\/media\/8251"}],"wp:attachment":[{"href":"https:\/\/proservice.com.ar\/index.php\/wp-json\/wp\/v2\/media?parent=8248"}],"wp:term":[{"taxonomy":"pwb-brand","embeddable":true,"href":"https:\/\/proservice.com.ar\/index.php\/wp-json\/wp\/v2\/pwb-brand?post=8248"},{"taxonomy":"product_brand","embeddable":true,"href":"https:\/\/proservice.com.ar\/index.php\/wp-json\/wp\/v2\/product_brand?post=8248"},{"taxonomy":"product_cat","embeddable":true,"href":"https:\/\/proservice.com.ar\/index.php\/wp-json\/wp\/v2\/product_cat?post=8248"},{"taxonomy":"product_tag","embeddable":true,"href":"https:\/\/proservice.com.ar\/index.php\/wp-json\/wp\/v2\/product_tag?post=8248"}],"curies":[{"name":"wp","href":"https:\/\/api.w.org\/{rel}","templated":true}]}}