{"id":8256,"date":"2026-04-01T12:33:45","date_gmt":"2026-04-01T15:33:45","guid":{"rendered":"https:\/\/proservice.com.ar\/?post_type=product&#038;p=8256"},"modified":"2026-04-01T15:56:14","modified_gmt":"2026-04-01T18:56:14","slug":"smallrig-ad-50-max-carbon-fiber-video-tripod-system","status":"publish","type":"product","link":"https:\/\/proservice.com.ar\/index.php\/product\/smallrig-ad-50-max-carbon-fiber-video-tripod-system\/","title":{"rendered":"SmallRig AD-50 Max Carbon Fiber Video Tripod System"},"content":{"rendered":"<p>Dise\u00f1ado para vide\u00f3grafos independientes con equipos de c\u00e1mara de tama\u00f1o mediano, el sistema de tr\u00edpode de fibra de carbono AD-50 Max de SmallRig incluye patas de fibra de carbono y un cabezal de v\u00eddeo para un soporte de tr\u00edpode duradero y port\u00e1til. En total, el sistema tiene una capacidad de carga de 8 kg, ideal para quienes utilizan equipos de c\u00e1mara de tama\u00f1o mediano. El tr\u00edpode cuenta con tres secciones en las patas con un rango de ajuste de altura de 35 a 174 cm. Se pliega hasta 85 cm para facilitar su transporte en el estuche incluido.<\/p>\n<p>La tecnolog\u00eda FreeSpeed \u200b\u200bpermite una configuraci\u00f3n y nivelaci\u00f3n r\u00e1pidas. El cabezal de v\u00eddeo cuenta con una placa de liberaci\u00f3n r\u00e1pida tipo Manfrotto con tornillos de montaje integrados. Los sistemas fijos de amortiguaci\u00f3n y contrapeso ofrecen ajuste de paneo incremental e inclinaci\u00f3n continua para movimientos suaves. El separador intermedio se despliega o retira r\u00e1pidamente gracias a su dise\u00f1o de liberaci\u00f3n r\u00e1pida. Una rosca para accesorios de 1\/4&#8243;-20 permite integrar un brazo articulado, un monitor secundario o un transmisor de imagen.<\/p>\n<p>&nbsp;<\/p>\n<div class=\"title_OMS5rN7R1Z\">\n<div class=\"text_TAw0W35QK_ comfy_TAw0W35QK_ sizeTitle4_TAw0W35QK_ weightBold_TAw0W35QK_ primary_i3MsQsqoe0\" data-selenium=\"sellingPointsTitle\"><strong><span dir=\"auto\">Caracter\u00edsticas principales<\/span><\/strong><\/div>\n<\/div>\n<ul class=\"list_OMS5rN7R1Z\">\n<li class=\"listItem_OMS5rN7R1Z\" data-selenium=\"sellingPointsListItem\"><span dir=\"auto\">Tr\u00edpode y cabezal de v\u00eddeo de fibra de carbono<\/span><\/li>\n<li class=\"listItem_OMS5rN7R1Z\" data-selenium=\"sellingPointsListItem\"><span dir=\"auto\">Capacidad de carga de 17,6 lb<\/span><\/li>\n<li class=\"listItem_OMS5rN7R1Z\" data-selenium=\"sellingPointsListItem\"><span dir=\"auto\">Rango de ajuste de altura de 13,8 a 68,5 pulgadas.<\/span><\/li>\n<li class=\"listItem_OMS5rN7R1Z\" data-selenium=\"sellingPointsListItem\"><span dir=\"auto\">Placa de liberaci\u00f3n r\u00e1pida estilo Manfrotto<\/span><\/li>\n<li class=\"listItem_OMS5rN7R1Z\" data-selenium=\"sellingPointsListItem\"><span dir=\"auto\">Rosca para accesorios de 1\/4&#8243;-20<\/span><\/li>\n<li class=\"listItem_OMS5rN7R1Z\" data-selenium=\"sellingPointsListItem\"><span dir=\"auto\">Separador de nivel medio de liberaci\u00f3n r\u00e1pida<\/span><\/li>\n<\/ul>\n","protected":false},"excerpt":{"rendered":"<p>SmallRig AD-50 Max Carbon Fiber Video Tripod System<\/p>\n","protected":false},"featured_media":8263,"template":"","meta":{"om_disable_all_campaigns":false},"pwb-brand":[],"product_brand":[],"product_cat":[83,299],"product_tag":[733],"class_list":{"0":"post-8256","1":"product","2":"type-product","3":"status-publish","4":"has-post-thumbnail","6":"product_cat-smallrig","7":"product_cat-tripods","8":"product_tag-ad-50-max","10":"first","11":"instock","12":"shipping-taxable","13":"purchasable","14":"product-type-simple"},"aioseo_notices":[],"jetpack_sharing_enabled":true,"brands":[],"_links":{"self":[{"href":"https:\/\/proservice.com.ar\/index.php\/wp-json\/wp\/v2\/product\/8256","targetHints":{"allow":["GET"]}}],"collection":[{"href":"https:\/\/proservice.com.ar\/index.php\/wp-json\/wp\/v2\/product"}],"about":[{"href":"https:\/\/proservice.com.ar\/index.php\/wp-json\/wp\/v2\/types\/product"}],"wp:featuredmedia":[{"embeddable":true,"href":"https:\/\/proservice.com.ar\/index.php\/wp-json\/wp\/v2\/media\/8263"}],"wp:attachment":[{"href":"https:\/\/proservice.com.ar\/index.php\/wp-json\/wp\/v2\/media?parent=8256"}],"wp:term":[{"taxonomy":"pwb-brand","embeddable":true,"href":"https:\/\/proservice.com.ar\/index.php\/wp-json\/wp\/v2\/pwb-brand?post=8256"},{"taxonomy":"product_brand","embeddable":true,"href":"https:\/\/proservice.com.ar\/index.php\/wp-json\/wp\/v2\/product_brand?post=8256"},{"taxonomy":"product_cat","embeddable":true,"href":"https:\/\/proservice.com.ar\/index.php\/wp-json\/wp\/v2\/product_cat?post=8256"},{"taxonomy":"product_tag","embeddable":true,"href":"https:\/\/proservice.com.ar\/index.php\/wp-json\/wp\/v2\/product_tag?post=8256"}],"curies":[{"name":"wp","href":"https:\/\/api.w.org\/{rel}","templated":true}]}}