{"id":8268,"date":"2022-04-01T13:22:05","date_gmt":"2022-04-01T16:22:05","guid":{"rendered":"https:\/\/proservice.com.ar\/?post_type=product&#038;p=8268"},"modified":"2026-04-01T14:59:23","modified_gmt":"2026-04-01T17:59:23","slug":"monitor-lilliput-a7s-de-7-full-hd-con-soporte-4k-roja","status":"publish","type":"product","link":"https:\/\/proservice.com.ar\/index.php\/product\/monitor-lilliput-a7s-de-7-full-hd-con-soporte-4k-roja\/","title":{"rendered":"Monitor Lilliput A7S de 7&#8243; Full HD con soporte 4K (Roja)"},"content":{"rendered":"<div class=\"productDescription_UbV5SNP5Eo\" data-selenium=\"overviewLongDescription\">\n<div class=\"js-injected-html text_UbV5SNP5Eo\">\n<p><span dir=\"auto\">El\u00a0<\/span><span dir=\"auto\">monitor A7S de 7&#8243; Full HD<\/span><span dir=\"auto\">\u00a0con carcasa de goma roja de\u00a0<\/span><span dir=\"auto\">Lilliput<\/span><span dir=\"auto\">\u00a0incorpora una entrada HDMI 1.4, ideal para la grabaci\u00f3n de v\u00eddeo y la fotograf\u00eda en UHD 4K. Con una relaci\u00f3n de aspecto de 16:10 y una relaci\u00f3n de contraste de 1000:1, el panel LCD muestra im\u00e1genes Full HD. La funci\u00f3n de salida HDMI permite conectar cualquier dispositivo compatible mediante HDMI.<\/span><\/p>\n<p><span dir=\"auto\">Si has actualizado al entorno de trabajo 4K, la A7S te ofrece control total sobre tu flujo de trabajo de grabaci\u00f3n, tanto en exteriores como en estudio. Puedes crear accesos directos a tus funciones de monitor favoritas y m\u00e1s utilizadas mediante las dos teclas de funci\u00f3n personalizables. Para montar el monitor en la c\u00e1mara, simplemente acopla el adaptador de zapata incluido a la rosca de 1\/4&#8243;-20 situada en la parte inferior. Tambi\u00e9n puedes usar el orificio VESA 75 en la parte posterior para acoplar la A7S a otros soportes.<\/span><\/p>\n<div class=\"title_OMS5rN7R1Z\">\n<div class=\"text_TAw0W35QK_ comfy_TAw0W35QK_ sizeTitle4_TAw0W35QK_ weightBold_TAw0W35QK_ primary_i3MsQsqoe0\" data-selenium=\"sellingPointsTitle\"><strong><span dir=\"auto\">Caracter\u00edsticas principales<\/span><\/strong><\/div>\n<\/div>\n<ul class=\"list_OMS5rN7R1Z\">\n<li class=\"listItem_OMS5rN7R1Z\" data-selenium=\"sellingPointsListItem\"><span dir=\"auto\">Resoluci\u00f3n nativa de 1920 x 1200<\/span><\/li>\n<li class=\"listItem_OMS5rN7R1Z\" data-selenium=\"sellingPointsListItem\"><span dir=\"auto\">Brillo de 500 cd\/m\u00b2<\/span><\/li>\n<li class=\"listItem_OMS5rN7R1Z\" data-selenium=\"sellingPointsListItem\"><span dir=\"auto\">Relaci\u00f3n de contraste de 1000:1<\/span><\/li>\n<li class=\"listItem_OMS5rN7R1Z\" data-selenium=\"sellingPointsListItem\"><span dir=\"auto\">\u00c1ngulo de visi\u00f3n de 170\u00b0<\/span><\/li>\n<li class=\"listItem_OMS5rN7R1Z\" data-selenium=\"sellingPointsListItem\"><span dir=\"auto\">Funda de goma de silicona roja<\/span><\/li>\n<li class=\"listItem_OMS5rN7R1Z\" data-selenium=\"sellingPointsListItem\"><span dir=\"auto\">Pico \/ Color falso \/ Histograma<\/span><\/li>\n<li class=\"listItem_OMS5rN7R1Z\" data-selenium=\"sellingPointsListItem\"><span dir=\"auto\">Exposici\u00f3n \/ Medidor de nivel \/ Inversi\u00f3n de imagen<\/span><\/li>\n<li class=\"listItem_OMS5rN7R1Z\" data-selenium=\"sellingPointsListItem\"><span dir=\"auto\">Opciones de montaje de 1\/4&#8243;-20 y VESA 75<\/span><\/li>\n<li class=\"listItem_OMS5rN7R1Z\" data-selenium=\"sellingPointsListItem\"><span dir=\"auto\">Incluye parasol<\/span><\/li>\n<\/ul>\n<\/div>\n<\/div>\n","protected":false},"excerpt":{"rendered":"<p>Monitor Lilliput A7S de 7&#8243; Full HD con soporte 4K<\/p>\n","protected":false},"featured_media":8269,"template":"","meta":{"om_disable_all_campaigns":false},"pwb-brand":[],"product_brand":[],"product_cat":[79,63],"product_tag":[735],"class_list":{"0":"post-8268","1":"product","2":"type-product","3":"status-publish","4":"has-post-thumbnail","6":"product_cat-lilliput","7":"product_cat-monitors-multiview","8":"product_tag-lilliput-a7s","10":"first","11":"instock","12":"shipping-taxable","13":"purchasable","14":"product-type-simple"},"aioseo_notices":[],"jetpack_sharing_enabled":true,"brands":[],"_links":{"self":[{"href":"https:\/\/proservice.com.ar\/index.php\/wp-json\/wp\/v2\/product\/8268","targetHints":{"allow":["GET"]}}],"collection":[{"href":"https:\/\/proservice.com.ar\/index.php\/wp-json\/wp\/v2\/product"}],"about":[{"href":"https:\/\/proservice.com.ar\/index.php\/wp-json\/wp\/v2\/types\/product"}],"wp:featuredmedia":[{"embeddable":true,"href":"https:\/\/proservice.com.ar\/index.php\/wp-json\/wp\/v2\/media\/8269"}],"wp:attachment":[{"href":"https:\/\/proservice.com.ar\/index.php\/wp-json\/wp\/v2\/media?parent=8268"}],"wp:term":[{"taxonomy":"pwb-brand","embeddable":true,"href":"https:\/\/proservice.com.ar\/index.php\/wp-json\/wp\/v2\/pwb-brand?post=8268"},{"taxonomy":"product_brand","embeddable":true,"href":"https:\/\/proservice.com.ar\/index.php\/wp-json\/wp\/v2\/product_brand?post=8268"},{"taxonomy":"product_cat","embeddable":true,"href":"https:\/\/proservice.com.ar\/index.php\/wp-json\/wp\/v2\/product_cat?post=8268"},{"taxonomy":"product_tag","embeddable":true,"href":"https:\/\/proservice.com.ar\/index.php\/wp-json\/wp\/v2\/product_tag?post=8268"}],"curies":[{"name":"wp","href":"https:\/\/api.w.org\/{rel}","templated":true}]}}