{"id":8275,"date":"2024-04-01T13:22:30","date_gmt":"2024-04-01T16:22:30","guid":{"rendered":"https:\/\/proservice.com.ar\/?post_type=product&#038;p=8275"},"modified":"2026-04-01T13:26:19","modified_gmt":"2026-04-01T16:26:19","slug":"cable-micro-hdmi-a-hdmi-obsbot","status":"publish","type":"product","link":"https:\/\/proservice.com.ar\/index.php\/product\/cable-micro-hdmi-a-hdmi-obsbot\/","title":{"rendered":"Cable Micro-HDMI a HDMI OBSBOT"},"content":{"rendered":"<p>Conecta tu c\u00e1mara Tail Air a una pantalla con este cable Micro-HDMI a HDMI de OBSBOT . Este cable est\u00e1 dise\u00f1ado para conectar la c\u00e1mara PTZ Tail Air a un televisor o monitor y ofrecer v\u00eddeo HDMI 2.0 de alta calidad con una resoluci\u00f3n de hasta 4K60 o 1080p60 y un ancho de banda de 18 Gb\/s. El cable de alta calidad cuenta con un conector Micro-HDMI tipo D en un extremo y un conector HDMI tipo A en el otro, y mide 1,5 metros de longitud.<\/p>\n","protected":false},"excerpt":{"rendered":"<p>Cable Micro-HDMI a HDMI OBSBOT<\/p>\n","protected":false},"featured_media":8278,"template":"","meta":{"om_disable_all_campaigns":false},"pwb-brand":[],"product_brand":[],"product_cat":[545],"product_tag":[736],"class_list":{"0":"post-8275","1":"product","2":"type-product","3":"status-publish","4":"has-post-thumbnail","6":"product_cat-obsbot","7":"product_tag-ocb-2303-ct","9":"first","10":"instock","11":"shipping-taxable","12":"purchasable","13":"product-type-simple"},"aioseo_notices":[],"jetpack_sharing_enabled":true,"brands":[],"_links":{"self":[{"href":"https:\/\/proservice.com.ar\/index.php\/wp-json\/wp\/v2\/product\/8275","targetHints":{"allow":["GET"]}}],"collection":[{"href":"https:\/\/proservice.com.ar\/index.php\/wp-json\/wp\/v2\/product"}],"about":[{"href":"https:\/\/proservice.com.ar\/index.php\/wp-json\/wp\/v2\/types\/product"}],"wp:featuredmedia":[{"embeddable":true,"href":"https:\/\/proservice.com.ar\/index.php\/wp-json\/wp\/v2\/media\/8278"}],"wp:attachment":[{"href":"https:\/\/proservice.com.ar\/index.php\/wp-json\/wp\/v2\/media?parent=8275"}],"wp:term":[{"taxonomy":"pwb-brand","embeddable":true,"href":"https:\/\/proservice.com.ar\/index.php\/wp-json\/wp\/v2\/pwb-brand?post=8275"},{"taxonomy":"product_brand","embeddable":true,"href":"https:\/\/proservice.com.ar\/index.php\/wp-json\/wp\/v2\/product_brand?post=8275"},{"taxonomy":"product_cat","embeddable":true,"href":"https:\/\/proservice.com.ar\/index.php\/wp-json\/wp\/v2\/product_cat?post=8275"},{"taxonomy":"product_tag","embeddable":true,"href":"https:\/\/proservice.com.ar\/index.php\/wp-json\/wp\/v2\/product_tag?post=8275"}],"curies":[{"name":"wp","href":"https:\/\/api.w.org\/{rel}","templated":true}]}}