{"id":8279,"date":"2026-04-04T13:26:25","date_gmt":"2026-04-04T16:26:25","guid":{"rendered":"https:\/\/proservice.com.ar\/?post_type=product&#038;p=8279"},"modified":"2026-04-05T15:24:51","modified_gmt":"2026-04-05T18:24:51","slug":"aida-imaging-4k-ndihx-ip-hdmi-conference-ptz-camera-with-12x-optical-zoom-black","status":"publish","type":"product","link":"https:\/\/proservice.com.ar\/index.php\/product\/aida-imaging-4k-ndihx-ip-hdmi-conference-ptz-camera-with-12x-optical-zoom-black\/","title":{"rendered":"AIDA Imaging 4K NDI|HX IP\/HDMI Conference PTZ Camera with 12x Optical Zoom (Black)"},"content":{"rendered":"<div class=\"productDescription_UbV5SNP5Eo\" data-selenium=\"overviewLongDescription\">\n<div class=\"js-injected-html text_UbV5SNP5Eo\">\n<p><span dir=\"auto\">A\u00f1ada la\u00a0<\/span><span dir=\"auto\">c\u00e1mara de videoconferencia PTZ IP\/HDMI 4K NDI|HX negra con zoom \u00f3ptico de 12x<\/span><span dir=\"auto\">\u00a0de\u00a0<\/span><span dir=\"auto\">AIDA<\/span><span dir=\"auto\">\u00a0a su red NDI, que ofrece salidas de v\u00eddeo simult\u00e1neas y flujos de trabajo NDI|HX a trav\u00e9s de IP. Puede emitir\/transmitir hasta UHD 4K60 mediante HDMI e IP\/NDI|HX, y simult\u00e1neamente hasta UHD 4K60 mediante HDMI y USB-C 3.0. La c\u00e1mara cuenta con un zoom \u00f3ptico de 12x, y las funciones de panor\u00e1mica, inclinaci\u00f3n y zoom se pueden controlar mediante IP, NDI, control serie o con el mando a distancia incluido.<\/span><\/p>\n<p><span dir=\"auto\">La c\u00e1mara cuenta con entrada\/salida RS-232 para control serie, as\u00ed como con el protocolo de control VISCA sobre IP y transmisi\u00f3n de v\u00eddeo mediante protocolos RTSP\/RTMP. Se pueden asignar y gestionar hasta 10 preajustes mediante el mando a distancia IR incluido, y hasta 128 mediante control serie. Otras caracter\u00edsticas incluyen un filtro de reducci\u00f3n de ruido temporal con compensaci\u00f3n de movimiento, que permite reducir el ruido sin generar desenfoque. La c\u00e1mara se alimenta mediante el adaptador de corriente incluido o mediante PoE+ en una red compatible.<\/span><\/p>\n<\/div>\n<\/div>\n<div>\n<div class=\"feature_UbV5SNP5Eo\">\n<div class=\"feature_UbV5SNP5Eo\">\n<div class=\"featureHeader_UbV5SNP5Eo\">\n<div class=\"text_TAw0W35QK_ comfy_TAw0W35QK_ sizeTitle2_TAw0W35QK_ weightNormal_TAw0W35QK_ primary_i3MsQsqoe0\"><strong><span dir=\"auto\">Caracter\u00edsticas principales<\/span><\/strong><\/div>\n<\/div>\n<div class=\"\">\n<div class=\"descriptionAsTitle_UbV5SNP5Eo\">\n<ul>\n<li class=\"js-injected-html text_UbV5SNP5Eo\"><span dir=\"auto\">Salida simult\u00e1nea HDMI, USB-C 3.0 y NDI|HX<\/span><\/li>\n<li class=\"js-injected-html text_UbV5SNP5Eo\">Salida de v\u00eddeo con resoluci\u00f3n de hasta UHD 4K60<\/li>\n<li class=\"js-injected-html text_UbV5SNP5Eo\">Algoritmo de IA integrado para la funci\u00f3n de seguimiento autom\u00e1tico de movimiento.<\/li>\n<li class=\"js-injected-html text_UbV5SNP5Eo\">Zoom \u00f3ptico de 12x<\/li>\n<li class=\"js-injected-html text_UbV5SNP5Eo\">Transmisi\u00f3n NDI|HX, RTSP, RTMP, SRT<\/li>\n<li class=\"js-injected-html text_UbV5SNP5Eo\">Entrada\/salida RS-232C<\/li>\n<li class=\"js-injected-html text_UbV5SNP5Eo\">Protocolo de control VISCA sobre IP<\/li>\n<li class=\"js-injected-html text_UbV5SNP5Eo\">10 preajustes mediante el mando a distancia IR incluido, 128 preajustes mediante control IP\/serie.<\/li>\n<li class=\"js-injected-html text_UbV5SNP5Eo\">El filtro de reducci\u00f3n de ruido temporal con compensaci\u00f3n de movimiento permite reducir el ruido sin desenfoque.<\/li>\n<li class=\"js-injected-html text_UbV5SNP5Eo\">Entrada de 3,5 mm para la integraci\u00f3n de audio anal\u00f3gico.<\/li>\n<li class=\"js-injected-html text_UbV5SNP5Eo\">Controles OSD integrados<\/li>\n<\/ul>\n<\/div>\n<\/div>\n<\/div>\n<\/div>\n<\/div>\n","protected":false},"excerpt":{"rendered":"<p>AIDA Imaging 4K NDI|HX IP\/HDMI Conference PTZ Camera with 12x Optical Zoom (Black)<\/p>\n","protected":false},"featured_media":8282,"template":"","meta":{"om_disable_all_campaigns":false},"pwb-brand":[],"product_brand":[],"product_cat":[70,15],"product_tag":[737],"class_list":{"0":"post-8279","1":"product","2":"type-product","3":"status-publish","4":"has-post-thumbnail","6":"product_cat-aida","7":"product_cat-camera","8":"product_tag-ptz4k-ndi-x12b","10":"first","11":"instock","12":"shipping-taxable","13":"purchasable","14":"product-type-simple"},"aioseo_notices":[],"jetpack_sharing_enabled":true,"brands":[],"_links":{"self":[{"href":"https:\/\/proservice.com.ar\/index.php\/wp-json\/wp\/v2\/product\/8279","targetHints":{"allow":["GET"]}}],"collection":[{"href":"https:\/\/proservice.com.ar\/index.php\/wp-json\/wp\/v2\/product"}],"about":[{"href":"https:\/\/proservice.com.ar\/index.php\/wp-json\/wp\/v2\/types\/product"}],"wp:featuredmedia":[{"embeddable":true,"href":"https:\/\/proservice.com.ar\/index.php\/wp-json\/wp\/v2\/media\/8282"}],"wp:attachment":[{"href":"https:\/\/proservice.com.ar\/index.php\/wp-json\/wp\/v2\/media?parent=8279"}],"wp:term":[{"taxonomy":"pwb-brand","embeddable":true,"href":"https:\/\/proservice.com.ar\/index.php\/wp-json\/wp\/v2\/pwb-brand?post=8279"},{"taxonomy":"product_brand","embeddable":true,"href":"https:\/\/proservice.com.ar\/index.php\/wp-json\/wp\/v2\/product_brand?post=8279"},{"taxonomy":"product_cat","embeddable":true,"href":"https:\/\/proservice.com.ar\/index.php\/wp-json\/wp\/v2\/product_cat?post=8279"},{"taxonomy":"product_tag","embeddable":true,"href":"https:\/\/proservice.com.ar\/index.php\/wp-json\/wp\/v2\/product_tag?post=8279"}],"curies":[{"name":"wp","href":"https:\/\/api.w.org\/{rel}","templated":true}]}}