{"id":8322,"date":"2026-04-07T10:29:33","date_gmt":"2026-04-07T13:29:33","guid":{"rendered":"https:\/\/proservice.com.ar\/?post_type=product&#038;p=8322"},"modified":"2026-04-07T10:41:24","modified_gmt":"2026-04-07T13:41:24","slug":"smallrig-hawklock-quick-release-camera-cage-for-canon-eos-r5-mark-ii","status":"publish","type":"product","link":"https:\/\/proservice.com.ar\/index.php\/product\/smallrig-hawklock-quick-release-camera-cage-for-canon-eos-r5-mark-ii\/","title":{"rendered":"SmallRig HawkLock Quick Release Camera Cage for Canon EOS R5 Mark II"},"content":{"rendered":"<p>Proteja su c\u00e1mara Canon EOS R5 Mark II y a\u00f1\u00e1dale accesorios con este\u00a0<span dir=\"auto\">Cage<\/span> de liberaci\u00f3n r\u00e1pida HawkLock de SmallRig , ligera y compacta . Este\u00a0<span dir=\"auto\">Cage<\/span> de aluminio, que se ajusta perfectamente a la c\u00e1mara, cuenta con un sistema de bloqueo de tres puntos antitorsi\u00f3n y diversas opciones de montaje, adem\u00e1s de mantener el acceso a los controles y la zapata de la c\u00e1mara.<\/p>\n<p>Alrededor de la jaula hay m\u00faltiples roscas para accesorios de 1\/4&#8243;-20 y 3\/8&#8243;-16, una base integrada tipo Arca y rieles HawkLock NATO superiores y laterales que cuentan con muescas que a\u00f1aden estabilidad de montaje y un deslizamiento suave para poner y quitar la jaula.<\/p>\n<div class=\"title_OMS5rN7R1Z\">\n<div class=\"text_TAw0W35QK_ comfy_TAw0W35QK_ sizeTitle4_TAw0W35QK_ weightBold_TAw0W35QK_ primary_i3MsQsqoe0\" data-selenium=\"sellingPointsTitle\"><strong><span dir=\"auto\">Caracter\u00edsticas principales<\/span><\/strong><\/div>\n<\/div>\n<ul class=\"list_OMS5rN7R1Z\">\n<li class=\"listItem_OMS5rN7R1Z\" data-selenium=\"sellingPointsListItem\"><span dir=\"auto\">Cage de c\u00e1mara a medida<\/span><\/li>\n<li class=\"listItem_OMS5rN7R1Z\" data-selenium=\"sellingPointsListItem\"><span dir=\"auto\">Roscas para accesorios de 1\/4&#8243;-20 y 3\/8&#8243;-16<\/span><\/li>\n<li class=\"listItem_OMS5rN7R1Z\" data-selenium=\"sellingPointsListItem\"><span dir=\"auto\">Dise\u00f1o de bloqueo de tres puntos antitorsi\u00f3n<\/span><\/li>\n<li class=\"listItem_OMS5rN7R1Z\" data-selenium=\"sellingPointsListItem\"><span dir=\"auto\">Rieles HawkLock NATO superiores y laterales<\/span><\/li>\n<li class=\"listItem_OMS5rN7R1Z\" data-selenium=\"sellingPointsListItem\"><span dir=\"auto\">Placa de liberaci\u00f3n r\u00e1pida tipo Arca integrada<\/span><\/li>\n<li class=\"listItem_OMS5rN7R1Z\" data-selenium=\"sellingPointsListItem\"><span dir=\"auto\">Construcci\u00f3n duradera de aluminio y acero.<\/span><\/li>\n<li class=\"listItem_OMS5rN7R1Z\" data-selenium=\"sellingPointsListItem\"><span dir=\"auto\">Destornillador incorporado<\/span><\/li>\n<\/ul>\n","protected":false},"excerpt":{"rendered":"<p>SmallRig HawkLock Quick Release Camera Cage for Canon EOS R5 Mark II<\/p>\n","protected":false},"featured_media":8331,"template":"","meta":{"om_disable_all_campaigns":false},"pwb-brand":[],"product_brand":[],"product_cat":[59,83],"product_tag":[744],"class_list":{"0":"post-8322","1":"product","2":"type-product","3":"status-publish","4":"has-post-thumbnail","6":"product_cat-camera-cage-and-kit","7":"product_cat-smallrig","8":"product_tag-744","10":"first","11":"instock","12":"shipping-taxable","13":"product-type-simple"},"aioseo_notices":[],"jetpack_sharing_enabled":true,"brands":[],"_links":{"self":[{"href":"https:\/\/proservice.com.ar\/index.php\/wp-json\/wp\/v2\/product\/8322","targetHints":{"allow":["GET"]}}],"collection":[{"href":"https:\/\/proservice.com.ar\/index.php\/wp-json\/wp\/v2\/product"}],"about":[{"href":"https:\/\/proservice.com.ar\/index.php\/wp-json\/wp\/v2\/types\/product"}],"wp:featuredmedia":[{"embeddable":true,"href":"https:\/\/proservice.com.ar\/index.php\/wp-json\/wp\/v2\/media\/8331"}],"wp:attachment":[{"href":"https:\/\/proservice.com.ar\/index.php\/wp-json\/wp\/v2\/media?parent=8322"}],"wp:term":[{"taxonomy":"pwb-brand","embeddable":true,"href":"https:\/\/proservice.com.ar\/index.php\/wp-json\/wp\/v2\/pwb-brand?post=8322"},{"taxonomy":"product_brand","embeddable":true,"href":"https:\/\/proservice.com.ar\/index.php\/wp-json\/wp\/v2\/product_brand?post=8322"},{"taxonomy":"product_cat","embeddable":true,"href":"https:\/\/proservice.com.ar\/index.php\/wp-json\/wp\/v2\/product_cat?post=8322"},{"taxonomy":"product_tag","embeddable":true,"href":"https:\/\/proservice.com.ar\/index.php\/wp-json\/wp\/v2\/product_tag?post=8322"}],"curies":[{"name":"wp","href":"https:\/\/api.w.org\/{rel}","templated":true}]}}