{"id":8324,"date":"2024-04-07T10:30:00","date_gmt":"2024-04-07T13:30:00","guid":{"rendered":"https:\/\/proservice.com.ar\/?post_type=product&#038;p=8324"},"modified":"2026-04-07T10:35:28","modified_gmt":"2026-04-07T13:35:28","slug":"smallrig-all-in-one-video-kit-basic","status":"publish","type":"product","link":"https:\/\/proservice.com.ar\/index.php\/product\/smallrig-all-in-one-video-kit-basic\/","title":{"rendered":"SmallRig All-in-One Video Kit Basic"},"content":{"rendered":"<div class=\"\" data-selenium=\"overviewLongDescription\">\n<div class=\"js-injected-html text_UbV5SNP5Eo\">\n<p><span dir=\"auto\">Dise\u00f1ado para vlogs, transmisiones en vivo, filmaci\u00f3n m\u00f3vil y m\u00e1s, el\u00a0<\/span><span dir=\"auto\">kit de video todo en uno b\u00e1sico<\/span><span dir=\"auto\">\u00a0de\u00a0<\/span><span dir=\"auto\">SmallRig<\/span><span dir=\"auto\"> es un paquete del fabricante que incluye el\u00a0 cage universal para tel\u00e9fono m\u00f3vil y dos asas laterales ligeras. El\u00a0 cage asegura tu tel\u00e9fono y proporciona mayor estabilidad al grabar, permitiendo a los usuarios montar perif\u00e9ricos mediante su zapata fr\u00eda y sus soportes de 1\/4&#8243;-20. Las asas laterales se acoplan a la jaula para ofrecer a\u00fan mayor seguridad y estabilidad a tu dispositivo m\u00f3vil, e incorporan roscas adicionales de 1\/4&#8243;-20 y almohadillas de goma antideslizantes.<\/span><\/p>\n<\/div>\n<\/div>\n<div>\n<div class=\"feature_UbV5SNP5Eo\">\n<div class=\"featureHeader_UbV5SNP5Eo\">\n<div class=\"text_TAw0W35QK_ comfy_TAw0W35QK_ sizeTitle2_TAw0W35QK_ weightNormal_TAw0W35QK_ primary_i3MsQsqoe0\"><span dir=\"auto\">Cage universal para tel\u00e9fono m\u00f3vil SmallRig<\/span><\/div>\n<\/div>\n<div class=\"productDescription_UbV5SNP5Eo\" data-selenium=\"overviewLongDescription\">\n<div class=\"js-injected-html text_UbV5SNP5Eo\">\n<p><span dir=\"auto\">Dise\u00f1ado para adaptarse a la mayor\u00eda de los smartphones de 2,2 a 3,5 pulgadas de ancho, con o sin funda, el\u00a0<\/span><span dir=\"auto\">soporte universal para tel\u00e9fono m\u00f3vil<\/span><span dir=\"auto\">\u00a0de\u00a0<\/span><span dir=\"auto\">SmallRig<\/span><span dir=\"auto\">\u00a0est\u00e1 pensado para vlogging, retransmisiones en directo, grabaci\u00f3n de v\u00eddeo m\u00f3vil y mucho m\u00e1s. Sujeta el tel\u00e9fono mediante un tornillo de ajuste, que proporciona mayor estabilidad que una abrazadera con resorte. Tambi\u00e9n incluye cuatro soportes para zapata fr\u00eda, adem\u00e1s de m\u00faltiples orificios roscados de 1\/4&#8243;-20 que permiten acoplar un tr\u00edpode, un asa superior y una empu\u00f1adura lateral. Los orificios roscados de 1\/4&#8243;-20 frontales permiten acoplar un soporte para bater\u00eda externa, lo que facilita la sujeci\u00f3n de la bater\u00eda cuando se necesita una soluci\u00f3n de carga sostenible. Este soporte se puede utilizar tanto para grabaci\u00f3n horizontal como vertical, y las almohadillas de goma integradas ayudan a absorber los golpes y evitan ara\u00f1azos en el tel\u00e9fono. Gracias a las dos bridas para cables incorporadas, podr\u00e1s organizar los cables durante la grabaci\u00f3n.<\/span><\/p>\n<\/div>\n<\/div>\n<div class=\"feature_UbV5SNP5Eo\">\n<div class=\"feature_UbV5SNP5Eo\">\n<div class=\"descriptionAsTitle_UbV5SNP5Eo\">\n<div class=\"js-injected-html text_UbV5SNP5Eo\"><span dir=\"auto\">Compatible con la mayor\u00eda de los tel\u00e9fonos de 2,2 a 3,5 pulgadas de ancho y 0,7 pulgadas de grosor.<\/span><\/div>\n<\/div>\n<\/div>\n<div class=\"feature_UbV5SNP5Eo\">\n<div class=\"descriptionAsTitle_UbV5SNP5Eo\">\n<div class=\"js-injected-html text_UbV5SNP5Eo\"><span dir=\"auto\">M\u00faltiples orificios roscados de 1\/4&#8243;-20 y soportes para zapatas fr\u00edas.<\/span><\/div>\n<\/div>\n<\/div>\n<div class=\"feature_UbV5SNP5Eo\">\n<div class=\"descriptionAsTitle_UbV5SNP5Eo\">\n<div class=\"js-injected-html text_UbV5SNP5Eo\"><span dir=\"auto\">Admite disparos tanto horizontales como verticales.<\/span><\/div>\n<\/div>\n<\/div>\n<div class=\"feature_UbV5SNP5Eo\">\n<div class=\"descriptionAsTitle_UbV5SNP5Eo\">\n<div class=\"js-injected-html text_UbV5SNP5Eo\"><span dir=\"auto\">Una brida de pl\u00e1stico ayuda a mantener todo ordenado.<\/span><\/div>\n<\/div>\n<\/div>\n<div class=\"feature_UbV5SNP5Eo\">\n<div class=\"descriptionAsTitle_UbV5SNP5Eo\">\n<div class=\"js-injected-html text_UbV5SNP5Eo\"><span dir=\"auto\">Una almohadilla interior de silicona ayuda a proteger tu tel\u00e9fono contra ara\u00f1azos.<\/span><\/div>\n<\/div>\n<\/div>\n<div class=\"feature_UbV5SNP5Eo\">\n<div class=\"descriptionAsTitle_UbV5SNP5Eo\">\n<div class=\"js-injected-html text_UbV5SNP5Eo\"><span dir=\"auto\">Se puede usar con una funda para tel\u00e9fono o un tarjetero MagSafe.<\/span><\/div>\n<\/div>\n<\/div>\n<\/div>\n<\/div>\n<\/div>\n<div>\n<div class=\"feature_UbV5SNP5Eo\">\n<div class=\"featureHeader_UbV5SNP5Eo\">\n<div class=\"text_TAw0W35QK_ comfy_TAw0W35QK_ sizeTitle2_TAw0W35QK_ weightNormal_TAw0W35QK_ primary_i3MsQsqoe0\"><span dir=\"auto\">Empu\u00f1adura lateral ligera SmallRig para jaula de smartphone<\/span><\/div>\n<\/div>\n<div class=\"productDescription_UbV5SNP5Eo\" data-selenium=\"overviewLongDescription\">\n<div class=\"js-injected-html text_UbV5SNP5Eo\">\n<p><span dir=\"auto\">Dise\u00f1ado para adaptarse a las jaulas para tel\u00e9fonos, el\u00a0<\/span><span dir=\"auto\">mango lateral ligero para cage de smartphone<\/span><span dir=\"auto\">\u00a0de\u00a0<\/span><span dir=\"auto\">SmallRig<\/span><span dir=\"auto\">\u00a0cuenta con una llave integrada para ajustar la altura y apretar el tornillo de bloqueo, tres orificios roscados de 1\/4&#8243;-20 en la parte superior para montar accesorios y almohadillas de goma antideslizantes que garantizan un agarre m\u00e1s c\u00f3modo. Si desea mayor seguridad y estabilidad al grabar con su m\u00f3vil, este mango tambi\u00e9n es compatible con la correa de mano PAC2456 de SmallRig.<\/span><\/p>\n<\/div>\n<\/div>\n<div class=\"feature_UbV5SNP5Eo\">\n<div class=\"featureHeader_UbV5SNP5Eo\">\n<div class=\"text_TAw0W35QK_ comfy_TAw0W35QK_ sizeTitle3_TAw0W35QK_ weightNormal_TAw0W35QK_ primary_i3MsQsqoe0\"><span dir=\"auto\">Caracter\u00edsticas generales<\/span><\/div>\n<\/div>\n<div class=\"\">\n<div class=\"descriptionAsTitle_UbV5SNP5Eo\">\n<div class=\"js-injected-html text_UbV5SNP5Eo\"><span dir=\"auto\">Dise\u00f1ado para el\u00a0 cage para tel\u00e9fonos SmallRig para lograr una grabaci\u00f3n de tel\u00e9fono m\u00f3vil m\u00e1s profesional.<\/span><\/div>\n<\/div>\n<\/div>\n<div class=\"feature_UbV5SNP5Eo\">\n<div class=\"descriptionAsTitle_UbV5SNP5Eo\">\n<div class=\"js-injected-html text_UbV5SNP5Eo\"><span dir=\"auto\">La llave incorporada se puede utilizar para ajustar la altura del mango y apretar el tornillo de bloqueo.<\/span><\/div>\n<\/div>\n<\/div>\n<div class=\"feature_UbV5SNP5Eo\">\n<div class=\"descriptionAsTitle_UbV5SNP5Eo\">\n<div class=\"js-injected-html text_UbV5SNP5Eo\"><span dir=\"auto\">Los orificios roscados de 1\/4&#8243; en la parte superior del mango se pueden usar para la fijaci\u00f3n de accesorios.<\/span><\/div>\n<\/div>\n<\/div>\n<div class=\"feature_UbV5SNP5Eo\">\n<div class=\"descriptionAsTitle_UbV5SNP5Eo\">\n<div class=\"js-injected-html text_UbV5SNP5Eo\"><span dir=\"auto\">Compatible con la correa de mano SmallRig PAC2456 para una grabaci\u00f3n de v\u00eddeo a mano m\u00e1s segura y estable.<\/span><\/div>\n<\/div>\n<\/div>\n<div class=\"feature_UbV5SNP5Eo\">\n<div class=\"descriptionAsTitle_UbV5SNP5Eo\">\n<div class=\"js-injected-html text_UbV5SNP5Eo\"><span dir=\"auto\">Utiliza almohadillas de goma antideslizantes para garantizar un agarre m\u00e1s c\u00f3modo.<\/span><\/div>\n<\/div>\n<\/div>\n<\/div>\n<\/div>\n<\/div>\n","protected":false},"excerpt":{"rendered":"<p>SmallRig All-in-One Video Kit Basic<\/p>\n","protected":false},"featured_media":8326,"template":"","meta":{"om_disable_all_campaigns":false},"pwb-brand":[],"product_brand":[],"product_cat":[59,83],"product_tag":[745],"class_list":{"0":"post-8324","1":"product","2":"type-product","3":"status-publish","4":"has-post-thumbnail","6":"product_cat-camera-cage-and-kit","7":"product_cat-smallrig","8":"product_tag-745","10":"first","11":"outofstock","12":"shipping-taxable","13":"product-type-simple"},"aioseo_notices":[],"jetpack_sharing_enabled":true,"brands":[],"_links":{"self":[{"href":"https:\/\/proservice.com.ar\/index.php\/wp-json\/wp\/v2\/product\/8324","targetHints":{"allow":["GET"]}}],"collection":[{"href":"https:\/\/proservice.com.ar\/index.php\/wp-json\/wp\/v2\/product"}],"about":[{"href":"https:\/\/proservice.com.ar\/index.php\/wp-json\/wp\/v2\/types\/product"}],"wp:featuredmedia":[{"embeddable":true,"href":"https:\/\/proservice.com.ar\/index.php\/wp-json\/wp\/v2\/media\/8326"}],"wp:attachment":[{"href":"https:\/\/proservice.com.ar\/index.php\/wp-json\/wp\/v2\/media?parent=8324"}],"wp:term":[{"taxonomy":"pwb-brand","embeddable":true,"href":"https:\/\/proservice.com.ar\/index.php\/wp-json\/wp\/v2\/pwb-brand?post=8324"},{"taxonomy":"product_brand","embeddable":true,"href":"https:\/\/proservice.com.ar\/index.php\/wp-json\/wp\/v2\/product_brand?post=8324"},{"taxonomy":"product_cat","embeddable":true,"href":"https:\/\/proservice.com.ar\/index.php\/wp-json\/wp\/v2\/product_cat?post=8324"},{"taxonomy":"product_tag","embeddable":true,"href":"https:\/\/proservice.com.ar\/index.php\/wp-json\/wp\/v2\/product_tag?post=8324"}],"curies":[{"name":"wp","href":"https:\/\/api.w.org\/{rel}","templated":true}]}}