{"id":8332,"date":"2026-04-07T10:46:31","date_gmt":"2026-04-07T13:46:31","guid":{"rendered":"https:\/\/proservice.com.ar\/?post_type=product&#038;p=8332"},"modified":"2026-04-07T12:41:41","modified_gmt":"2026-04-07T15:41:41","slug":"smallrig-ad-01-heavy-duty-tripod-with-fluid-head-bumblebee-edition","status":"publish","type":"product","link":"https:\/\/proservice.com.ar\/index.php\/product\/smallrig-ad-01-heavy-duty-tripod-with-fluid-head-bumblebee-edition\/","title":{"rendered":"SmallRig AD-01 Heavy-Duty Tripod with Fluid Head (Bumblebee Edition)"},"content":{"rendered":"<p>Con una capacidad de carga de 8 kg y un peso de tan solo 3,8 kg, el tr\u00edpode AD-01 de alta resistencia con cabezal fluido (edici\u00f3n Bumblebee) de SmallRig es una opci\u00f3n de soporte duradera y port\u00e1til para fot\u00f3grafos, vide\u00f3grafos y vloggers profesionales. Este tr\u00edpode de tres secciones est\u00e1 fabricado en aluminio ligero y resistente, y cuenta con una altura ajustable de 84 a 188 cm y cierres de palanca f\u00e1ciles de usar. Se pliega hasta alcanzar una longitud compacta para facilitar su transporte en la bolsa incluida.<\/p>\n<p>El cabezal fluido permite usar la placa de liberaci\u00f3n r\u00e1pida estilo Manfrotto incluida o la placa de liberaci\u00f3n r\u00e1pida compatible con DJI RS 2\/RS 3\/RS 3 Pro con solo accionar un interruptor. El cabezal de media bola de 75 mm permite un giro de 360\u00b0 y una inclinaci\u00f3n de +90\/-60\u00b0, y la placa de liberaci\u00f3n r\u00e1pida cuenta con roscas de 1\/4&#8243;-20 y 3\/8&#8243;-16 para adaptarse a todo tipo de c\u00e1maras. Otras caracter\u00edsticas incluyen un nivel de burbuja, roscas para accesorios de 1\/4&#8243;-20 y 3\/8&#8243;-16, y una barra de giro fija. Se incluye una bolsa de transporte con correa para el hombro para guardar y transportar el sistema.<\/p>\n<p><strong>Detalles adicionales<\/strong><\/p>\n<ul>\n<li>Tr\u00edpode ligero de aluminio y sistema de cabezal fluido.<\/li>\n<li>Pesa tan solo 4 kg.<\/li>\n<li>Rango m\u00e1ximo de ajuste de altura de trabajo de 33 a 74 pulgadas; longitud plegada de 35 pulgadas.<\/li>\n<li>Placa de liberaci\u00f3n r\u00e1pida estilo Manfrotto con tornillos de montaje para c\u00e1mara de 1\/4&#8243;-20 y 3\/8&#8243;-16.<\/li>\n<li>Un interruptor en el cabezal cambia la configuraci\u00f3n de montaje para adaptarse a una placa de liberaci\u00f3n r\u00e1pida DJI RS 2.<\/li>\n<li>Carga m\u00e1xima de 17,6 libras.<\/li>\n<li>Roscas de 1\/4&#8243;-20 y 3\/8&#8243;-16 en la cabeza y las patas para montar accesorios.<\/li>\n<li>Base del cuenco de 75 mm.<\/li>\n<li>Giro panor\u00e1mico de 360\u00b0, inclinaci\u00f3n de +90\/-60\u00b0.<\/li>\n<li>Barra de sart\u00e9n fija.<\/li>\n<li>Nivel de burbuja.<\/li>\n<li>Incluye bolsa de transporte.<\/li>\n<\/ul>\n","protected":false},"excerpt":{"rendered":"<p>SmallRig AD-01 Heavy-Duty Tripod with Fluid Head (Bumblebee Edition)<\/p>\n","protected":false},"featured_media":8339,"template":"","meta":{"om_disable_all_campaigns":false},"pwb-brand":[],"product_brand":[],"product_cat":[83,299],"product_tag":[746,749],"class_list":{"0":"post-8332","1":"product","2":"type-product","3":"status-publish","4":"has-post-thumbnail","6":"product_cat-smallrig","7":"product_cat-tripods","8":"product_tag-746","9":"product_tag-tripode-ligero-de-aluminio-y-sistema-de-cabezal-fluido","11":"first","12":"outofstock","13":"shipping-taxable","14":"product-type-simple"},"aioseo_notices":[],"jetpack_sharing_enabled":true,"brands":[],"_links":{"self":[{"href":"https:\/\/proservice.com.ar\/index.php\/wp-json\/wp\/v2\/product\/8332","targetHints":{"allow":["GET"]}}],"collection":[{"href":"https:\/\/proservice.com.ar\/index.php\/wp-json\/wp\/v2\/product"}],"about":[{"href":"https:\/\/proservice.com.ar\/index.php\/wp-json\/wp\/v2\/types\/product"}],"wp:featuredmedia":[{"embeddable":true,"href":"https:\/\/proservice.com.ar\/index.php\/wp-json\/wp\/v2\/media\/8339"}],"wp:attachment":[{"href":"https:\/\/proservice.com.ar\/index.php\/wp-json\/wp\/v2\/media?parent=8332"}],"wp:term":[{"taxonomy":"pwb-brand","embeddable":true,"href":"https:\/\/proservice.com.ar\/index.php\/wp-json\/wp\/v2\/pwb-brand?post=8332"},{"taxonomy":"product_brand","embeddable":true,"href":"https:\/\/proservice.com.ar\/index.php\/wp-json\/wp\/v2\/product_brand?post=8332"},{"taxonomy":"product_cat","embeddable":true,"href":"https:\/\/proservice.com.ar\/index.php\/wp-json\/wp\/v2\/product_cat?post=8332"},{"taxonomy":"product_tag","embeddable":true,"href":"https:\/\/proservice.com.ar\/index.php\/wp-json\/wp\/v2\/product_tag?post=8332"}],"curies":[{"name":"wp","href":"https:\/\/api.w.org\/{rel}","templated":true}]}}