{"id":8346,"date":"2026-04-07T10:56:28","date_gmt":"2026-04-07T13:56:28","guid":{"rendered":"https:\/\/proservice.com.ar\/?post_type=product&#038;p=8346"},"modified":"2026-04-07T12:40:17","modified_gmt":"2026-04-07T15:40:17","slug":"dji-osmo-mobile-8-smartphone-gimbal","status":"publish","type":"product","link":"https:\/\/proservice.com.ar\/index.php\/product\/dji-osmo-mobile-8-smartphone-gimbal\/","title":{"rendered":"DJI Osmo Mobile 8 Smartphone Gimbal"},"content":{"rendered":"<p>Rastrea sujetos con precisi\u00f3n y mant\u00e9n grabaciones estables con tu smartphone gracias al estabilizador DJI Osmo Mobile 8. Este estabilizador actualizado ofrece un m\u00f3dulo multifuncional y la tecnolog\u00eda ActiveTrack 7.0. Incluye una abrazadera magn\u00e9tica para smartphones de hasta 8,4 cm (3,3&#8243;) de ancho con una interfaz de montaje r\u00e1pido, un brazo extensor y un tr\u00edpode integrados, as\u00ed como el m\u00f3dulo multifuncional OM para un seguimiento mejorado de mascotas y personas, control por gestos y luz de relleno. Otras novedades incluyen conexi\u00f3n directa con el smartphone compatible con Apple DockKit, salida USB-C para cargar la c\u00e1mara y un orificio para a\u00f1adir un contrapeso opcional.<\/p>\n<p>Dispositivo de lanzamiento r\u00e1pido<br \/>\nEl Osmo Mobile 8 se configura r\u00e1pidamente despleg\u00e1ndolo y sujetando el smartphone mediante la pinza magn\u00e9tica para empezar a grabar. Un sensor inteligente integrado y la alineaci\u00f3n autom\u00e1tica detectan el tel\u00e9fono y ajustan el estabilizador para lograr un equilibrio \u00f3ptimo.<\/p>\n<p>No es necesario sacar el tel\u00e9fono de su funda, ya que la abrazadera mejorada admite tel\u00e9fonos de hasta 3,3 pulgadas de ancho y con un peso de hasta 10,6 onzas.<br \/>\nLos usuarios de iPhone tambi\u00e9n pueden utilizar el soporte de liberaci\u00f3n r\u00e1pida magn\u00e9tico DJI OM, disponible por separado, para prescindir de la abrazadera del tel\u00e9fono y simplificar el proceso de configuraci\u00f3n.<\/p>\n<p>M\u00f3dulo multifuncional<br \/>\nEl m\u00f3dulo multifuncional a\u00f1ade seguimiento a la aplicaci\u00f3n de c\u00e1mara nativa de tu smartphone o a aplicaciones de c\u00e1mara de terceros sin necesidad de la aplicaci\u00f3n Mimo. Al conectar el m\u00f3dulo, tambi\u00e9n se habilita el control por gestos.<br \/>\nLa luz de relleno integrada en el m\u00f3dulo mejora las tomas en condiciones de poca luz, con ocho niveles de brillo y temperatura de color ajustable. La conectividad Bluetooth integrada permite conectar hasta dos transmisores DJI Mic 3, Mic 2 o Mini al estabilizador sin necesidad de un receptor.<\/p>\n<div class=\"featureHeader_UbV5SNP5Eo\">\n<div class=\"text_TAw0W35QK_ comfy_TAw0W35QK_ sizeTitle2_TAw0W35QK_ weightNormal_TAw0W35QK_ primary_i3MsQsqoe0\"><span dir=\"auto\">Control por gestos<\/span><\/div>\n<\/div>\n<div class=\"js-injected-html text_UbV5SNP5Eo\">\n<ul>\n<li><span dir=\"auto\">Muestre la palma de su mano al sensor del m\u00f3dulo multifuncional y el seguimiento inteligente se iniciar\u00e1\/detendr\u00e1 instant\u00e1neamente.<\/span><\/li>\n<li><span dir=\"auto\">Haz una &#8220;V&#8221; con los dedos para tomar una foto o iniciar\/detener la grabaci\u00f3n.<\/span><\/li>\n<li><span dir=\"auto\">Un gesto de doble &#8220;L&#8221; ajusta el encuadre, sin importar d\u00f3nde te muevas dentro del marco.<\/span><\/li>\n<\/ul>\n<p>Estabilizaci\u00f3n de 3 ejes y ActiveTrack 7.0<br \/>\nLa Osmo Mobile 8 ofrece una mayor estabilidad a distancias m\u00e1s largas gracias a la versi\u00f3n actualizada de ActiveTrack 7.0, que permite el seguimiento autom\u00e1tico de la forma del cuerpo para seguir a personas o mascotas sin necesidad de selecci\u00f3n manual. Sigue a los sujetos incluso despu\u00e9s de que salgan del encuadre mediante el zoom autom\u00e1tico y los movimientos del estabilizador para una grabaci\u00f3n continua.<br \/>\nLa funci\u00f3n Captura Inteligente detecta varios sujetos y te permite cambiar f\u00e1cilmente entre ellos con solo tocar la pantalla de tu tel\u00e9fono. El seguimiento fluido localiza al sujeto que prefieras, ya sea una persona o tu mascota, y mantiene un seguimiento continuo independientemente del movimiento o los obst\u00e1culos. La tecnolog\u00eda de estabilizaci\u00f3n integrada crea tomas sin vibraciones ni distorsiones causadas por el terreno.<\/p>\n<\/div>\n","protected":false},"excerpt":{"rendered":"<p>DJI Osmo Mobile 8 Smartphone Gimbal<\/p>\n","protected":false},"featured_media":8352,"template":"","meta":{"om_disable_all_campaigns":false},"pwb-brand":[],"product_brand":[],"product_cat":[643,646],"product_tag":[748],"class_list":{"0":"post-8346","1":"product","2":"type-product","3":"status-publish","4":"has-post-thumbnail","6":"product_cat-dji","7":"product_cat-gimbal-de-camara","8":"product_tag-dji-osmo-mobile-8","10":"first","11":"outofstock","12":"shipping-taxable","13":"product-type-simple"},"aioseo_notices":[],"jetpack_sharing_enabled":true,"brands":[],"_links":{"self":[{"href":"https:\/\/proservice.com.ar\/index.php\/wp-json\/wp\/v2\/product\/8346","targetHints":{"allow":["GET"]}}],"collection":[{"href":"https:\/\/proservice.com.ar\/index.php\/wp-json\/wp\/v2\/product"}],"about":[{"href":"https:\/\/proservice.com.ar\/index.php\/wp-json\/wp\/v2\/types\/product"}],"wp:featuredmedia":[{"embeddable":true,"href":"https:\/\/proservice.com.ar\/index.php\/wp-json\/wp\/v2\/media\/8352"}],"wp:attachment":[{"href":"https:\/\/proservice.com.ar\/index.php\/wp-json\/wp\/v2\/media?parent=8346"}],"wp:term":[{"taxonomy":"pwb-brand","embeddable":true,"href":"https:\/\/proservice.com.ar\/index.php\/wp-json\/wp\/v2\/pwb-brand?post=8346"},{"taxonomy":"product_brand","embeddable":true,"href":"https:\/\/proservice.com.ar\/index.php\/wp-json\/wp\/v2\/product_brand?post=8346"},{"taxonomy":"product_cat","embeddable":true,"href":"https:\/\/proservice.com.ar\/index.php\/wp-json\/wp\/v2\/product_cat?post=8346"},{"taxonomy":"product_tag","embeddable":true,"href":"https:\/\/proservice.com.ar\/index.php\/wp-json\/wp\/v2\/product_tag?post=8346"}],"curies":[{"name":"wp","href":"https:\/\/api.w.org\/{rel}","templated":true}]}}