{"id":8361,"date":"2026-04-14T14:19:04","date_gmt":"2026-04-14T17:19:04","guid":{"rendered":"https:\/\/proservice.com.ar\/?post_type=product&#038;p=8361"},"modified":"2026-04-14T14:19:25","modified_gmt":"2026-04-14T17:19:25","slug":"elgato-stream-deck-studio","status":"publish","type":"product","link":"https:\/\/proservice.com.ar\/index.php\/product\/elgato-stream-deck-studio\/","title":{"rendered":"Elgato Stream Deck Studio"},"content":{"rendered":"<p>El emblem\u00e1tico hardware de Elgato con el software de Bitfocus. Te presentamos Stream Deck Studio, una superficie de control s\u00faper personalizable para sistemas de broadcast profesionales. Dise\u00f1ada para simplificar flujos de trabajo complejos.<\/p>\n<p>Compatible con cientos de dispositivos de tus proveedores favoritos, Stream Deck Studio te ayuda a simplificar los flujos de trabajo m\u00e1s exigentes.<\/p>\n<p>Desarrollado con el software Buttons, es el nuevo est\u00e1ndar en control de emisiones. Presentado con orgullo por Elgato y Bitfocus.<br \/>\n* Se requiere suscripci\u00f3n a Buttons<\/p>\n<p>ENRUTAMIENTO CROSSPOINT<br \/>\nEntradas y salidas autogeneradas con filtrado basado en etiquetas para facilitar la configuraci\u00f3n<\/p>\n<p>SNMP<br \/>\nSupervisi\u00f3n integrada de infraestructura y red para un control total del sistema<\/p>\n<p>NMOS \/ ST 2110<br \/>\nCompatibilidad nativa con IS-04 e IS-05 para una emisi\u00f3n fluida basada en IP<\/p>\n<p>CONTROL DE TALLY<br \/>\nSistema de enrutamiento GPIO intuitivo y el motor l\u00f3gico facilitan la gesti\u00f3n de se\u00f1ales<\/p>\n<p>API<br \/>\nSistema de control expandible con acceso a una API completa para una integraci\u00f3n profunda de los flujos de trabajo<\/p>\n<p>M\u00d3DULOS COMPANION<br \/>\nSoporta todas las conexiones de Bitfocus Companion para una compatibilidad ilimitada<\/p>\n","protected":false},"excerpt":{"rendered":"<p>Elgato Stream Deck Studio<\/p>\n","protected":false},"featured_media":8364,"template":"","meta":{"om_disable_all_campaigns":false},"pwb-brand":[],"product_brand":[],"product_cat":[682],"product_tag":[750],"class_list":{"0":"post-8361","1":"product","2":"type-product","3":"status-publish","4":"has-post-thumbnail","6":"product_cat-elgato","7":"product_tag-stream-deck-studio","9":"first","10":"instock","11":"shipping-taxable","12":"purchasable","13":"product-type-simple"},"aioseo_notices":[],"jetpack_sharing_enabled":true,"brands":[],"_links":{"self":[{"href":"https:\/\/proservice.com.ar\/index.php\/wp-json\/wp\/v2\/product\/8361","targetHints":{"allow":["GET"]}}],"collection":[{"href":"https:\/\/proservice.com.ar\/index.php\/wp-json\/wp\/v2\/product"}],"about":[{"href":"https:\/\/proservice.com.ar\/index.php\/wp-json\/wp\/v2\/types\/product"}],"wp:featuredmedia":[{"embeddable":true,"href":"https:\/\/proservice.com.ar\/index.php\/wp-json\/wp\/v2\/media\/8364"}],"wp:attachment":[{"href":"https:\/\/proservice.com.ar\/index.php\/wp-json\/wp\/v2\/media?parent=8361"}],"wp:term":[{"taxonomy":"pwb-brand","embeddable":true,"href":"https:\/\/proservice.com.ar\/index.php\/wp-json\/wp\/v2\/pwb-brand?post=8361"},{"taxonomy":"product_brand","embeddable":true,"href":"https:\/\/proservice.com.ar\/index.php\/wp-json\/wp\/v2\/product_brand?post=8361"},{"taxonomy":"product_cat","embeddable":true,"href":"https:\/\/proservice.com.ar\/index.php\/wp-json\/wp\/v2\/product_cat?post=8361"},{"taxonomy":"product_tag","embeddable":true,"href":"https:\/\/proservice.com.ar\/index.php\/wp-json\/wp\/v2\/product_tag?post=8361"}],"curies":[{"name":"wp","href":"https:\/\/api.w.org\/{rel}","templated":true}]}}