{"id":8366,"date":"2026-04-14T14:24:22","date_gmt":"2026-04-14T17:24:22","guid":{"rendered":"https:\/\/proservice.com.ar\/?post_type=product&#038;p=8366"},"modified":"2026-04-14T16:42:12","modified_gmt":"2026-04-14T19:42:12","slug":"tripode-con-mosqueton-smallrig-vt-15","status":"publish","type":"product","link":"https:\/\/proservice.com.ar\/index.php\/product\/tripode-con-mosqueton-smallrig-vt-15\/","title":{"rendered":"Tr\u00edpode con mosquet\u00f3n SmallRig VT-15"},"content":{"rendered":"<p>El tr\u00edpode con mosquet\u00f3n VT-15 de SmallRig cuenta con un innovador sistema de sujeci\u00f3n con mosquet\u00f3n y gancho integrado que permite engancharlo a mochilas, vallas y otros objetos para facilitar su transporte y obtener \u00e1ngulos poco convencionales. La columna central telesc\u00f3pica de cuatro secciones ofrece una altura m\u00e1xima de 41 cm y permite usarlo como palo selfie. Su soporte ajustable para zapata fr\u00eda facilita la incorporaci\u00f3n de accesorios. El tr\u00edpode incorpora una r\u00f3tula con rosca de 6 mm (1\/4&#8243;)-20 e incluye un soporte para c\u00e1mara de acci\u00f3n con rosca de 6 mm (1\/4&#8243;)-20.<\/p>\n<div class=\"title_OMS5rN7R1Z\">\n<div class=\"text_TAw0W35QK_ comfy_TAw0W35QK_ sizeTitle4_TAw0W35QK_ weightBold_TAw0W35QK_ primary_i3MsQsqoe0\" data-selenium=\"sellingPointsTitle\"><strong><span dir=\"auto\">Caracter\u00edsticas principales<\/span><\/strong><\/div>\n<\/div>\n<ul class=\"list_OMS5rN7R1Z\">\n<li class=\"listItem_OMS5rN7R1Z\" data-selenium=\"sellingPointsListItem\"><span dir=\"auto\">Agarre con mosquet\u00f3n para un bloqueo f\u00e1cil mediante clic.<\/span><\/li>\n<li class=\"listItem_OMS5rN7R1Z\" data-selenium=\"sellingPointsListItem\"><span dir=\"auto\">Gancho de mantis integrado<\/span><\/li>\n<li class=\"listItem_OMS5rN7R1Z\" data-selenium=\"sellingPointsListItem\"><span dir=\"auto\">Cabeza esf\u00e9rica con tornillo de 1\/4&#8243;-20<\/span><\/li>\n<li class=\"listItem_OMS5rN7R1Z\" data-selenium=\"sellingPointsListItem\"><span dir=\"auto\">Soporte para c\u00e1mara de acci\u00f3n con r\u00f3tula<\/span><\/li>\n<li class=\"listItem_OMS5rN7R1Z\" data-selenium=\"sellingPointsListItem\"><span dir=\"auto\">Almohadillas de silicona para los pies que proporcionan estabilidad.<\/span><\/li>\n<li class=\"listItem_OMS5rN7R1Z\" data-selenium=\"sellingPointsListItem\"><span dir=\"auto\">Soporte de zapata fr\u00eda para accesorios<\/span><\/li>\n<\/ul>\n","protected":false},"excerpt":{"rendered":"<p>Tr\u00edpode con mosquet\u00f3n SmallRig VT-15<\/p>\n","protected":false},"featured_media":8372,"template":"","meta":{"om_disable_all_campaigns":false},"pwb-brand":[],"product_brand":[],"product_cat":[83,299],"product_tag":[751],"class_list":{"0":"post-8366","1":"product","2":"type-product","3":"status-publish","4":"has-post-thumbnail","6":"product_cat-smallrig","7":"product_cat-tripods","8":"product_tag-vt-15","10":"first","11":"instock","12":"shipping-taxable","13":"purchasable","14":"product-type-simple"},"aioseo_notices":[],"jetpack_sharing_enabled":true,"brands":[],"_links":{"self":[{"href":"https:\/\/proservice.com.ar\/index.php\/wp-json\/wp\/v2\/product\/8366","targetHints":{"allow":["GET"]}}],"collection":[{"href":"https:\/\/proservice.com.ar\/index.php\/wp-json\/wp\/v2\/product"}],"about":[{"href":"https:\/\/proservice.com.ar\/index.php\/wp-json\/wp\/v2\/types\/product"}],"wp:featuredmedia":[{"embeddable":true,"href":"https:\/\/proservice.com.ar\/index.php\/wp-json\/wp\/v2\/media\/8372"}],"wp:attachment":[{"href":"https:\/\/proservice.com.ar\/index.php\/wp-json\/wp\/v2\/media?parent=8366"}],"wp:term":[{"taxonomy":"pwb-brand","embeddable":true,"href":"https:\/\/proservice.com.ar\/index.php\/wp-json\/wp\/v2\/pwb-brand?post=8366"},{"taxonomy":"product_brand","embeddable":true,"href":"https:\/\/proservice.com.ar\/index.php\/wp-json\/wp\/v2\/product_brand?post=8366"},{"taxonomy":"product_cat","embeddable":true,"href":"https:\/\/proservice.com.ar\/index.php\/wp-json\/wp\/v2\/product_cat?post=8366"},{"taxonomy":"product_tag","embeddable":true,"href":"https:\/\/proservice.com.ar\/index.php\/wp-json\/wp\/v2\/product_tag?post=8366"}],"curies":[{"name":"wp","href":"https:\/\/api.w.org\/{rel}","templated":true}]}}