{"id":8373,"date":"2026-04-14T16:48:12","date_gmt":"2026-04-14T19:48:12","guid":{"rendered":"https:\/\/proservice.com.ar\/?post_type=product&#038;p=8373"},"modified":"2026-04-14T16:48:13","modified_gmt":"2026-04-14T19:48:13","slug":"hollyland-lark-m2-mini-combo","status":"publish","type":"product","link":"https:\/\/proservice.com.ar\/index.php\/product\/hollyland-lark-m2-mini-combo\/","title":{"rendered":"Hollyland LARK M2 2-Person Wireless Mini Combo Microphone System"},"content":{"rendered":"<div class=\"feature_UbV5SNP5Eo\">\n<div>\n<div class=\"js-injected-html text_UbV5SNP5Eo\"><span dir=\"auto\">Graba hasta dos personas en aplicaciones de periodismo m\u00f3vil o creaci\u00f3n de contenido con este\u00a0<\/span><b><span dir=\"auto\">sistema de micr\u00f3fono inal\u00e1mbrico mini combo LARK M2 de<\/span><\/b><span dir=\"auto\">\u00a02.4 GHz de\u00a0<\/span><b><span dir=\"auto\">Hollyland<\/span><\/b><span dir=\"auto\">\u00a0, en color carb\u00f3n brillante . El sistema incluye dos transmisores con micr\u00f3fonos omnidireccionales integrados y malla de doble interfaz, dos receptores diferentes y un estuche de carga. El montaje magn\u00e9tico y las fundas de silicona para el collar facilitan la colocaci\u00f3n de los transmisores. Varios cables adaptadores y una montura integrada para la zapata de la c\u00e1mara garantizan una amplia compatibilidad con dispositivos.<\/span><\/div>\n<\/div>\n<\/div>\n<div class=\"feature_UbV5SNP5Eo\">\n<div class=\"featureHeader_UbV5SNP5Eo\">\n<div class=\"text_TAw0W35QK_ comfy_TAw0W35QK_ sizeTitle2_TAw0W35QK_ weightNormal_TAw0W35QK_ primary_i3MsQsqoe0\"><span dir=\"auto\">Transmisi\u00f3n de audio estable<\/span><\/div>\n<\/div>\n<div>\n<div class=\"js-injected-html text_UbV5SNP5Eo\"><span dir=\"auto\">Las antenas de estructuraci\u00f3n directa l\u00e1ser (LDS) de alta ganancia garantizan una transmisi\u00f3n de audio estable y libre de interferencias a una distancia de hasta 300 metros. La cancelaci\u00f3n de ruido ambiental minimiza las interferencias de frecuencia para una mayor claridad vocal. El LARK M2 captura audio de 24 bits y 48 kHz con una relaci\u00f3n se\u00f1al\/ruido de 70 dB y un nivel de presi\u00f3n sonora (SPL) de 115 dB.<\/span><\/div>\n<\/div>\n<\/div>\n<div class=\"feature_UbV5SNP5Eo\">\n<div class=\"featureHeader_UbV5SNP5Eo\">\n<div class=\"text_TAw0W35QK_ comfy_TAw0W35QK_ sizeTitle2_TAw0W35QK_ weightNormal_TAw0W35QK_ primary_i3MsQsqoe0\"><span dir=\"auto\">Unidades transmisoras con clip<\/span><\/div>\n<\/div>\n<div>\n<div class=\"js-injected-html text_UbV5SNP5Eo\"><span dir=\"auto\">El transmisor cuenta con un dise\u00f1o de doble protecci\u00f3n contra interferencias gracias a una malla met\u00e1lica que lo protege del polvo y de las interferencias de 2,4 GHz, infrarrojas y de radiofrecuencia (RFI). Fije f\u00e1cilmente el transmisor con su micr\u00f3fono omnidireccional al sujeto que desee mediante la interfaz de montaje magn\u00e9tico incluida o las fundas de silicona para collar. Una hoja de pegatinas le permite personalizar el aspecto de sus transmisores con caras divertidas o cubiertas en blanco y negro, que se colocan sobre el logotipo de Hollyland. Los protectores antiviento de pelo sint\u00e9tico incluidos mejoran la calidad del audio en exteriores.<\/span><\/div>\n<\/div>\n<\/div>\n<div class=\"feature_UbV5SNP5Eo\">\n<div class=\"featureHeader_UbV5SNP5Eo\">\n<div class=\"text_TAw0W35QK_ comfy_TAw0W35QK_ sizeTitle2_TAw0W35QK_ weightNormal_TAw0W35QK_ primary_i3MsQsqoe0\"><span dir=\"auto\">Soporte para c\u00e1mara y receptor enchufable<\/span><\/div>\n<\/div>\n<div>\n<div class=\"js-injected-html text_UbV5SNP5Eo\">\n<ul>\n<li><span dir=\"auto\">La versi\u00f3n combinada del LARK M2 incluye un receptor para montaje en c\u00e1mara y un receptor con conector USB-C.<\/span><\/li>\n<li><span dir=\"auto\">El receptor para c\u00e1mara es de doble canal e incorpora una interfaz de montaje para c\u00e1mara. Un puerto de salida TRS de 3,5 mm graba audio directamente en el dispositivo que elijas. Los controles integrados permiten alternar entre los modos est\u00e9reo y mono, as\u00ed como ajustar el volumen de la grabaci\u00f3n. Los indicadores LED muestran el estado de cada unidad transmisora. Utiliza los cables USB-C y TRS de 3,5 mm incluidos para adaptar los puertos del receptor a una amplia variedad de dispositivos.<\/span><\/li>\n<li><span dir=\"auto\">El receptor enchufable cuenta con un conector USB-C compatible con dispositivos iOS y Android. Se alimenta mediante la conexi\u00f3n a la corriente del dispositivo. Los controles integrados permiten activar o desactivar la cancelaci\u00f3n de ruido y el emparejamiento. Los indicadores LED muestran el estado de cada transmisor.<\/span><\/li>\n<\/ul>\n<\/div>\n<\/div>\n<\/div>\n<div class=\"feature_UbV5SNP5Eo\">\n<div class=\"featureHeader_UbV5SNP5Eo\">\n<div class=\"text_TAw0W35QK_ comfy_TAw0W35QK_ sizeTitle2_TAw0W35QK_ weightNormal_TAw0W35QK_ primary_i3MsQsqoe0\"><span dir=\"auto\">Aplicaci\u00f3n LarkSound<\/span><\/div>\n<\/div>\n<div>\n<div class=\"js-injected-html text_UbV5SNP5Eo\"><span dir=\"auto\">Conecta tu sistema LARK M2 a la aplicaci\u00f3n LarkSound para ajustar par\u00e1metros como el volumen y la cancelaci\u00f3n de ruido, actualizar el firmware o comprobar el estado del audio en tiempo real, todo desde tu smartphone compatible con iOS o Android. Al grabar con tu dispositivo m\u00f3vil, activa la grabaci\u00f3n de v\u00eddeo remota pulsando dos veces el bot\u00f3n integrado del transmisor. Tu smartphone tambi\u00e9n puede reproducir las grabaciones cuando est\u00e1 conectado al receptor sin necesidad de desconectarlo.<\/span><\/div>\n<\/div>\n<\/div>\n<div class=\"feature_UbV5SNP5Eo\">\n<div class=\"featureHeader_UbV5SNP5Eo\">\n<div class=\"text_TAw0W35QK_ comfy_TAw0W35QK_ sizeTitle2_TAw0W35QK_ weightNormal_TAw0W35QK_ primary_i3MsQsqoe0\"><span dir=\"auto\">Bater\u00eda de larga duraci\u00f3n, estuche de carga<\/span><\/div>\n<\/div>\n<div>\n<div class=\"js-injected-html text_UbV5SNP5Eo\">\n<ul>\n<li><span dir=\"auto\">Los transmisores cuentan con una bater\u00eda interna de 90 mAh con una autonom\u00eda de 10 horas. El receptor para c\u00e1mara incorpora una bater\u00eda interna de 145 mAh con una autonom\u00eda de 9 horas. Una vez agotada la bater\u00eda, puede recargar todos los componentes en el estuche de carga incluido en tan solo 2 horas o mediante USB-C en 1,5 horas.<\/span><\/li>\n<li><span dir=\"auto\">El estuche de carga est\u00e1 dise\u00f1ado espec\u00edficamente para alojar el receptor con montura de c\u00e1mara y dos unidades transmisoras. Su bater\u00eda interna de 1950 mAh puede recargar todo el sistema tres veces, ofreciendo una autonom\u00eda total de 40 horas.<\/span><\/li>\n<\/ul>\n<\/div>\n<\/div>\n<\/div>\n","protected":false},"excerpt":{"rendered":"<p>Hollyland LARK M2 2-Person Wireless Mini Combo Microphone System<\/p>\n","protected":false},"featured_media":8379,"template":"","meta":{"om_disable_all_campaigns":false},"pwb-brand":[],"product_brand":[],"product_cat":[77,641],"product_tag":[752],"class_list":{"0":"post-8373","1":"product","2":"type-product","3":"status-publish","4":"has-post-thumbnail","6":"product_cat-hollyland","7":"product_cat-microfonos","8":"product_tag-lark-m2-mini-combo","10":"first","11":"instock","12":"shipping-taxable","13":"product-type-simple"},"aioseo_notices":[],"jetpack_sharing_enabled":true,"brands":[],"_links":{"self":[{"href":"https:\/\/proservice.com.ar\/index.php\/wp-json\/wp\/v2\/product\/8373","targetHints":{"allow":["GET"]}}],"collection":[{"href":"https:\/\/proservice.com.ar\/index.php\/wp-json\/wp\/v2\/product"}],"about":[{"href":"https:\/\/proservice.com.ar\/index.php\/wp-json\/wp\/v2\/types\/product"}],"wp:featuredmedia":[{"embeddable":true,"href":"https:\/\/proservice.com.ar\/index.php\/wp-json\/wp\/v2\/media\/8379"}],"wp:attachment":[{"href":"https:\/\/proservice.com.ar\/index.php\/wp-json\/wp\/v2\/media?parent=8373"}],"wp:term":[{"taxonomy":"pwb-brand","embeddable":true,"href":"https:\/\/proservice.com.ar\/index.php\/wp-json\/wp\/v2\/pwb-brand?post=8373"},{"taxonomy":"product_brand","embeddable":true,"href":"https:\/\/proservice.com.ar\/index.php\/wp-json\/wp\/v2\/product_brand?post=8373"},{"taxonomy":"product_cat","embeddable":true,"href":"https:\/\/proservice.com.ar\/index.php\/wp-json\/wp\/v2\/product_cat?post=8373"},{"taxonomy":"product_tag","embeddable":true,"href":"https:\/\/proservice.com.ar\/index.php\/wp-json\/wp\/v2\/product_tag?post=8373"}],"curies":[{"name":"wp","href":"https:\/\/api.w.org\/{rel}","templated":true}]}}