{"id":8393,"date":"2026-04-20T12:46:44","date_gmt":"2026-04-20T15:46:44","guid":{"rendered":"https:\/\/proservice.com.ar\/?post_type=product&#038;p=8393"},"modified":"2026-04-20T12:49:20","modified_gmt":"2026-04-20T15:49:20","slug":"obsbot-tail-air-ndi","status":"publish","type":"product","link":"https:\/\/proservice.com.ar\/index.php\/product\/obsbot-tail-air-ndi\/","title":{"rendered":"OBSBOT Tail Air AI-Powered PTZ (NDI Activated)"},"content":{"rendered":"<div class=\"title_OMS5rN7R1Z\">\n<div data-selenium=\"sellingPointsTitle\">\n<p><span dir=\"auto\">A\u00f1ada una potente c\u00e1mara de transmisi\u00f3n a su entorno remoto, dom\u00e9stico o de sala de conferencias que le siga por la sala con la\u00a0<\/span><span dir=\"auto\">c\u00e1mara de transmisi\u00f3n PTZ OBSBOT Tail Air con IA y conectividad<\/span><span dir=\"auto\"> NDI . La Tail Air es una c\u00e1mara PTZ inteligente 4K actualizada que ofrece control remoto por software de las funciones de panor\u00e1mica, inclinaci\u00f3n y zoom, as\u00ed como control por gestos y seguimiento autom\u00e1tico.<\/span><span dir=\"auto\">La Tail Air actualiza sus caracter\u00edsticas con respecto a la Tiny 2, incorporando un sensor CMOS de 8 MP de 1\/1,8&#8243; m\u00e1s potente; seguimiento de personas, animales y objetos mediante IA actualizado; control por gestos 2.0 actualizado; salida micro-HDMI; conector de entrada de audio de 3,5 mm; licencia de transmisi\u00f3n NDI|HX3 activada; conectividad Ethernet\/PoE con un adaptador opcional; y un rendimiento de alta calidad en condiciones de poca luz con seguimiento por infrarrojos.<\/span><\/p>\n<\/div>\n<\/div>\n<div data-selenium=\"sellingPointsTitle\"><\/div>\n<div class=\"title_OMS5rN7R1Z\"><\/div>\n<div class=\"title_OMS5rN7R1Z\">\n<div class=\"text_TAw0W35QK_ comfy_TAw0W35QK_ sizeTitle4_TAw0W35QK_ weightBold_TAw0W35QK_ primary_i3MsQsqoe0\" data-selenium=\"sellingPointsTitle\"><strong><span dir=\"auto\">Caracter\u00edsticas principales:<\/span><\/strong><\/div>\n<\/div>\n<ul class=\"list_OMS5rN7R1Z\">\n<li class=\"listItem_OMS5rN7R1Z\" data-selenium=\"sellingPointsListItem\"><span dir=\"auto\">C\u00e1mara PTZ USB 4K compacta con zoom 4x<\/span><\/li>\n<li class=\"listItem_OMS5rN7R1Z\" data-selenium=\"sellingPointsListItem\"><span dir=\"auto\">Sensor CMOS de 1\/1,8&#8243;, giroscopio de 6 ejes, card\u00e1n de 2 ejes.<\/span><\/li>\n<li class=\"listItem_OMS5rN7R1Z\" data-selenium=\"sellingPointsListItem\"><span dir=\"auto\">Seguimiento de sujetos mediante IA, NDI activado<\/span><\/li>\n<li class=\"listItem_OMS5rN7R1Z\" data-selenium=\"sellingPointsListItem\"><span dir=\"auto\">Lente de 8 elementos con apertura f\/1.8<\/span><\/li>\n<li class=\"listItem_OMS5rN7R1Z\" data-selenium=\"sellingPointsListItem\"><span dir=\"auto\">Micr\u00f3fonos MEMS integrados, entrada de micr\u00f3fono, LED de se\u00f1alizaci\u00f3n<\/span><\/li>\n<li class=\"listItem_OMS5rN7R1Z\" data-selenium=\"sellingPointsListItem\"><span dir=\"auto\">Seguimiento de objetivos mediante infrarrojos por tiempo de vuelo<\/span><\/li>\n<li class=\"listItem_OMS5rN7R1Z\" data-selenium=\"sellingPointsListItem\"><span dir=\"auto\">Micr\u00f3fonos omnidireccionales duales<\/span><\/li>\n<li class=\"listItem_OMS5rN7R1Z\" data-selenium=\"sellingPointsListItem\"><span dir=\"auto\">Conexi\u00f3n Wi-Fi, Bluetooth y USB-C<\/span><\/li>\n<li class=\"listItem_OMS5rN7R1Z\" data-selenium=\"sellingPointsListItem\"><span dir=\"auto\">Control con el software gratuito OBSBOT.<\/span><\/li>\n<\/ul>\n","protected":false},"excerpt":{"rendered":"<p>OBSBOT TAIL \u00a0AIR 4K<\/p>\n","protected":false},"featured_media":6483,"template":"","meta":{"om_disable_all_campaigns":false},"pwb-brand":[],"product_brand":[],"product_cat":[15,545],"product_tag":[757,756],"class_list":{"0":"post-8393","1":"product","2":"type-product","3":"status-publish","4":"has-post-thumbnail","6":"product_cat-camera","7":"product_cat-obsbot","8":"product_tag-ndi-activated","9":"product_tag-osb-2108-cwa","11":"first","12":"instock","13":"featured","14":"shipping-taxable","15":"product-type-simple"},"aioseo_notices":[],"jetpack_sharing_enabled":true,"brands":[],"_links":{"self":[{"href":"https:\/\/proservice.com.ar\/index.php\/wp-json\/wp\/v2\/product\/8393","targetHints":{"allow":["GET"]}}],"collection":[{"href":"https:\/\/proservice.com.ar\/index.php\/wp-json\/wp\/v2\/product"}],"about":[{"href":"https:\/\/proservice.com.ar\/index.php\/wp-json\/wp\/v2\/types\/product"}],"wp:featuredmedia":[{"embeddable":true,"href":"https:\/\/proservice.com.ar\/index.php\/wp-json\/wp\/v2\/media\/6483"}],"wp:attachment":[{"href":"https:\/\/proservice.com.ar\/index.php\/wp-json\/wp\/v2\/media?parent=8393"}],"wp:term":[{"taxonomy":"pwb-brand","embeddable":true,"href":"https:\/\/proservice.com.ar\/index.php\/wp-json\/wp\/v2\/pwb-brand?post=8393"},{"taxonomy":"product_brand","embeddable":true,"href":"https:\/\/proservice.com.ar\/index.php\/wp-json\/wp\/v2\/product_brand?post=8393"},{"taxonomy":"product_cat","embeddable":true,"href":"https:\/\/proservice.com.ar\/index.php\/wp-json\/wp\/v2\/product_cat?post=8393"},{"taxonomy":"product_tag","embeddable":true,"href":"https:\/\/proservice.com.ar\/index.php\/wp-json\/wp\/v2\/product_tag?post=8393"}],"curies":[{"name":"wp","href":"https:\/\/api.w.org\/{rel}","templated":true}]}}