{"id":8395,"date":"2025-04-22T09:24:35","date_gmt":"2025-04-22T12:24:35","guid":{"rendered":"https:\/\/proservice.com.ar\/?post_type=product&#038;p=8395"},"modified":"2026-04-22T09:29:02","modified_gmt":"2026-04-22T12:29:02","slug":"hollyland-solidcom-se-pro-9s-9-person-full-duplex-single-ear-headset-intercom-system-1-9-ghz","status":"publish","type":"product","link":"https:\/\/proservice.com.ar\/index.php\/product\/hollyland-solidcom-se-pro-9s-9-person-full-duplex-single-ear-headset-intercom-system-1-9-ghz\/","title":{"rendered":"Hollyland Solidcom SE Pro 9S 9-Person Full-Duplex Single-Ear Headset Intercom System (1.9 GHz)"},"content":{"rendered":"<p>El sistema de intercomunicaci\u00f3n Solidcom SE Pro 9S de Hollyland , con auriculares monoaurales d\u00faplex completo para 9 personas, ofrece a los equipos de producci\u00f3n peque\u00f1os y medianos una soluci\u00f3n de comunicaci\u00f3n potente y rentable. Esta configuraci\u00f3n incluye 1 auricular monoaural principal y 8 auriculares monoaurales remotos. El sistema opera en la frecuencia de 1,9 GHz y cuenta con un dise\u00f1o ligero, cancelaci\u00f3n de ruido ambiental, resistencia al polvo y al viento, y una bater\u00eda de larga duraci\u00f3n, lo que permite a los miembros del equipo colaborar eficazmente en diversos entornos, desde la producci\u00f3n de v\u00eddeo comercial hasta operaciones portuarias. El sistema se puede ampliar con auriculares remotos adicionales para dar cabida a un total de 11 usuarios simult\u00e1neamente.<\/p>\n<p>Comunicaci\u00f3n confiable<br \/>\nLos auriculares Solidcom SE Pro admiten comunicaci\u00f3n d\u00faplex completa, lo que permite a los miembros del equipo comunicarse simult\u00e1neamente y elimina la necesidad de hablar por turnos, ahorrando tiempo valioso y mejorando la eficiencia laboral. El sistema ofrece un alcance inal\u00e1mbrico de hasta 400 metros (1300 pies) en l\u00ednea de visi\u00f3n en la banda de frecuencia de 1,9 GHz, evitando interferencias con dispositivos Wi-Fi y Bluetooth. La tecnolog\u00eda de salto de frecuencia autom\u00e1tico cambia instant\u00e1neamente a una frecuencia libre de interferencias, lo que hace que el sistema de comunicaci\u00f3n sea m\u00e1s estable y fiable.<\/p>\n<p>Doble micr\u00f3fono ENC para un sonido superior<br \/>\nLa avanzada tecnolog\u00eda de cancelaci\u00f3n de ruido ambiental con doble micr\u00f3fono procesa el sonido eliminando el ruido ambiental, asegurando que su voz se escuche alta y clara, incluso en entornos ruidosos. Con una relaci\u00f3n se\u00f1al\/ruido de 71 dB, el Solidcom SE Pro proporciona una comunicaci\u00f3n clara e inteligible para su equipo.<\/p>\n<p>Resistencia al polvo y al agua.<br \/>\nEstos auriculares robustos y duraderos est\u00e1n dise\u00f1ados para resistir el agua y el polvo. La pintura protectora interna protege los componentes del sudor y la humedad. Disfruta de la tranquilidad de saber que el sistema seguir\u00e1 funcionando incluso en condiciones clim\u00e1ticas adversas.<\/p>\n<p>Funcionamiento sin complicaciones<br \/>\nEl Solidcom SE Pro est\u00e1 listo para usar nada m\u00e1s sacarlo de la caja, ya que viene preconfigurado de f\u00e1brica. Su brazo articulado permite controlar de forma intuitiva las funciones de silencio y conversaci\u00f3n en cada auricular. Incluye un puerto de monitorizaci\u00f3n de 3,5 mm para su integraci\u00f3n en configuraciones con cable.<br \/>\nBater\u00eda de larga duraci\u00f3n<br \/>\nEl Solidcom SE Pro incluye 18 bater\u00edas recargables para garantizar un funcionamiento continuo con un tiempo de inactividad m\u00ednimo. Comun\u00edcate con tu equipo hasta 10 horas con el auricular remoto con cancelaci\u00f3n de ruido activada y hasta 5 horas con el auricular principal cuando est\u00e9 conectado a cinco auriculares remotos. Rec\u00e1rgalo en tan solo 3 horas con el cable USB incluido o la estaci\u00f3n de carga de 8 ranuras.<\/p>\n","protected":false},"excerpt":{"rendered":"<p>Hollyland Solidcom SE Pro 9S 9-Person Full-Duplex Single-Ear Headset Intercom System (1.9 GHz)<\/p>\n","protected":false},"featured_media":8397,"template":"","meta":{"om_disable_all_campaigns":false},"pwb-brand":[],"product_brand":[],"product_cat":[77,640],"product_tag":[758],"class_list":{"0":"post-8395","1":"product","2":"type-product","3":"status-publish","4":"has-post-thumbnail","6":"product_cat-hollyland","7":"product_cat-intercom","8":"product_tag-se-pro-9s","10":"first","11":"onpreorder","12":"shipping-taxable","13":"product-type-simple"},"aioseo_notices":[],"jetpack_sharing_enabled":true,"brands":[],"_links":{"self":[{"href":"https:\/\/proservice.com.ar\/index.php\/wp-json\/wp\/v2\/product\/8395","targetHints":{"allow":["GET"]}}],"collection":[{"href":"https:\/\/proservice.com.ar\/index.php\/wp-json\/wp\/v2\/product"}],"about":[{"href":"https:\/\/proservice.com.ar\/index.php\/wp-json\/wp\/v2\/types\/product"}],"wp:featuredmedia":[{"embeddable":true,"href":"https:\/\/proservice.com.ar\/index.php\/wp-json\/wp\/v2\/media\/8397"}],"wp:attachment":[{"href":"https:\/\/proservice.com.ar\/index.php\/wp-json\/wp\/v2\/media?parent=8395"}],"wp:term":[{"taxonomy":"pwb-brand","embeddable":true,"href":"https:\/\/proservice.com.ar\/index.php\/wp-json\/wp\/v2\/pwb-brand?post=8395"},{"taxonomy":"product_brand","embeddable":true,"href":"https:\/\/proservice.com.ar\/index.php\/wp-json\/wp\/v2\/product_brand?post=8395"},{"taxonomy":"product_cat","embeddable":true,"href":"https:\/\/proservice.com.ar\/index.php\/wp-json\/wp\/v2\/product_cat?post=8395"},{"taxonomy":"product_tag","embeddable":true,"href":"https:\/\/proservice.com.ar\/index.php\/wp-json\/wp\/v2\/product_tag?post=8395"}],"curies":[{"name":"wp","href":"https:\/\/api.w.org\/{rel}","templated":true}]}}