{"id":8406,"date":"2026-04-27T16:18:17","date_gmt":"2026-04-27T19:18:17","guid":{"rendered":"https:\/\/proservice.com.ar\/?post_type=product&#038;p=8406"},"modified":"2026-04-27T16:18:26","modified_gmt":"2026-04-27T19:18:26","slug":"obsbot-talent-5-4-touchscreen-hdmi-usb-streaming-recording-monitor","status":"publish","type":"product","link":"https:\/\/proservice.com.ar\/index.php\/product\/obsbot-talent-5-4-touchscreen-hdmi-usb-streaming-recording-monitor\/","title":{"rendered":"OBSBOT Talent 5.4&#8243; Touchscreen HDMI\/USB Streaming Recording Monitor"},"content":{"rendered":"<p>Interfaz vers\u00e1til<br \/>\nLa Talent cuenta con dos puertos HDMI y dos puertos USB-A, que permiten conectar una webcam de la serie Tiny, una c\u00e1mara PTZ Tail Air, una videoc\u00e1mara, un ordenador u otros dispositivos compatibles. Los puertos HDMI admiten v\u00eddeo UHD\/DCI 4K, mientras que los puertos USB-A admiten v\u00eddeo hasta 1080p. Monitoriza el audio mediante el puerto de salida de 3,5 mm y conecta un micr\u00f3fono o una mesa de mezclas mediante el puerto de entrada de 3,5 mm.<br \/>\nConectividad inal\u00e1mbrica<br \/>\nCon\u00e9ctate a una red inal\u00e1mbrica para transmitir en directo a redes sociales mediante el puerto Ethernet o la conexi\u00f3n Wi-Fi de doble banda y Bluetooth 5.0 integradas. El monitor tambi\u00e9n es compatible con los protocolos de transmisi\u00f3n NDI, SRT y RTMP para conectarse a plataformas como YouTube y Twitch. Adem\u00e1s, puedes conectar un adaptador de red a uno de los puertos USB-A del monitor.<br \/>\nDisparo con dispositivo de un solo clic<br \/>\nMediante la conexi\u00f3n NDI, puede grabar simult\u00e1neamente con hasta tres unidades OBSBOT Tail Air sin necesidad de activar o desactivar la grabaci\u00f3n en cada dispositivo individualmente. Conecte la unidad Tail Air y la aplicaci\u00f3n OBSBOT Live al presentador mediante el control remoto inteligente Tail Air.<br \/>\nGrabaci\u00f3n ISO, codificaci\u00f3n de v\u00eddeo H.264\/265<br \/>\nGrabe simult\u00e1neamente una se\u00f1al de v\u00eddeo con texto y una se\u00f1al sin texto, con c\u00f3digo de tiempo y marcas de c\u00e1mara sincronizados, para obtener flujos de trabajo de postproducci\u00f3n m\u00e1s flexibles y precisos.<br \/>\nCrea v\u00eddeos con mayor velocidad utilizando un menor ancho de banda y tasas de bits con los c\u00f3decs H.264 y H.265.<\/p>\n<p>Edici\u00f3n integrada y controles creativos<br \/>\nRecorte de v\u00eddeo: mejora el enfoque, la composici\u00f3n y ajusta la relaci\u00f3n de aspecto.<br \/>\nClave de croma: a\u00f1ade fondos u otros efectos pr\u00e1cticos.<br \/>\nMezclador de audio: hace que todas las entradas de audio sean visibles y f\u00e1ciles de controlar, permite seleccionar y gestionar r\u00e1pidamente una reproducci\u00f3n de sonido precisa.<br \/>\nImagen en imagen: vista m\u00faltiple, todo en una sola imagen, insertar otra fuente, v\u00eddeo externo u otras superposiciones.<br \/>\nMarcador integrado: marcador personalizable, cambia colores\/logotipos de equipos\/banderas\/fuentes<br \/>\nTemporizador de cuenta regresiva\/Logotipos: variedad de gr\u00e1ficos y elementos integrados como logotipos, tercios inferiores y temporizadores de cuenta regresiva.<br \/>\nGr\u00e1ficos HTML en vivo: agregue r\u00e1pidamente superposiciones gr\u00e1ficas.<br \/>\nRanura para tarjeta SD<br \/>\nImporta v\u00eddeos externos, gr\u00e1ficos o archivos PDF a Talent para insertarlos en tu transmisi\u00f3n en directo mediante la ranura para tarjeta SD. Tambi\u00e9n puedes grabar directamente tu transmisi\u00f3n en directo en la tarjeta SD para su almacenamiento.<\/p>\n<p>M\u00faltiples opciones de control<br \/>\nControla al presentador mediante la pantalla t\u00e1ctil, el mando a distancia inteligente Tail Air, un navegador web o la aplicaci\u00f3n multic\u00e1mara Live en tu dispositivo m\u00f3vil o tableta compatible.<\/p>\n<p>Interfaz de control simult\u00e1neo<br \/>\nPara ecosistemas de control m\u00e1s complejos con m\u00faltiples dispositivos conmutables, como eventos en vivo, servicios religiosos u otras exhibiciones, Talent permite conectar varios dispositivos de control para que los miembros del equipo interact\u00faen correctamente con el sistema. Cada miembro puede conmutar, controlar, gestionar y mezclar audio de forma independiente. La conectividad Ethernet permite realizar estas tareas desde diferentes ubicaciones.<br \/>\nOpciones de energ\u00eda<br \/>\nEl dispositivo Talent puede alimentarse mediante el puerto de alimentaci\u00f3n integrado o las dos ranuras para bater\u00edas NP-F en el panel posterior. Ambas ranuras permiten el intercambio en caliente, lo que facilita la sustituci\u00f3n de la fuente de alimentaci\u00f3n sin interrumpir la transmisi\u00f3n.<\/p>\n","protected":false},"excerpt":{"rendered":"<p>OBSBOT Talent 5.4&#8243;<\/p>\n","protected":false},"featured_media":8412,"template":"","meta":{"om_disable_all_campaigns":false},"pwb-brand":[],"product_brand":[],"product_cat":[63,545],"product_tag":[761],"class_list":{"0":"post-8406","1":"product","2":"type-product","3":"status-publish","4":"has-post-thumbnail","6":"product_cat-monitors-multiview","7":"product_cat-obsbot","8":"product_tag-obsbot-talent","10":"first","11":"outofstock","12":"shipping-taxable","13":"product-type-simple"},"aioseo_notices":[],"jetpack_sharing_enabled":true,"brands":[],"_links":{"self":[{"href":"https:\/\/proservice.com.ar\/index.php\/wp-json\/wp\/v2\/product\/8406","targetHints":{"allow":["GET"]}}],"collection":[{"href":"https:\/\/proservice.com.ar\/index.php\/wp-json\/wp\/v2\/product"}],"about":[{"href":"https:\/\/proservice.com.ar\/index.php\/wp-json\/wp\/v2\/types\/product"}],"wp:featuredmedia":[{"embeddable":true,"href":"https:\/\/proservice.com.ar\/index.php\/wp-json\/wp\/v2\/media\/8412"}],"wp:attachment":[{"href":"https:\/\/proservice.com.ar\/index.php\/wp-json\/wp\/v2\/media?parent=8406"}],"wp:term":[{"taxonomy":"pwb-brand","embeddable":true,"href":"https:\/\/proservice.com.ar\/index.php\/wp-json\/wp\/v2\/pwb-brand?post=8406"},{"taxonomy":"product_brand","embeddable":true,"href":"https:\/\/proservice.com.ar\/index.php\/wp-json\/wp\/v2\/product_brand?post=8406"},{"taxonomy":"product_cat","embeddable":true,"href":"https:\/\/proservice.com.ar\/index.php\/wp-json\/wp\/v2\/product_cat?post=8406"},{"taxonomy":"product_tag","embeddable":true,"href":"https:\/\/proservice.com.ar\/index.php\/wp-json\/wp\/v2\/product_tag?post=8406"}],"curies":[{"name":"wp","href":"https:\/\/api.w.org\/{rel}","templated":true}]}}