{"id":8415,"date":"2026-04-27T16:23:02","date_gmt":"2026-04-27T19:23:02","guid":{"rendered":"https:\/\/proservice.com.ar\/?post_type=product&#038;p=8415"},"modified":"2026-04-27T16:23:03","modified_gmt":"2026-04-27T19:23:03","slug":"obsbot-tiny-3-lite-ai-powered-ptz-4k-webcam","status":"publish","type":"product","link":"https:\/\/proservice.com.ar\/index.php\/product\/obsbot-tiny-3-lite-ai-powered-ptz-4k-webcam\/","title":{"rendered":"OBSBOT Tiny 3 Lite AI-Powered PTZ 4K Webcam"},"content":{"rendered":"<p>Disfruta de libertad y una imagen n\u00edtida durante tus presentaciones con la c\u00e1mara web PTZ 4K con IA OBSBOT Tiny 3 Lite . Actualizada con soporte de audio espacial para mayor realismo, esta c\u00e1mara web inteligente 4K te sigue mientras te mueves en tu casa o sala de reuniones, gracias al reconocimiento autom\u00e1tico de sujetos, que adem\u00e1s ofrece control por gestos y voz para el seguimiento y el zoom.<\/p>\n<p>Con un sensor de imagen CMOS de 48 MP y 1\/2&#8243;, la Tiny 3 Lite puede grabar v\u00eddeo UHD 4K a 30 fps con soporte HDR, lo que le permite adaptarse a una amplia gama de condiciones de iluminaci\u00f3n. Tambi\u00e9n puede cambiar al modo Full HD a 120 fps para capturar acciones r\u00e1pidas. Adem\u00e1s, puede elegir entre una relaci\u00f3n de aspecto de 16:9 para un campo de visi\u00f3n diagonal de 72\u00b0 o 4:3 con un campo de visi\u00f3n de 79,1\u00b0. Gracias a su sistema de micr\u00f3fono direccional inteligente, compuesto por un micr\u00f3fono omnidireccional y dos direccionales, puede configurar diversos ajustes de audio para reuniones personales y grupales. El conector USB-C 2.0 y el adaptador de cable USB-A facilitan la conexi\u00f3n de la webcam a su ordenador Windows o Mac, donde podr\u00e1 usar el software gratuito OBSBOT para configurarla y gestionarla. Utilice el soporte integrado para colocar la Tiny 3 Lite sobre su monitor o tr\u00edpode.<\/p>\n<p>Modos de audio<br \/>\nExcepto en el modo Pure Audio, todos los modos incorporan ganancia autom\u00e1tica y reducci\u00f3n de ruido mediante IA. El modo Smart Omni solo es compatible cuando se activa el v\u00eddeo Full HD 1080p a 120 fps.<\/p>\n<p>Modo de audio puro: Salida independiente para los canales izquierdo y derecho, con se\u00f1ales de audio procesadas sin ninguna modificaci\u00f3n.<br \/>\nModo de audio espacial: Salida independiente para los canales izquierdo y derecho, lo que mejora la localizaci\u00f3n espacial del sonido y crea una sensaci\u00f3n envolvente mediante la reducci\u00f3n de ruido por IA y la tecnolog\u00eda de ganancia din\u00e1mica.<br \/>\nModo Omni Inteligente: Captura uniformemente los sonidos desde todas las direcciones, equilibra de forma inteligente las voces humanas y los sonidos ambientales, siendo adecuado para situaciones como reuniones con varias personas y grabaci\u00f3n de sonidos ambientales.<br \/>\nModo direccional: Captura con precisi\u00f3n los sonidos que provienen directamente del frente, suprime autom\u00e1ticamente las voces humanas circundantes y el ruido ambiental, lo que garantiza que el habla en reuniones o transmisiones en vivo sea m\u00e1s n\u00edtida.<br \/>\nModo bidireccional: Captura con precisi\u00f3n los sonidos provenientes de la parte frontal y posterior, filtra autom\u00e1ticamente los sonidos de ambos lados, lo que resulta adecuado para situaciones como entrevistas cara a cara.<br \/>\nV\u00eddeo 4K<br \/>\nGracias a la combinaci\u00f3n del sensor CMOS de 1\/1.2&#8243; y la tecnolog\u00eda de calibraci\u00f3n de c\u00e1mara OBSBOT, la Tiny 3 Lite ofrece detalles m\u00e1s n\u00edtidos con un alto rango din\u00e1mico y colores naturales. La c\u00e1mara se puede configurar para una resoluci\u00f3n UHD 4K30 con audio espacial o 1080p120 con audio omnidireccional para capturar con fluidez acciones r\u00e1pidas.<br \/>\nTonos aut\u00e9nticos en cualquier luz.<br \/>\nLa Tiny 3 Lite utiliza un procesador de se\u00f1al de imagen con IA avanzado para analizar la luz y el contraste del entorno en tiempo real. Adem\u00e1s, ajusta de forma inteligente el tono de piel y la precisi\u00f3n del color para garantizar una mayor nitidez visual.<br \/>\nPDAF<br \/>\nEl sistema PDAF mantiene tanto al usuario como a los objetos enfocados en diversas condiciones de iluminaci\u00f3n.<br \/>\nFidelidad de nivel profesional<br \/>\nMejora tus presentaciones con audio de 24 bits y 48 kHz. El Tiny 3 Lite est\u00e1 dise\u00f1ado para aislar tu voz de forma inteligente y filtrar el ruido de fondo.<br \/>\nControl por voz y gestos<br \/>\nControla la Tiny 3 Lite solo con tu voz, incluso con las manos ocupadas. Puedes activar o desactivar el seguimiento de usuario, ajustar el zoom, cambiar entre diferentes posiciones predefinidas y configurar la c\u00e1mara web en modo de activaci\u00f3n o suspensi\u00f3n. Tambi\u00e9n puedes usar el control por gestos para evitar interrumpir tu presentaci\u00f3n mientras ajustas el zoom y seleccionas el objetivo de seguimiento.<br \/>\nPrivacidad<br \/>\nCuando no est\u00e9 en uso, la Tiny 3 Lite puede ponerse en modo de suspensi\u00f3n con la c\u00e1mara inclinada hacia abajo al salir de la c\u00e1mara.<\/p>\n","protected":false},"excerpt":{"rendered":"<p>OBSBOT Tiny 3 Lite AI-Powered PTZ 4K Webcam<\/p>\n","protected":false},"featured_media":8418,"template":"","meta":{"om_disable_all_campaigns":false},"pwb-brand":[],"product_brand":[],"product_cat":[15,545],"product_tag":[762],"class_list":{"0":"post-8415","1":"product","2":"type-product","3":"status-publish","4":"has-post-thumbnail","6":"product_cat-camera","7":"product_cat-obsbot","8":"product_tag-obsbot-tiny-3-lite","10":"first","11":"instock","12":"shipping-taxable","13":"product-type-simple"},"aioseo_notices":[],"jetpack_sharing_enabled":true,"brands":[],"_links":{"self":[{"href":"https:\/\/proservice.com.ar\/index.php\/wp-json\/wp\/v2\/product\/8415","targetHints":{"allow":["GET"]}}],"collection":[{"href":"https:\/\/proservice.com.ar\/index.php\/wp-json\/wp\/v2\/product"}],"about":[{"href":"https:\/\/proservice.com.ar\/index.php\/wp-json\/wp\/v2\/types\/product"}],"wp:featuredmedia":[{"embeddable":true,"href":"https:\/\/proservice.com.ar\/index.php\/wp-json\/wp\/v2\/media\/8418"}],"wp:attachment":[{"href":"https:\/\/proservice.com.ar\/index.php\/wp-json\/wp\/v2\/media?parent=8415"}],"wp:term":[{"taxonomy":"pwb-brand","embeddable":true,"href":"https:\/\/proservice.com.ar\/index.php\/wp-json\/wp\/v2\/pwb-brand?post=8415"},{"taxonomy":"product_brand","embeddable":true,"href":"https:\/\/proservice.com.ar\/index.php\/wp-json\/wp\/v2\/product_brand?post=8415"},{"taxonomy":"product_cat","embeddable":true,"href":"https:\/\/proservice.com.ar\/index.php\/wp-json\/wp\/v2\/product_cat?post=8415"},{"taxonomy":"product_tag","embeddable":true,"href":"https:\/\/proservice.com.ar\/index.php\/wp-json\/wp\/v2\/product_tag?post=8415"}],"curies":[{"name":"wp","href":"https:\/\/api.w.org\/{rel}","templated":true}]}}